{"id":2143,"date":"2022-01-31T21:59:46","date_gmt":"2022-01-31T21:59:46","guid":{"rendered":"https:\/\/www.villacapelvenere.it\/?page_id=2143"},"modified":"2023-01-13T16:26:42","modified_gmt":"2023-01-13T16:26:42","slug":"parco-museo-sabba-frisca","status":"publish","type":"page","link":"https:\/\/www.villacapelvenere.it\/fr\/parco-museo-sabba-frisca\/","title":{"rendered":"Parco Museo S&rsquo;Abba Frisca"},"content":{"rendered":"<div class=\"wp-block-image\">\n<figure class=\"aligncenter size-large is-resized\"><img loading=\"lazy\" decoding=\"async\" src=\"https:\/\/www.villacapelvenere.it\/wp-content\/uploads\/2022\/02\/Marchio-a-colori-977x1024.png\" alt=\"\" class=\"wp-image-539\" width=\"161\" height=\"169\" srcset=\"https:\/\/www.villacapelvenere.it\/wp-content\/uploads\/2022\/02\/Marchio-a-colori-977x1024.png 977w, https:\/\/www.villacapelvenere.it\/wp-content\/uploads\/2022\/02\/Marchio-a-colori-286x300.png 286w, https:\/\/www.villacapelvenere.it\/wp-content\/uploads\/2022\/02\/Marchio-a-colori-768x805.png 768w, https:\/\/www.villacapelvenere.it\/wp-content\/uploads\/2022\/02\/Marchio-a-colori-1466x1536.png 1466w, https:\/\/www.villacapelvenere.it\/wp-content\/uploads\/2022\/02\/Marchio-a-colori-590x618.png 590w, https:\/\/www.villacapelvenere.it\/wp-content\/uploads\/2022\/02\/Marchio-a-colori.png 1500w\" sizes=\"auto, (max-width: 161px) 100vw, 161px\" \/><\/figure>\n<\/div>\n\n\n<p class=\"has-text-align-center\">Les traditions, les savoirs, les saveurs, les sons et les parfums de la culture \u00ab barbaricina \u00bb (la culture de la Barbagia, la r\u00e9gion centrale de la Sardaigne) nich\u00e9s dans un \u00e9crin de verdure, une combinaison de nature et d\u2019ethnographie. D\u00e9couvrez les avantages pour ceux qui logent \u00e0 la Villa Capelvenere<\/p>\n\n\n\n<p><\/p>\n\n\n\n<div class=\"wp-block-getwid-section alignfull alignfull getwid-section-content-custom-width\"><div class=\"wp-block-getwid-section__wrapper getwid-padding-left-medium getwid-padding-right-medium\"><div class=\"wp-block-getwid-section__inner-wrapper\" style=\"max-width:1140px\"><div class=\"wp-block-getwid-section__background-holder\"><div class=\"wp-block-getwid-section__background\"><\/div><div class=\"wp-block-getwid-section__foreground\"><\/div><\/div><div class=\"wp-block-getwid-section__content\"><div class=\"wp-block-getwid-section__inner-content\">\n<div class=\"wp-block-columns has-2-columns are-vertically-aligned-center is-layout-flex wp-container-core-columns-is-layout-9d6595d7 wp-block-columns-is-layout-flex\">\n<div class=\"wp-block-column is-vertically-aligned-center is-layout-flow wp-block-column-is-layout-flow\">\n<figure class=\"wp-block-image size-large\"><img loading=\"lazy\" decoding=\"async\" width=\"684\" height=\"1024\" src=\"https:\/\/www.villacapelvenere.it\/wp-content\/uploads\/2022\/01\/48-DSC07337-684x1024.jpg\" alt=\"\" class=\"wp-image-530\" srcset=\"https:\/\/www.villacapelvenere.it\/wp-content\/uploads\/2022\/01\/48-DSC07337-684x1024.jpg 684w, https:\/\/www.villacapelvenere.it\/wp-content\/uploads\/2022\/01\/48-DSC07337-200x300.jpg 200w, https:\/\/www.villacapelvenere.it\/wp-content\/uploads\/2022\/01\/48-DSC07337-768x1151.jpg 768w, https:\/\/www.villacapelvenere.it\/wp-content\/uploads\/2022\/01\/48-DSC07337-1025x1536.jpg 1025w, https:\/\/www.villacapelvenere.it\/wp-content\/uploads\/2022\/01\/48-DSC07337-413x618.jpg 413w, https:\/\/www.villacapelvenere.it\/wp-content\/uploads\/2022\/01\/48-DSC07337.jpg 1367w\" sizes=\"auto, (max-width: 684px) 100vw, 684px\" \/><\/figure>\n<\/div>\n\n\n\n<div class=\"wp-block-column is-vertically-aligned-center is-layout-flow wp-block-column-is-layout-flow\">\n<div class=\"wp-block-getwid-section\"><div class=\"wp-block-getwid-section__wrapper getwid-padding-top-none getwid-padding-bottom-none getwid-padding-left-medium getwid-padding-right-none getwid-padding-mobile-left-none\"><div class=\"wp-block-getwid-section__inner-wrapper\"><div class=\"wp-block-getwid-section__background-holder\"><div class=\"wp-block-getwid-section__background\"><\/div><div class=\"wp-block-getwid-section__foreground\"><\/div><\/div><div class=\"wp-block-getwid-section__content\"><div class=\"wp-block-getwid-section__inner-content\">\n<p>L\u2019itin\u00e9raire du parc-mus\u00e9e est n\u00e9 de la valorisation et de la restauration d\u2019une ancienne ferme agricole et serpente sur 400 m\u00e8tres parmi les all\u00e9es de m\u00e9galithes, les arbres s\u00e9culaires et les haies de maquis m\u00e9diterran\u00e9en. L\u2019\u00e9l\u00e9ment dominant est l\u2019eau : en plus de donner son nom au parc, la source S\u2019Abba Frisca alimente des fontaines, des cascades, des jets ainsi qu\u2019un \u00e9tang.<\/p>\n\n\n\n<p><\/p>\n\n\n\n<div class=\"wp-block-buttons is-layout-flex wp-block-buttons-is-layout-flex\">\n<div class=\"wp-block-button\"><a class=\"wp-block-button__link wp-element-button\" href=\"https:\/\/www.sabbafrisca.com\/fr\/\">\u00c9comus\u00e9e en Sardeigne<\/a><\/div>\n<\/div>\n<\/div><\/div><\/div><\/div><\/div>\n<\/div>\n<\/div>\n<\/div><\/div><\/div><\/div><\/div>\n\n\n\n<div class=\"wp-block-getwid-section alignfull alignfull getwid-section-content-custom-width\"><div class=\"wp-block-getwid-section__wrapper getwid-padding-left-medium getwid-padding-right-medium\"><div class=\"wp-block-getwid-section__inner-wrapper\" style=\"max-width:1140px\"><div class=\"wp-block-getwid-section__background-holder\"><div class=\"wp-block-getwid-section__background\"><\/div><div class=\"wp-block-getwid-section__foreground\"><\/div><\/div><div class=\"wp-block-getwid-section__content\"><div class=\"wp-block-getwid-section__inner-content\">\n<div class=\"wp-block-columns has-2-columns are-vertically-aligned-center is-layout-flex wp-container-core-columns-is-layout-9d6595d7 wp-block-columns-is-layout-flex\">\n<div class=\"wp-block-column is-vertically-aligned-center is-layout-flow wp-block-column-is-layout-flow\">\n<figure class=\"wp-block-image size-large\"><img loading=\"lazy\" decoding=\"async\" width=\"683\" height=\"1024\" src=\"https:\/\/www.villacapelvenere.it\/wp-content\/uploads\/2022\/01\/MG_8760-CopiaFotoaAlessandroSpanu-683x1024.jpg\" alt=\"\" class=\"wp-image-529\" srcset=\"https:\/\/www.villacapelvenere.it\/wp-content\/uploads\/2022\/01\/MG_8760-CopiaFotoaAlessandroSpanu-683x1024.jpg 683w, https:\/\/www.villacapelvenere.it\/wp-content\/uploads\/2022\/01\/MG_8760-CopiaFotoaAlessandroSpanu-200x300.jpg 200w, https:\/\/www.villacapelvenere.it\/wp-content\/uploads\/2022\/01\/MG_8760-CopiaFotoaAlessandroSpanu-768x1152.jpg 768w, https:\/\/www.villacapelvenere.it\/wp-content\/uploads\/2022\/01\/MG_8760-CopiaFotoaAlessandroSpanu-1024x1536.jpg 1024w, https:\/\/www.villacapelvenere.it\/wp-content\/uploads\/2022\/01\/MG_8760-CopiaFotoaAlessandroSpanu-1365x2048.jpg 1365w, https:\/\/www.villacapelvenere.it\/wp-content\/uploads\/2022\/01\/MG_8760-CopiaFotoaAlessandroSpanu-2000x3000.jpg 2000w, https:\/\/www.villacapelvenere.it\/wp-content\/uploads\/2022\/01\/MG_8760-CopiaFotoaAlessandroSpanu-412x618.jpg 412w, https:\/\/www.villacapelvenere.it\/wp-content\/uploads\/2022\/01\/MG_8760-CopiaFotoaAlessandroSpanu-scaled.jpg 1707w\" sizes=\"auto, (max-width: 683px) 100vw, 683px\" \/><\/figure>\n<\/div>\n\n\n\n<div class=\"wp-block-column is-vertically-aligned-center is-layout-flow wp-block-column-is-layout-flow\">\n<div class=\"wp-block-getwid-section\"><div class=\"wp-block-getwid-section__wrapper getwid-padding-top-none getwid-padding-bottom-none getwid-padding-left-medium getwid-padding-right-none getwid-padding-mobile-left-none\"><div class=\"wp-block-getwid-section__inner-wrapper\"><div class=\"wp-block-getwid-section__background-holder\"><div class=\"wp-block-getwid-section__background\"><\/div><div class=\"wp-block-getwid-section__foreground\"><\/div><\/div><div class=\"wp-block-getwid-section__content\"><div class=\"wp-block-getwid-section__inner-content\">\n<p>\u00c0 l\u2019int\u00e9rieur du parc, l\u2019ancienne ferme est d\u00e9sormais le mus\u00e9e ethnographique le plus grand de Sardaigne qui donne un tableau de vie rurale du XVIIe jusqu\u2019au d\u00e9but du XXe si\u00e8cle. Le parc abrite une petite ferme avec des animaux domestiques et sauvages. L\u2019\u00e9t\u00e9, aux dates pr\u00e9d\u00e9finies ou sur r\u00e9servation, il est possible d\u2019assister aux d\u00e9monstrations d\u2019arts et m\u00e9tiers avec le \u00ab Mus\u00e9e Vivant \u00bb. Parmi les activit\u00e9s propos\u00e9es : la cuisson du pain carasau, la mouture du bl\u00e9, le travail du filigrane et bien d\u2019autres encore. Le parc-mus\u00e9e S\u2019Abba Frisca constitue l\u2019une des principales attractions de Cala Gonone et Dorgali ; situ\u00e9 \u00e0 5 km de leur centre-ville, il retrace l\u2019histoire de la Sardaigne \u00e0 travers un parcours qui plaira aux familles.<\/p>\n\n\n\n<div class=\"wp-block-getwid-advanced-spacer\" style=\"height:10px\" aria-hidden=\"true\"><\/div>\n<\/div><\/div><\/div><\/div><\/div>\n<\/div>\n<\/div>\n<\/div><\/div><\/div><\/div><\/div>\n\n\n\n<div class=\"wp-block-getwid-section alignfull alignfull getwid-section-content-custom-width\"><div class=\"wp-block-getwid-section__wrapper getwid-padding-left-medium getwid-padding-right-medium\"><div class=\"wp-block-getwid-section__inner-wrapper\" style=\"max-width:1140px\"><div class=\"wp-block-getwid-section__background-holder\"><div class=\"wp-block-getwid-section__background\"><\/div><div class=\"wp-block-getwid-section__foreground\"><\/div><\/div><div class=\"wp-block-getwid-section__content\"><div class=\"wp-block-getwid-section__inner-content\">\n<div class=\"wp-block-columns has-2-columns are-vertically-aligned-center is-layout-flex wp-container-core-columns-is-layout-9d6595d7 wp-block-columns-is-layout-flex\">\n<div class=\"wp-block-column is-vertically-aligned-center is-layout-flow wp-block-column-is-layout-flow\">\n<figure class=\"wp-block-image size-large\"><img loading=\"lazy\" decoding=\"async\" width=\"683\" height=\"1024\" src=\"https:\/\/www.villacapelvenere.it\/wp-content\/uploads\/2022\/02\/area-nuova-cinghiali-e-pavoniIMG_1172-683x1024.jpg\" alt=\"\" class=\"wp-image-544\" srcset=\"https:\/\/www.villacapelvenere.it\/wp-content\/uploads\/2022\/02\/area-nuova-cinghiali-e-pavoniIMG_1172-683x1024.jpg 683w, https:\/\/www.villacapelvenere.it\/wp-content\/uploads\/2022\/02\/area-nuova-cinghiali-e-pavoniIMG_1172-200x300.jpg 200w, https:\/\/www.villacapelvenere.it\/wp-content\/uploads\/2022\/02\/area-nuova-cinghiali-e-pavoniIMG_1172-768x1152.jpg 768w, https:\/\/www.villacapelvenere.it\/wp-content\/uploads\/2022\/02\/area-nuova-cinghiali-e-pavoniIMG_1172-1024x1536.jpg 1024w, https:\/\/www.villacapelvenere.it\/wp-content\/uploads\/2022\/02\/area-nuova-cinghiali-e-pavoniIMG_1172-1365x2048.jpg 1365w, https:\/\/www.villacapelvenere.it\/wp-content\/uploads\/2022\/02\/area-nuova-cinghiali-e-pavoniIMG_1172-2000x3000.jpg 2000w, https:\/\/www.villacapelvenere.it\/wp-content\/uploads\/2022\/02\/area-nuova-cinghiali-e-pavoniIMG_1172-412x618.jpg 412w, https:\/\/www.villacapelvenere.it\/wp-content\/uploads\/2022\/02\/area-nuova-cinghiali-e-pavoniIMG_1172-scaled.jpg 1707w\" sizes=\"auto, (max-width: 683px) 100vw, 683px\" \/><\/figure>\n<\/div>\n\n\n\n<div class=\"wp-block-column is-vertically-aligned-center is-layout-flow wp-block-column-is-layout-flow\">\n<div class=\"wp-block-getwid-section\"><div class=\"wp-block-getwid-section__wrapper getwid-padding-top-none getwid-padding-bottom-none getwid-padding-left-medium getwid-padding-right-none getwid-padding-mobile-left-none\"><div class=\"wp-block-getwid-section__inner-wrapper\"><div class=\"wp-block-getwid-section__background-holder\"><div class=\"wp-block-getwid-section__background\"><\/div><div class=\"wp-block-getwid-section__foreground\"><\/div><\/div><div class=\"wp-block-getwid-section__content\"><div class=\"wp-block-getwid-section__inner-content\">\n<p>La Villa Capelvenere est le logement parfait pour l\u2019excursion au Monte Irv\u00e8ri.<br>Les avantages pour ceux qui s\u00e9journent \u00e0 la Villa Capelvenere<br>Pendant les heures de fermeture du parc-mus\u00e9e, les h\u00f4tes de la Villa Capelvenere, selon des horaires \u00e9tablis, pourront acc\u00e9der gratuitement \u00e0 la zone d\u00e9di\u00e9e \u00e0 la ferme, r\u00e9colter les oeufs du poulailler et les produits du potager.<br>Pour ceux qui logent \u00e0 la Villa Capelvenere, une remise de 10 % est pr\u00e9vue sur le billet d\u2019entr\u00e9e et visite guid\u00e9e du parc-mus\u00e9e entier.<\/p>\n\n\n\n<div class=\"wp-block-getwid-advanced-spacer\" style=\"height:10px\" aria-hidden=\"true\"><\/div>\n\n\n\n<div class=\"wp-block-button\"><a class=\"wp-block-button__link wp-element-button\" href=\"https:\/\/www.villacapelvenere.it\/fr\/\">villa en Cala Gonone<\/a><\/div>\n<\/div><\/div><\/div><\/div><\/div>\n<\/div>\n<\/div>\n<\/div><\/div><\/div><\/div><\/div>\n","protected":false},"excerpt":{"rendered":"<p>Les traditions, les savoirs, les saveurs, les sons et les parfums de la culture \u00ab barbaricina \u00bb (la culture de la Barbagia, la r\u00e9gion centrale de la Sardaigne) nich\u00e9s dans un \u00e9crin de verdure, une combinaison de nature et d\u2019ethnographie. D\u00e9couvrez les avantages pour ceux qui logent \u00e0 la Villa Capelvenere<\/p>\n","protected":false},"author":1,"featured_media":751,"parent":0,"menu_order":0,"comment_status":"closed","ping_status":"closed","template":"","meta":{"footnotes":""},"class_list":["post-2143","page","type-page","status-publish","has-post-thumbnail","hentry"],"yoast_head":"<!-- This site is optimized with the Yoast SEO plugin v19.10 - https:\/\/yoast.com\/wordpress\/plugins\/seo\/ -->\n<title>Parco Museo S&#039;Abba Frisca - Villa Capelvenere<\/title>\n<meta name=\"robots\" content=\"index, follow, max-snippet:-1, max-image-preview:large, max-video-preview:-1\" \/>\n<link rel=\"canonical\" href=\"https:\/\/www.villacapelvenere.it\/fr\/parco-museo-sabba-frisca\/\" \/>\n<meta property=\"og:locale\" content=\"fr_FR\" \/>\n<meta property=\"og:type\" content=\"article\" \/>\n<meta property=\"og:title\" content=\"Parco Museo S&#039;Abba Frisca - Villa Capelvenere\" \/>\n<meta property=\"og:description\" content=\"Les traditions, les savoirs, les saveurs, les sons et les parfums de la culture \u00ab barbaricina \u00bb (la culture de la Barbagia, la r\u00e9gion centrale de la Sardaigne) nich\u00e9s dans un \u00e9crin de verdure, une combinaison de nature et d\u2019ethnographie. D\u00e9couvrez les avantages pour ceux qui logent \u00e0 la Villa Capelvenere\" \/>\n<meta property=\"og:url\" content=\"https:\/\/www.villacapelvenere.it\/fr\/parco-museo-sabba-frisca\/\" \/>\n<meta property=\"og:site_name\" content=\"Villa Capelvenere\" \/>\n<meta property=\"article:publisher\" content=\"https:\/\/www.facebook.com\/profile.php?id=100083372910744\" \/>\n<meta property=\"article:modified_time\" content=\"2023-01-13T16:26:42+00:00\" \/>\n<meta property=\"og:image\" content=\"https:\/\/www.villacapelvenere.it\/wp-content\/uploads\/2022\/01\/MG_8208-1-scaled.jpg\" \/>\n\t<meta property=\"og:image:width\" content=\"2560\" \/>\n\t<meta property=\"og:image:height\" content=\"1707\" \/>\n\t<meta property=\"og:image:type\" content=\"image\/jpeg\" \/>\n<meta name=\"twitter:card\" content=\"summary_large_image\" \/>\n<meta name=\"twitter:label1\" content=\"Dur\u00e9e de lecture estim\u00e9e\" \/>\n\t<meta name=\"twitter:data1\" content=\"3 minutes\" \/>\n<script type=\"application\/ld+json\" class=\"yoast-schema-graph\">{\"@context\":\"https:\/\/schema.org\",\"@graph\":[{\"@type\":\"WebPage\",\"@id\":\"https:\/\/www.villacapelvenere.it\/fr\/parco-museo-sabba-frisca\/\",\"url\":\"https:\/\/www.villacapelvenere.it\/fr\/parco-museo-sabba-frisca\/\",\"name\":\"Parco Museo S'Abba Frisca - Villa Capelvenere\",\"isPartOf\":{\"@id\":\"https:\/\/www.villacapelvenere.it\/#website\"},\"datePublished\":\"2022-01-31T21:59:46+00:00\",\"dateModified\":\"2023-01-13T16:26:42+00:00\",\"breadcrumb\":{\"@id\":\"https:\/\/www.villacapelvenere.it\/fr\/parco-museo-sabba-frisca\/#breadcrumb\"},\"inLanguage\":\"fr-FR\",\"potentialAction\":[{\"@type\":\"ReadAction\",\"target\":[\"https:\/\/www.villacapelvenere.it\/fr\/parco-museo-sabba-frisca\/\"]}]},{\"@type\":\"BreadcrumbList\",\"@id\":\"https:\/\/www.villacapelvenere.it\/fr\/parco-museo-sabba-frisca\/#breadcrumb\",\"itemListElement\":[{\"@type\":\"ListItem\",\"position\":1,\"name\":\"Home\",\"item\":\"https:\/\/www.villacapelvenere.it\/fr\/\"},{\"@type\":\"ListItem\",\"position\":2,\"name\":\"Parco Museo S&#8217;Abba Frisca\"}]},{\"@type\":\"WebSite\",\"@id\":\"https:\/\/www.villacapelvenere.it\/#website\",\"url\":\"https:\/\/www.villacapelvenere.it\/\",\"name\":\"Villa Capelvenere\",\"description\":\"Ville immerse nella natura a due passi dalle pi\u00f9 belle spiagge della Sardegna\",\"publisher\":{\"@id\":\"https:\/\/www.villacapelvenere.it\/#organization\"},\"potentialAction\":[{\"@type\":\"SearchAction\",\"target\":{\"@type\":\"EntryPoint\",\"urlTemplate\":\"https:\/\/www.villacapelvenere.it\/?s={search_term_string}\"},\"query-input\":\"required name=search_term_string\"}],\"inLanguage\":\"fr-FR\"},{\"@type\":\"Organization\",\"@id\":\"https:\/\/www.villacapelvenere.it\/#organization\",\"name\":\"Villa Capelvenere\",\"url\":\"https:\/\/www.villacapelvenere.it\/\",\"logo\":{\"@type\":\"ImageObject\",\"inLanguage\":\"fr-FR\",\"@id\":\"https:\/\/www.villacapelvenere.it\/#\/schema\/logo\/image\/\",\"url\":\"https:\/\/www.villacapelvenere.it\/wp-content\/uploads\/2022\/01\/logo-villa-capelvenere.png\",\"contentUrl\":\"https:\/\/www.villacapelvenere.it\/wp-content\/uploads\/2022\/01\/logo-villa-capelvenere.png\",\"width\":2834,\"height\":746,\"caption\":\"Villa Capelvenere\"},\"image\":{\"@id\":\"https:\/\/www.villacapelvenere.it\/#\/schema\/logo\/image\/\"},\"sameAs\":[\"https:\/\/instagram.com\/villacapelvenere?igshid=YmMyMTA2M2Y\",\"https:\/\/www.facebook.com\/profile.php?id=100083372910744\"]}]}<\/script>\n<!-- \/ Yoast SEO plugin. -->","yoast_head_json":{"title":"Parco Museo S'Abba Frisca - Villa Capelvenere","robots":{"index":"index","follow":"follow","max-snippet":"max-snippet:-1","max-image-preview":"max-image-preview:large","max-video-preview":"max-video-preview:-1"},"canonical":"https:\/\/www.villacapelvenere.it\/fr\/parco-museo-sabba-frisca\/","og_locale":"fr_FR","og_type":"article","og_title":"Parco Museo S'Abba Frisca - Villa Capelvenere","og_description":"Les traditions, les savoirs, les saveurs, les sons et les parfums de la culture \u00ab barbaricina \u00bb (la culture de la Barbagia, la r\u00e9gion centrale de la Sardaigne) nich\u00e9s dans un \u00e9crin de verdure, une combinaison de nature et d\u2019ethnographie. D\u00e9couvrez les avantages pour ceux qui logent \u00e0 la Villa Capelvenere","og_url":"https:\/\/www.villacapelvenere.it\/fr\/parco-museo-sabba-frisca\/","og_site_name":"Villa Capelvenere","article_publisher":"https:\/\/www.facebook.com\/profile.php?id=100083372910744","article_modified_time":"2023-01-13T16:26:42+00:00","og_image":[{"width":2560,"height":1707,"url":"https:\/\/www.villacapelvenere.it\/wp-content\/uploads\/2022\/01\/MG_8208-1-scaled.jpg","type":"image\/jpeg"}],"twitter_card":"summary_large_image","twitter_misc":{"Dur\u00e9e de lecture estim\u00e9e":"3 minutes"},"schema":{"@context":"https:\/\/schema.org","@graph":[{"@type":"WebPage","@id":"https:\/\/www.villacapelvenere.it\/fr\/parco-museo-sabba-frisca\/","url":"https:\/\/www.villacapelvenere.it\/fr\/parco-museo-sabba-frisca\/","name":"Parco Museo S'Abba Frisca - Villa Capelvenere","isPartOf":{"@id":"https:\/\/www.villacapelvenere.it\/#website"},"datePublished":"2022-01-31T21:59:46+00:00","dateModified":"2023-01-13T16:26:42+00:00","breadcrumb":{"@id":"https:\/\/www.villacapelvenere.it\/fr\/parco-museo-sabba-frisca\/#breadcrumb"},"inLanguage":"fr-FR","potentialAction":[{"@type":"ReadAction","target":["https:\/\/www.villacapelvenere.it\/fr\/parco-museo-sabba-frisca\/"]}]},{"@type":"BreadcrumbList","@id":"https:\/\/www.villacapelvenere.it\/fr\/parco-museo-sabba-frisca\/#breadcrumb","itemListElement":[{"@type":"ListItem","position":1,"name":"Home","item":"https:\/\/www.villacapelvenere.it\/fr\/"},{"@type":"ListItem","position":2,"name":"Parco Museo S&#8217;Abba Frisca"}]},{"@type":"WebSite","@id":"https:\/\/www.villacapelvenere.it\/#website","url":"https:\/\/www.villacapelvenere.it\/","name":"Villa Capelvenere","description":"Ville immerse nella natura a due passi dalle pi\u00f9 belle spiagge della Sardegna","publisher":{"@id":"https:\/\/www.villacapelvenere.it\/#organization"},"potentialAction":[{"@type":"SearchAction","target":{"@type":"EntryPoint","urlTemplate":"https:\/\/www.villacapelvenere.it\/?s={search_term_string}"},"query-input":"required name=search_term_string"}],"inLanguage":"fr-FR"},{"@type":"Organization","@id":"https:\/\/www.villacapelvenere.it\/#organization","name":"Villa Capelvenere","url":"https:\/\/www.villacapelvenere.it\/","logo":{"@type":"ImageObject","inLanguage":"fr-FR","@id":"https:\/\/www.villacapelvenere.it\/#\/schema\/logo\/image\/","url":"https:\/\/www.villacapelvenere.it\/wp-content\/uploads\/2022\/01\/logo-villa-capelvenere.png","contentUrl":"https:\/\/www.villacapelvenere.it\/wp-content\/uploads\/2022\/01\/logo-villa-capelvenere.png","width":2834,"height":746,"caption":"Villa Capelvenere"},"image":{"@id":"https:\/\/www.villacapelvenere.it\/#\/schema\/logo\/image\/"},"sameAs":["https:\/\/instagram.com\/villacapelvenere?igshid=YmMyMTA2M2Y","https:\/\/www.facebook.com\/profile.php?id=100083372910744"]}]}},"_links":{"self":[{"href":"https:\/\/www.villacapelvenere.it\/fr\/wp-json\/wp\/v2\/pages\/2143","targetHints":{"allow":["GET"]}}],"collection":[{"href":"https:\/\/www.villacapelvenere.it\/fr\/wp-json\/wp\/v2\/pages"}],"about":[{"href":"https:\/\/www.villacapelvenere.it\/fr\/wp-json\/wp\/v2\/types\/page"}],"author":[{"embeddable":true,"href":"https:\/\/www.villacapelvenere.it\/fr\/wp-json\/wp\/v2\/users\/1"}],"replies":[{"embeddable":true,"href":"https:\/\/www.villacapelvenere.it\/fr\/wp-json\/wp\/v2\/comments?post=2143"}],"version-history":[{"count":3,"href":"https:\/\/www.villacapelvenere.it\/fr\/wp-json\/wp\/v2\/pages\/2143\/revisions"}],"predecessor-version":[{"id":2148,"href":"https:\/\/www.villacapelvenere.it\/fr\/wp-json\/wp\/v2\/pages\/2143\/revisions\/2148"}],"wp:featuredmedia":[{"embeddable":true,"href":"https:\/\/www.villacapelvenere.it\/fr\/wp-json\/wp\/v2\/media\/751"}],"wp:attachment":[{"href":"https:\/\/www.villacapelvenere.it\/fr\/wp-json\/wp\/v2\/media?parent=2143"}],"curies":[{"name":"wp","href":"https:\/\/api.w.org\/{rel}","templated":true}]}}