{"id":2137,"date":"2022-01-24T20:45:04","date_gmt":"2022-01-24T20:45:04","guid":{"rendered":"https:\/\/www.villacapelvenere.it\/?page_id=2137"},"modified":"2023-01-13T14:47:54","modified_gmt":"2023-01-13T14:47:54","slug":"les-plages-de-cala-gonone","status":"publish","type":"page","link":"https:\/\/www.villacapelvenere.it\/fr\/les-plages-de-cala-gonone\/","title":{"rendered":"Les plages de Cala Gonone"},"content":{"rendered":"\n<div class=\"wp-block-getwid-section alignfull alignfull getwid-section-content-custom-width\"><div class=\"wp-block-getwid-section__wrapper getwid-padding-left-medium getwid-padding-right-medium\"><div class=\"wp-block-getwid-section__inner-wrapper\" style=\"max-width:1140px\"><div class=\"wp-block-getwid-section__background-holder\"><div class=\"wp-block-getwid-section__background\"><\/div><div class=\"wp-block-getwid-section__foreground\"><\/div><\/div><div class=\"wp-block-getwid-section__content\"><div class=\"wp-block-getwid-section__inner-content\">\n<div class=\"wp-block-columns has-2-columns are-vertically-aligned-center is-layout-flex wp-container-core-columns-is-layout-9d6595d7 wp-block-columns-is-layout-flex\">\n<div class=\"wp-block-column is-vertically-aligned-center is-layout-flow wp-block-column-is-layout-flow\">\n<figure class=\"wp-block-image size-large\"><img loading=\"lazy\" decoding=\"async\" width=\"1024\" height=\"683\" src=\"https:\/\/www.villacapelvenere.it\/wp-content\/uploads\/2022\/05\/cartoeIMG_3382-1024x683.jpg\" alt=\"La spiaggia di Cala Cartoe a Cala Gonone\" class=\"wp-image-820\" srcset=\"https:\/\/www.villacapelvenere.it\/wp-content\/uploads\/2022\/05\/cartoeIMG_3382-1024x683.jpg 1024w, https:\/\/www.villacapelvenere.it\/wp-content\/uploads\/2022\/05\/cartoeIMG_3382-300x200.jpg 300w, https:\/\/www.villacapelvenere.it\/wp-content\/uploads\/2022\/05\/cartoeIMG_3382-768x512.jpg 768w, https:\/\/www.villacapelvenere.it\/wp-content\/uploads\/2022\/05\/cartoeIMG_3382-1536x1024.jpg 1536w, https:\/\/www.villacapelvenere.it\/wp-content\/uploads\/2022\/05\/cartoeIMG_3382-2048x1365.jpg 2048w, https:\/\/www.villacapelvenere.it\/wp-content\/uploads\/2022\/05\/cartoeIMG_3382-2000x1333.jpg 2000w, https:\/\/www.villacapelvenere.it\/wp-content\/uploads\/2022\/05\/cartoeIMG_3382-927x618.jpg 927w\" sizes=\"auto, (max-width: 1024px) 100vw, 1024px\" \/><figcaption class=\"wp-element-caption\">La spiaggia di Cala Cartoe a 5 km da Villa Capelvenere<\/figcaption><\/figure>\n<\/div>\n\n\n\n<div class=\"wp-block-column is-layout-flow wp-block-column-is-layout-flow\">\n<div class=\"wp-block-getwid-section\"><div class=\"wp-block-getwid-section__wrapper getwid-padding-top-none getwid-padding-bottom-none getwid-padding-left-medium getwid-padding-right-none getwid-padding-mobile-left-none\"><div class=\"wp-block-getwid-section__inner-wrapper\"><div class=\"wp-block-getwid-section__background-holder\"><div class=\"wp-block-getwid-section__background\"><\/div><div class=\"wp-block-getwid-section__foreground\"><\/div><\/div><div class=\"wp-block-getwid-section__content\"><div class=\"wp-block-getwid-section__inner-content\">\n<div class=\"wp-block-getwid-advanced-heading\"><span class=\"wp-block-getwid-advanced-heading__content\" style=\"padding-top:0px;padding-bottom:0px\">\u00c0 5 km de la villa<\/span><\/div>\n\n\n\n<div class=\"wp-block-getwid-advanced-heading\" style=\"margin-bottom:30px;margin-top:10px\"><h2 class=\"wp-block-getwid-advanced-heading__content\">Cala Cartoe<\/h2><\/div>\n\n\n\n<p>Cala Cartoe est la plage la plus proche de la Villa Capelvenere. Le fond sableux et pas trop profond est id\u00e9al pour les familles. La mer aux eaux claires et la v\u00e9g\u00e9tation dense qui l\u2019entoure, la rendent unique en son genre. Dot\u00e9e d\u2019un personnel de sauvetage et d\u2019un service de location de transats et de parasols. Adapt\u00e9e aux familles et aux passionn\u00e9s de snorkeling.<br>Les h\u00f4tes de la Villa Capelvenere pourront b\u00e9n\u00e9ficier d\u2019un espace au-dessus avec une vue panoramique saisissante sur la magnifique plage.<\/p>\n\n\n\n<div class=\"wp-block-getwid-advanced-spacer\" style=\"height:10px\" aria-hidden=\"true\"><\/div>\n\n\n\n<div class=\"wp-block-button is-style-fill\"><a class=\"wp-block-button__link wp-element-button\" href=\"https:\/\/www.villacapelvenere.it\/una-veranda-sul-mare\/\">Scopri lo spazio riservato ai nostri ospiti<\/a><\/div>\n<\/div><\/div><\/div><\/div><\/div>\n<\/div>\n<\/div>\n<\/div><\/div><\/div><\/div><\/div>\n\n\n\n<div class=\"wp-block-getwid-section alignfull alignfull getwid-section-content-custom-width\"><div class=\"wp-block-getwid-section__wrapper getwid-padding-left-medium getwid-padding-right-medium\"><div class=\"wp-block-getwid-section__inner-wrapper\" style=\"max-width:1140px\"><div class=\"wp-block-getwid-section__background-holder\"><div class=\"wp-block-getwid-section__background\"><\/div><div class=\"wp-block-getwid-section__foreground\"><\/div><\/div><div class=\"wp-block-getwid-section__content\"><div class=\"wp-block-getwid-section__inner-content\">\n<div class=\"wp-block-columns has-2-columns are-vertically-aligned-center is-layout-flex wp-container-core-columns-is-layout-9d6595d7 wp-block-columns-is-layout-flex\">\n<div class=\"wp-block-column is-vertically-aligned-center is-layout-flow wp-block-column-is-layout-flow\">\n<figure class=\"wp-block-image size-large\"><img loading=\"lazy\" decoding=\"async\" width=\"1024\" height=\"768\" src=\"https:\/\/www.villacapelvenere.it\/wp-content\/uploads\/2022\/12\/osalaDJI_0533-1024x768.jpg\" alt=\"Cala Osala di Dorgali vista dall'alto\" class=\"wp-image-1935\" srcset=\"https:\/\/www.villacapelvenere.it\/wp-content\/uploads\/2022\/12\/osalaDJI_0533-1024x768.jpg 1024w, https:\/\/www.villacapelvenere.it\/wp-content\/uploads\/2022\/12\/osalaDJI_0533-300x225.jpg 300w, https:\/\/www.villacapelvenere.it\/wp-content\/uploads\/2022\/12\/osalaDJI_0533-768x576.jpg 768w, https:\/\/www.villacapelvenere.it\/wp-content\/uploads\/2022\/12\/osalaDJI_0533-1536x1152.jpg 1536w, https:\/\/www.villacapelvenere.it\/wp-content\/uploads\/2022\/12\/osalaDJI_0533-2048x1536.jpg 2048w, https:\/\/www.villacapelvenere.it\/wp-content\/uploads\/2022\/12\/osalaDJI_0533-2000x1500.jpg 2000w, https:\/\/www.villacapelvenere.it\/wp-content\/uploads\/2022\/12\/osalaDJI_0533-824x618.jpg 824w\" sizes=\"auto, (max-width: 1024px) 100vw, 1024px\" \/><figcaption class=\"wp-element-caption\">La Cala Osala di Dorgali, accanto a Osala di Orosei \u00e8 una delle spiagge pi\u00f9 vicine alla villa di Cala Gonone<\/figcaption><\/figure>\n<\/div>\n\n\n\n<div class=\"wp-block-column is-vertically-aligned-center is-layout-flow wp-block-column-is-layout-flow\">\n<div class=\"wp-block-getwid-section\"><div class=\"wp-block-getwid-section__wrapper getwid-padding-top-none getwid-padding-bottom-none getwid-padding-left-medium getwid-padding-right-none getwid-padding-mobile-left-none\"><div class=\"wp-block-getwid-section__inner-wrapper\"><div class=\"wp-block-getwid-section__background-holder\"><div class=\"wp-block-getwid-section__background\"><\/div><div class=\"wp-block-getwid-section__foreground\"><\/div><\/div><div class=\"wp-block-getwid-section__content\"><div class=\"wp-block-getwid-section__inner-content\">\n<div class=\"wp-block-getwid-advanced-heading\"><span class=\"wp-block-getwid-advanced-heading__content\" style=\"padding-top:0px;padding-bottom:0px\">\u00c0 6 km de la villa<\/span><\/div>\n\n\n\n<div class=\"wp-block-getwid-advanced-heading\" style=\"margin-bottom:30px;margin-top:10px\"><h2 class=\"wp-block-getwid-advanced-heading__content\">Cala Osala<\/h2><\/div>\n\n\n\n<p>La plage d\u2019Osala de Dorgali est tr\u00e8s semblable \u00e0 la plage Cartoe situ\u00e9e juste \u00e0 c\u00f4t\u00e9. Conseill\u00e9e aux familles, elle propose les m\u00eames services et est cependant un peu plus spacieuse. Les parois de roche basaltique se refl\u00e8tent dans les eaux couleur \u00e9meraude. Le sable d\u00e9limite un petit \u00e9tang de la mer.<br>Avec une promenade depuis le c\u00f4t\u00e9 Nord de la plage, il est possible de rejoindre Osala di Orosei.<\/p>\n\n\n\n<div class=\"wp-block-getwid-advanced-spacer\" style=\"height:10px\" aria-hidden=\"true\"><\/div>\n<\/div><\/div><\/div><\/div><\/div>\n<\/div>\n<\/div>\n<\/div><\/div><\/div><\/div><\/div>\n\n\n\n<div class=\"wp-block-getwid-section alignfull alignfull getwid-section-content-custom-width\"><div class=\"wp-block-getwid-section__wrapper getwid-padding-left-medium getwid-padding-right-medium\"><div class=\"wp-block-getwid-section__inner-wrapper\" style=\"max-width:1140px\"><div class=\"wp-block-getwid-section__background-holder\"><div class=\"wp-block-getwid-section__background\"><\/div><div class=\"wp-block-getwid-section__foreground\"><\/div><\/div><div class=\"wp-block-getwid-section__content\"><div class=\"wp-block-getwid-section__inner-content\">\n<div class=\"wp-block-columns has-2-columns are-vertically-aligned-center is-layout-flex wp-container-core-columns-is-layout-9d6595d7 wp-block-columns-is-layout-flex\">\n<div class=\"wp-block-column is-vertically-aligned-center is-layout-flow wp-block-column-is-layout-flow\">\n<figure class=\"wp-block-image size-full size-large\"><img loading=\"lazy\" decoding=\"async\" width=\"1023\" height=\"678\" src=\"https:\/\/www.villacapelvenere.it\/wp-content\/uploads\/2022\/01\/8000136798_4c65dbac8c_b.jpg\" alt=\"\" class=\"wp-image-518\" srcset=\"https:\/\/www.villacapelvenere.it\/wp-content\/uploads\/2022\/01\/8000136798_4c65dbac8c_b.jpg 1023w, https:\/\/www.villacapelvenere.it\/wp-content\/uploads\/2022\/01\/8000136798_4c65dbac8c_b-300x199.jpg 300w, https:\/\/www.villacapelvenere.it\/wp-content\/uploads\/2022\/01\/8000136798_4c65dbac8c_b-768x509.jpg 768w, https:\/\/www.villacapelvenere.it\/wp-content\/uploads\/2022\/01\/8000136798_4c65dbac8c_b-932x618.jpg 932w\" sizes=\"auto, (max-width: 1023px) 100vw, 1023px\" \/><\/figure>\n<\/div>\n\n\n\n<div class=\"wp-block-column is-vertically-aligned-center is-layout-flow wp-block-column-is-layout-flow\">\n<div class=\"wp-block-getwid-section\"><div class=\"wp-block-getwid-section__wrapper getwid-padding-top-none getwid-padding-bottom-none getwid-padding-left-medium getwid-padding-right-none getwid-padding-mobile-left-none\"><div class=\"wp-block-getwid-section__inner-wrapper\"><div class=\"wp-block-getwid-section__background-holder\"><div class=\"wp-block-getwid-section__background\"><\/div><div class=\"wp-block-getwid-section__foreground\"><\/div><\/div><div class=\"wp-block-getwid-section__content\"><div class=\"wp-block-getwid-section__inner-content\">\n<div class=\"wp-block-getwid-advanced-heading\"><span class=\"wp-block-getwid-advanced-heading__content\" style=\"padding-top:0px;padding-bottom:0px\">\u00c0 9 km de la villa<\/span><\/div>\n\n\n\n<div class=\"wp-block-getwid-advanced-heading\" style=\"margin-bottom:30px;margin-top:10px\"><h2 class=\"wp-block-getwid-advanced-heading__content\">Cala Fuili<\/h2><\/div>\n\n\n\n<p>Cala Fuili est une plage de galets. Accessible depuis l\u2019agglom\u00e9ration de Cala Gonone, en parcourant toute l\u2019all\u00e9e Bue Marino jusqu\u2019au parking. D\u2019ici, en contrebas d\u2019un long escalier se trouve l\u2019une des plus belles plages de Dorgali et Cala Gonone. Entour\u00e9e de hautes parois de calcaire \u00e0 travers lesquelles on peut entrevoir d\u2019amusantes petites ch\u00e8vres.<\/p>\n\n\n\n<div class=\"wp-block-getwid-advanced-spacer\" style=\"height:10px\" aria-hidden=\"true\"><\/div>\n<\/div><\/div><\/div><\/div><\/div>\n<\/div>\n<\/div>\n<\/div><\/div><\/div><\/div><\/div>\n\n\n\n<div class=\"wp-block-getwid-section alignfull alignfull getwid-section-content-custom-width\"><div class=\"wp-block-getwid-section__wrapper getwid-padding-left-medium getwid-padding-right-medium\"><div class=\"wp-block-getwid-section__inner-wrapper\" style=\"max-width:1140px\"><div class=\"wp-block-getwid-section__background-holder\"><div class=\"wp-block-getwid-section__background\"><\/div><div class=\"wp-block-getwid-section__foreground\"><\/div><\/div><div class=\"wp-block-getwid-section__content\"><div class=\"wp-block-getwid-section__inner-content\">\n<div class=\"wp-block-columns has-2-columns are-vertically-aligned-center is-layout-flex wp-container-core-columns-is-layout-9d6595d7 wp-block-columns-is-layout-flex\">\n<div class=\"wp-block-column is-vertically-aligned-center is-layout-flow wp-block-column-is-layout-flow\">\n<figure class=\"wp-block-image size-full size-large\"><img loading=\"lazy\" decoding=\"async\" width=\"1024\" height=\"683\" src=\"https:\/\/www.villacapelvenere.it\/wp-content\/uploads\/2022\/01\/30649878236_0639ff7eb2_b.jpg\" alt=\"\" class=\"wp-image-519\" srcset=\"https:\/\/www.villacapelvenere.it\/wp-content\/uploads\/2022\/01\/30649878236_0639ff7eb2_b.jpg 1024w, https:\/\/www.villacapelvenere.it\/wp-content\/uploads\/2022\/01\/30649878236_0639ff7eb2_b-300x200.jpg 300w, https:\/\/www.villacapelvenere.it\/wp-content\/uploads\/2022\/01\/30649878236_0639ff7eb2_b-768x512.jpg 768w, https:\/\/www.villacapelvenere.it\/wp-content\/uploads\/2022\/01\/30649878236_0639ff7eb2_b-927x618.jpg 927w\" sizes=\"auto, (max-width: 1024px) 100vw, 1024px\" \/><\/figure>\n<\/div>\n\n\n\n<div class=\"wp-block-column is-vertically-aligned-center is-layout-flow wp-block-column-is-layout-flow\">\n<div class=\"wp-block-getwid-section\"><div class=\"wp-block-getwid-section__wrapper getwid-padding-top-none getwid-padding-bottom-none getwid-padding-right-none getwid-padding-mobile-left-none\" style=\"padding-left:32px\"><div class=\"wp-block-getwid-section__inner-wrapper\"><div class=\"wp-block-getwid-section__background-holder\"><div class=\"wp-block-getwid-section__background\"><\/div><div class=\"wp-block-getwid-section__foreground\"><\/div><\/div><div class=\"wp-block-getwid-section__content\"><div class=\"wp-block-getwid-section__inner-content\">\n<div class=\"wp-block-getwid-advanced-heading\"><span class=\"wp-block-getwid-advanced-heading__content\" style=\"padding-top:0px;padding-bottom:0px\">Par la mer depuis le port de Cala Gonone ou \u00e0 pied depuis Cala Fuili<\/span><\/div>\n\n\n\n<div class=\"wp-block-getwid-advanced-heading\" style=\"margin-bottom:30px;margin-top:10px\"><h2 class=\"wp-block-getwid-advanced-heading__content\">Cala Luna<\/h2><\/div>\n\n\n\n<p>Cala Luna est sans aucun doute la plage de Cala Gonone la plus connue. Tr\u00e8s grande, au sable fin, elle est entour\u00e9e de bastions calcaires et du maquis m\u00e9diterran\u00e9en. Elle se caract\u00e9rise par de larges grottes qui offrent un coin de fra\u00eecheur lors des journ\u00e9es les plus chaudes. Elle est accessible par navire ou canot depuis le port de Cala Gonone ou bien \u00e0 pied avec un trekking qui part de Cala Fuili.<\/p>\n\n\n\n<div class=\"wp-block-getwid-advanced-spacer\" style=\"height:10px\" aria-hidden=\"true\"><\/div>\n<\/div><\/div><\/div><\/div><\/div>\n<\/div>\n<\/div>\n<\/div><\/div><\/div><\/div><\/div>\n\n\n\n<div class=\"wp-block-getwid-section alignfull alignfull getwid-section-content-custom-width\"><div class=\"wp-block-getwid-section__wrapper getwid-padding-left-medium getwid-padding-right-medium\"><div class=\"wp-block-getwid-section__inner-wrapper\" style=\"max-width:1140px\"><div class=\"wp-block-getwid-section__background-holder\"><div class=\"wp-block-getwid-section__background\"><\/div><div class=\"wp-block-getwid-section__foreground\"><\/div><\/div><div class=\"wp-block-getwid-section__content\"><div class=\"wp-block-getwid-section__inner-content\">\n<div class=\"wp-block-columns has-2-columns are-vertically-aligned-center is-layout-flex wp-container-core-columns-is-layout-9d6595d7 wp-block-columns-is-layout-flex\">\n<div class=\"wp-block-column is-vertically-aligned-center is-layout-flow wp-block-column-is-layout-flow\">\n<figure class=\"wp-block-image size-large\"><img loading=\"lazy\" decoding=\"async\" width=\"1024\" height=\"664\" src=\"https:\/\/www.villacapelvenere.it\/wp-content\/uploads\/2022\/01\/goloritze-punta-salinasIMG_9954-2-1024x664.jpg\" alt=\"Cala Goloritz\u00e8 vista dall'alto\" class=\"wp-image-525\" srcset=\"https:\/\/www.villacapelvenere.it\/wp-content\/uploads\/2022\/01\/goloritze-punta-salinasIMG_9954-2-1024x664.jpg 1024w, https:\/\/www.villacapelvenere.it\/wp-content\/uploads\/2022\/01\/goloritze-punta-salinasIMG_9954-2-300x194.jpg 300w, https:\/\/www.villacapelvenere.it\/wp-content\/uploads\/2022\/01\/goloritze-punta-salinasIMG_9954-2-768x498.jpg 768w, https:\/\/www.villacapelvenere.it\/wp-content\/uploads\/2022\/01\/goloritze-punta-salinasIMG_9954-2-1536x995.jpg 1536w, https:\/\/www.villacapelvenere.it\/wp-content\/uploads\/2022\/01\/goloritze-punta-salinasIMG_9954-2-2048x1327.jpg 2048w, https:\/\/www.villacapelvenere.it\/wp-content\/uploads\/2022\/01\/goloritze-punta-salinasIMG_9954-2-2000x1296.jpg 2000w, https:\/\/www.villacapelvenere.it\/wp-content\/uploads\/2022\/01\/goloritze-punta-salinasIMG_9954-2-954x618.jpg 954w\" sizes=\"auto, (max-width: 1024px) 100vw, 1024px\" \/><figcaption class=\"wp-element-caption\">La magnifica spiaggia di Cala Goloritz\u00e8 vista da punta Salinas <\/figcaption><\/figure>\n<\/div>\n\n\n\n<div class=\"wp-block-column is-vertically-aligned-center is-layout-flow wp-block-column-is-layout-flow\">\n<div class=\"wp-block-getwid-section\"><div class=\"wp-block-getwid-section__wrapper getwid-padding-top-none getwid-padding-bottom-none getwid-padding-right-none getwid-padding-mobile-left-none\" style=\"padding-left:32px\"><div class=\"wp-block-getwid-section__inner-wrapper\"><div class=\"wp-block-getwid-section__background-holder\"><div class=\"wp-block-getwid-section__background\"><\/div><div class=\"wp-block-getwid-section__foreground\"><\/div><\/div><div class=\"wp-block-getwid-section__content\"><div class=\"wp-block-getwid-section__inner-content\">\n<div class=\"wp-block-getwid-advanced-heading\"><span class=\"wp-block-getwid-advanced-heading__content\" style=\"padding-top:0px;padding-bottom:0px\">\u00c0 pied depuis Baunei<\/span><\/div>\n\n\n\n<div class=\"wp-block-getwid-advanced-heading\" style=\"margin-bottom:30px;margin-top:10px\"><h2 class=\"wp-block-getwid-advanced-heading__content\">Cala Goloritz\u00e8<\/h2><\/div>\n\n\n\n<p>Cala Goloritz\u00e8 est consid\u00e9r\u00e9e comme la plus belle plage en Sardaigne et parmi les plages les plus belles d\u2019Europe, sur le territoire de Baunei. Elle est accessible \u00e0 pied par le parcours trekking qui part du lieu-dit \u00ab Su Portellu \u00bb. L\u2019acc\u00e8s \u00e0 cette plage n\u2019est pas autoris\u00e9 \u00e0 ceux qui viennent de la mer mais il est possible de s\u2019y approcher gr\u00e2ce \u00e0 la mini-croisi\u00e8re en canot au d\u00e9part de Cala Gonone.<\/p>\n\n\n\n<div class=\"wp-block-getwid-advanced-spacer\" style=\"height:10px\" aria-hidden=\"true\"><\/div>\n<\/div><\/div><\/div><\/div><\/div>\n<\/div>\n<\/div>\n<\/div><\/div><\/div><\/div><\/div>\n\n\n\n<p>Scopri le <a href=\"https:\/\/www.sabbafrisca.com\/\">cose da vedere a Cala Gonone<\/a><\/p>\n","protected":false},"excerpt":{"rendered":"<p>Scopri le cose da vedere a Cala Gonone<\/p>\n","protected":false},"author":1,"featured_media":1947,"parent":0,"menu_order":0,"comment_status":"closed","ping_status":"closed","template":"template-grid-page.php","meta":{"footnotes":""},"class_list":["post-2137","page","type-page","status-publish","has-post-thumbnail","hentry"],"yoast_head":"<!-- This site is optimized with the Yoast SEO plugin v19.10 - https:\/\/yoast.com\/wordpress\/plugins\/seo\/ -->\n<title>Les plages de Cala Gonone - Villa Capelvenere<\/title>\n<meta name=\"robots\" content=\"index, follow, max-snippet:-1, max-image-preview:large, max-video-preview:-1\" \/>\n<link rel=\"canonical\" href=\"https:\/\/www.villacapelvenere.it\/fr\/les-plages-de-cala-gonone\/\" \/>\n<meta property=\"og:locale\" content=\"fr_FR\" \/>\n<meta property=\"og:type\" content=\"article\" \/>\n<meta property=\"og:title\" content=\"Les plages de Cala Gonone - Villa Capelvenere\" \/>\n<meta property=\"og:description\" content=\"Scopri le cose da vedere a Cala Gonone\" \/>\n<meta property=\"og:url\" content=\"https:\/\/www.villacapelvenere.it\/fr\/les-plages-de-cala-gonone\/\" \/>\n<meta property=\"og:site_name\" content=\"Villa Capelvenere\" \/>\n<meta property=\"article:publisher\" content=\"https:\/\/www.facebook.com\/profile.php?id=100083372910744\" \/>\n<meta property=\"article:modified_time\" content=\"2023-01-13T14:47:54+00:00\" \/>\n<meta property=\"og:image\" content=\"https:\/\/www.villacapelvenere.it\/wp-content\/uploads\/2022\/12\/tagliata-scaled.jpg\" \/>\n\t<meta property=\"og:image:width\" content=\"2560\" \/>\n\t<meta property=\"og:image:height\" content=\"1275\" \/>\n\t<meta property=\"og:image:type\" content=\"image\/jpeg\" \/>\n<meta name=\"twitter:card\" content=\"summary_large_image\" \/>\n<meta name=\"twitter:label1\" content=\"Dur\u00e9e de lecture estim\u00e9e\" \/>\n\t<meta name=\"twitter:data1\" content=\"4 minutes\" \/>\n<script type=\"application\/ld+json\" class=\"yoast-schema-graph\">{\"@context\":\"https:\/\/schema.org\",\"@graph\":[{\"@type\":\"WebPage\",\"@id\":\"https:\/\/www.villacapelvenere.it\/fr\/les-plages-de-cala-gonone\/\",\"url\":\"https:\/\/www.villacapelvenere.it\/fr\/les-plages-de-cala-gonone\/\",\"name\":\"Les plages de Cala Gonone - Villa Capelvenere\",\"isPartOf\":{\"@id\":\"https:\/\/www.villacapelvenere.it\/#website\"},\"datePublished\":\"2022-01-24T20:45:04+00:00\",\"dateModified\":\"2023-01-13T14:47:54+00:00\",\"breadcrumb\":{\"@id\":\"https:\/\/www.villacapelvenere.it\/fr\/les-plages-de-cala-gonone\/#breadcrumb\"},\"inLanguage\":\"fr-FR\",\"potentialAction\":[{\"@type\":\"ReadAction\",\"target\":[\"https:\/\/www.villacapelvenere.it\/fr\/les-plages-de-cala-gonone\/\"]}]},{\"@type\":\"BreadcrumbList\",\"@id\":\"https:\/\/www.villacapelvenere.it\/fr\/les-plages-de-cala-gonone\/#breadcrumb\",\"itemListElement\":[{\"@type\":\"ListItem\",\"position\":1,\"name\":\"Home\",\"item\":\"https:\/\/www.villacapelvenere.it\/fr\/\"},{\"@type\":\"ListItem\",\"position\":2,\"name\":\"Les plages de Cala Gonone\"}]},{\"@type\":\"WebSite\",\"@id\":\"https:\/\/www.villacapelvenere.it\/#website\",\"url\":\"https:\/\/www.villacapelvenere.it\/\",\"name\":\"Villa Capelvenere\",\"description\":\"Ville immerse nella natura a due passi dalle pi\u00f9 belle spiagge della Sardegna\",\"publisher\":{\"@id\":\"https:\/\/www.villacapelvenere.it\/#organization\"},\"potentialAction\":[{\"@type\":\"SearchAction\",\"target\":{\"@type\":\"EntryPoint\",\"urlTemplate\":\"https:\/\/www.villacapelvenere.it\/?s={search_term_string}\"},\"query-input\":\"required name=search_term_string\"}],\"inLanguage\":\"fr-FR\"},{\"@type\":\"Organization\",\"@id\":\"https:\/\/www.villacapelvenere.it\/#organization\",\"name\":\"Villa Capelvenere\",\"url\":\"https:\/\/www.villacapelvenere.it\/\",\"logo\":{\"@type\":\"ImageObject\",\"inLanguage\":\"fr-FR\",\"@id\":\"https:\/\/www.villacapelvenere.it\/#\/schema\/logo\/image\/\",\"url\":\"https:\/\/www.villacapelvenere.it\/wp-content\/uploads\/2022\/01\/logo-villa-capelvenere.png\",\"contentUrl\":\"https:\/\/www.villacapelvenere.it\/wp-content\/uploads\/2022\/01\/logo-villa-capelvenere.png\",\"width\":2834,\"height\":746,\"caption\":\"Villa Capelvenere\"},\"image\":{\"@id\":\"https:\/\/www.villacapelvenere.it\/#\/schema\/logo\/image\/\"},\"sameAs\":[\"https:\/\/instagram.com\/villacapelvenere?igshid=YmMyMTA2M2Y\",\"https:\/\/www.facebook.com\/profile.php?id=100083372910744\"]}]}<\/script>\n<!-- \/ Yoast SEO plugin. -->","yoast_head_json":{"title":"Les plages de Cala Gonone - Villa Capelvenere","robots":{"index":"index","follow":"follow","max-snippet":"max-snippet:-1","max-image-preview":"max-image-preview:large","max-video-preview":"max-video-preview:-1"},"canonical":"https:\/\/www.villacapelvenere.it\/fr\/les-plages-de-cala-gonone\/","og_locale":"fr_FR","og_type":"article","og_title":"Les plages de Cala Gonone - Villa Capelvenere","og_description":"Scopri le cose da vedere a Cala Gonone","og_url":"https:\/\/www.villacapelvenere.it\/fr\/les-plages-de-cala-gonone\/","og_site_name":"Villa Capelvenere","article_publisher":"https:\/\/www.facebook.com\/profile.php?id=100083372910744","article_modified_time":"2023-01-13T14:47:54+00:00","og_image":[{"width":2560,"height":1275,"url":"https:\/\/www.villacapelvenere.it\/wp-content\/uploads\/2022\/12\/tagliata-scaled.jpg","type":"image\/jpeg"}],"twitter_card":"summary_large_image","twitter_misc":{"Dur\u00e9e de lecture estim\u00e9e":"4 minutes"},"schema":{"@context":"https:\/\/schema.org","@graph":[{"@type":"WebPage","@id":"https:\/\/www.villacapelvenere.it\/fr\/les-plages-de-cala-gonone\/","url":"https:\/\/www.villacapelvenere.it\/fr\/les-plages-de-cala-gonone\/","name":"Les plages de Cala Gonone - Villa Capelvenere","isPartOf":{"@id":"https:\/\/www.villacapelvenere.it\/#website"},"datePublished":"2022-01-24T20:45:04+00:00","dateModified":"2023-01-13T14:47:54+00:00","breadcrumb":{"@id":"https:\/\/www.villacapelvenere.it\/fr\/les-plages-de-cala-gonone\/#breadcrumb"},"inLanguage":"fr-FR","potentialAction":[{"@type":"ReadAction","target":["https:\/\/www.villacapelvenere.it\/fr\/les-plages-de-cala-gonone\/"]}]},{"@type":"BreadcrumbList","@id":"https:\/\/www.villacapelvenere.it\/fr\/les-plages-de-cala-gonone\/#breadcrumb","itemListElement":[{"@type":"ListItem","position":1,"name":"Home","item":"https:\/\/www.villacapelvenere.it\/fr\/"},{"@type":"ListItem","position":2,"name":"Les plages de Cala Gonone"}]},{"@type":"WebSite","@id":"https:\/\/www.villacapelvenere.it\/#website","url":"https:\/\/www.villacapelvenere.it\/","name":"Villa Capelvenere","description":"Ville immerse nella natura a due passi dalle pi\u00f9 belle spiagge della Sardegna","publisher":{"@id":"https:\/\/www.villacapelvenere.it\/#organization"},"potentialAction":[{"@type":"SearchAction","target":{"@type":"EntryPoint","urlTemplate":"https:\/\/www.villacapelvenere.it\/?s={search_term_string}"},"query-input":"required name=search_term_string"}],"inLanguage":"fr-FR"},{"@type":"Organization","@id":"https:\/\/www.villacapelvenere.it\/#organization","name":"Villa Capelvenere","url":"https:\/\/www.villacapelvenere.it\/","logo":{"@type":"ImageObject","inLanguage":"fr-FR","@id":"https:\/\/www.villacapelvenere.it\/#\/schema\/logo\/image\/","url":"https:\/\/www.villacapelvenere.it\/wp-content\/uploads\/2022\/01\/logo-villa-capelvenere.png","contentUrl":"https:\/\/www.villacapelvenere.it\/wp-content\/uploads\/2022\/01\/logo-villa-capelvenere.png","width":2834,"height":746,"caption":"Villa Capelvenere"},"image":{"@id":"https:\/\/www.villacapelvenere.it\/#\/schema\/logo\/image\/"},"sameAs":["https:\/\/instagram.com\/villacapelvenere?igshid=YmMyMTA2M2Y","https:\/\/www.facebook.com\/profile.php?id=100083372910744"]}]}},"_links":{"self":[{"href":"https:\/\/www.villacapelvenere.it\/fr\/wp-json\/wp\/v2\/pages\/2137","targetHints":{"allow":["GET"]}}],"collection":[{"href":"https:\/\/www.villacapelvenere.it\/fr\/wp-json\/wp\/v2\/pages"}],"about":[{"href":"https:\/\/www.villacapelvenere.it\/fr\/wp-json\/wp\/v2\/types\/page"}],"author":[{"embeddable":true,"href":"https:\/\/www.villacapelvenere.it\/fr\/wp-json\/wp\/v2\/users\/1"}],"replies":[{"embeddable":true,"href":"https:\/\/www.villacapelvenere.it\/fr\/wp-json\/wp\/v2\/comments?post=2137"}],"version-history":[{"count":1,"href":"https:\/\/www.villacapelvenere.it\/fr\/wp-json\/wp\/v2\/pages\/2137\/revisions"}],"predecessor-version":[{"id":2139,"href":"https:\/\/www.villacapelvenere.it\/fr\/wp-json\/wp\/v2\/pages\/2137\/revisions\/2139"}],"wp:featuredmedia":[{"embeddable":true,"href":"https:\/\/www.villacapelvenere.it\/fr\/wp-json\/wp\/v2\/media\/1947"}],"wp:attachment":[{"href":"https:\/\/www.villacapelvenere.it\/fr\/wp-json\/wp\/v2\/media?parent=2137"}],"curies":[{"name":"wp","href":"https:\/\/api.w.org\/{rel}","templated":true}]}}