{"id":2127,"date":"2022-01-25T07:39:21","date_gmt":"2022-01-25T07:39:21","guid":{"rendered":"https:\/\/www.villacapelvenere.it\/?page_id=2127"},"modified":"2023-01-13T13:51:46","modified_gmt":"2023-01-13T13:51:46","slug":"la-ferme-et-ses-produits","status":"publish","type":"page","link":"https:\/\/www.villacapelvenere.it\/fr\/la-ferme-et-ses-produits\/","title":{"rendered":"La ferme et ses produits"},"content":{"rendered":"\n<div class=\"wp-block-columns is-layout-flex wp-container-core-columns-is-layout-9d6595d7 wp-block-columns-is-layout-flex\">\n<div class=\"wp-block-column is-layout-flow wp-block-column-is-layout-flow\" style=\"flex-basis:100%\">\n<div class=\"wp-block-group\"><div class=\"wp-block-group__inner-container is-layout-flow wp-block-group-is-layout-flow\">\n<div class=\"wp-block-columns has-2-columns are-vertically-aligned-center is-layout-flex wp-container-core-columns-is-layout-9d6595d7 wp-block-columns-is-layout-flex\">\n<div class=\"wp-block-column is-vertically-aligned-center is-layout-flow wp-block-column-is-layout-flow\">\n<figure class=\"wp-block-image size-large\"><img loading=\"lazy\" decoding=\"async\" width=\"1024\" height=\"597\" src=\"https:\/\/www.villacapelvenere.it\/wp-content\/uploads\/2022\/10\/l-acqua-e-la-vita-1024x597.jpg\" alt=\"\" class=\"wp-image-1579\" srcset=\"https:\/\/www.villacapelvenere.it\/wp-content\/uploads\/2022\/10\/l-acqua-e-la-vita-1024x597.jpg 1024w, https:\/\/www.villacapelvenere.it\/wp-content\/uploads\/2022\/10\/l-acqua-e-la-vita-300x175.jpg 300w, https:\/\/www.villacapelvenere.it\/wp-content\/uploads\/2022\/10\/l-acqua-e-la-vita-768x448.jpg 768w, https:\/\/www.villacapelvenere.it\/wp-content\/uploads\/2022\/10\/l-acqua-e-la-vita-1536x896.jpg 1536w, https:\/\/www.villacapelvenere.it\/wp-content\/uploads\/2022\/10\/l-acqua-e-la-vita-2048x1195.jpg 2048w, https:\/\/www.villacapelvenere.it\/wp-content\/uploads\/2022\/10\/l-acqua-e-la-vita-2000x1167.jpg 2000w, https:\/\/www.villacapelvenere.it\/wp-content\/uploads\/2022\/10\/l-acqua-e-la-vita-1059x618.jpg 1059w\" sizes=\"auto, (max-width: 1024px) 100vw, 1024px\" \/><\/figure>\n<\/div>\n\n\n\n<div class=\"wp-block-column is-layout-flow wp-block-column-is-layout-flow\">\n<div class=\"wp-block-getwid-section\"><div class=\"wp-block-getwid-section__wrapper getwid-padding-top-none getwid-padding-bottom-none getwid-padding-left-medium getwid-padding-right-none getwid-padding-mobile-left-none\"><div class=\"wp-block-getwid-section__inner-wrapper\"><div class=\"wp-block-getwid-section__background-holder\"><div class=\"wp-block-getwid-section__background\"><\/div><div class=\"wp-block-getwid-section__foreground\"><\/div><\/div><div class=\"wp-block-getwid-section__content\"><div class=\"wp-block-getwid-section__inner-content\">\n<div class=\"wp-block-getwid-advanced-heading\"><span class=\"wp-block-getwid-advanced-heading__content\" style=\"padding-top:0px;padding-bottom:0px\">\u00c0 deux pas de la villa<\/span><\/div>\n\n\n\n<div class=\"wp-block-getwid-advanced-heading\" style=\"margin-bottom:30px;margin-top:10px\"><h2 class=\"wp-block-getwid-advanced-heading__content\">Vivre dans une ferme en Sardaigne<\/h2><\/div>\n\n\n\n<p>Vivre dans une ferme en Sardaigne<br>Quel est l\u2019avantage de vivre dans une ferme ?<br>Le matin et l\u2019apr\u00e8s-midi, \u00e0 des horaires convenus, les h\u00f4tes de la Villa Capelvenere peuvent acc\u00e9der \u00e0 la ferme pour r\u00e9colter les l\u00e9gumes, les oeufs dans le poulailler ou, tout simplement, caresser les animaux.<br>Pour une exp\u00e9rience encore plus immersive, il est possible de participer activement \u00e0 la vie de la ferme avec des activit\u00e9s telles que l\u2019entretien et la plantation du potager, la r\u00e9colte des olives en novembre, l\u2019\u00e9lagage des oliviers pendant les mois de d\u00e9cembre, janvier et f\u00e9vrier, ou le soin des animaux.<\/p>\n\n\n\n<div class=\"wp-block-getwid-advanced-spacer\" style=\"height:10px\" aria-hidden=\"true\"><\/div>\n<\/div><\/div><\/div><\/div><\/div>\n<\/div>\n<\/div>\n<\/div><\/div>\n<\/div>\n<\/div>\n\n\n\n<div class=\"wp-block-columns has-2-columns are-vertically-aligned-center is-layout-flex wp-container-core-columns-is-layout-9d6595d7 wp-block-columns-is-layout-flex\">\n<div class=\"wp-block-column is-vertically-aligned-center is-layout-flow wp-block-column-is-layout-flow\"><\/div>\n<\/div>\n","protected":false},"excerpt":{"rendered":"","protected":false},"author":1,"featured_media":0,"parent":0,"menu_order":0,"comment_status":"closed","ping_status":"closed","template":"template-grid-page.php","meta":{"footnotes":""},"class_list":["post-2127","page","type-page","status-publish","hentry"],"yoast_head":"<!-- This site is optimized with the Yoast SEO plugin v19.10 - https:\/\/yoast.com\/wordpress\/plugins\/seo\/ -->\n<title>La ferme et ses produits - Villa Capelvenere<\/title>\n<meta name=\"robots\" content=\"index, follow, max-snippet:-1, max-image-preview:large, max-video-preview:-1\" \/>\n<link rel=\"canonical\" href=\"https:\/\/www.villacapelvenere.it\/fr\/la-ferme-et-ses-produits\/\" \/>\n<meta property=\"og:locale\" content=\"fr_FR\" \/>\n<meta property=\"og:type\" content=\"article\" \/>\n<meta property=\"og:title\" content=\"La ferme et ses produits - Villa Capelvenere\" \/>\n<meta property=\"og:url\" content=\"https:\/\/www.villacapelvenere.it\/fr\/la-ferme-et-ses-produits\/\" \/>\n<meta property=\"og:site_name\" content=\"Villa Capelvenere\" \/>\n<meta property=\"article:publisher\" content=\"https:\/\/www.facebook.com\/profile.php?id=100083372910744\" \/>\n<meta property=\"article:modified_time\" content=\"2023-01-13T13:51:46+00:00\" \/>\n<meta property=\"og:image\" content=\"https:\/\/www.villacapelvenere.it\/wp-content\/uploads\/2022\/10\/l-acqua-e-la-vita-1024x597.jpg\" \/>\n<meta name=\"twitter:card\" content=\"summary_large_image\" \/>\n<meta name=\"twitter:label1\" content=\"Dur\u00e9e de lecture estim\u00e9e\" \/>\n\t<meta name=\"twitter:data1\" content=\"1 minute\" \/>\n<script type=\"application\/ld+json\" class=\"yoast-schema-graph\">{\"@context\":\"https:\/\/schema.org\",\"@graph\":[{\"@type\":\"WebPage\",\"@id\":\"https:\/\/www.villacapelvenere.it\/fr\/la-ferme-et-ses-produits\/\",\"url\":\"https:\/\/www.villacapelvenere.it\/fr\/la-ferme-et-ses-produits\/\",\"name\":\"La ferme et ses produits - Villa Capelvenere\",\"isPartOf\":{\"@id\":\"https:\/\/www.villacapelvenere.it\/#website\"},\"datePublished\":\"2022-01-25T07:39:21+00:00\",\"dateModified\":\"2023-01-13T13:51:46+00:00\",\"breadcrumb\":{\"@id\":\"https:\/\/www.villacapelvenere.it\/fr\/la-ferme-et-ses-produits\/#breadcrumb\"},\"inLanguage\":\"fr-FR\",\"potentialAction\":[{\"@type\":\"ReadAction\",\"target\":[\"https:\/\/www.villacapelvenere.it\/fr\/la-ferme-et-ses-produits\/\"]}]},{\"@type\":\"BreadcrumbList\",\"@id\":\"https:\/\/www.villacapelvenere.it\/fr\/la-ferme-et-ses-produits\/#breadcrumb\",\"itemListElement\":[{\"@type\":\"ListItem\",\"position\":1,\"name\":\"Home\",\"item\":\"https:\/\/www.villacapelvenere.it\/fr\/\"},{\"@type\":\"ListItem\",\"position\":2,\"name\":\"La ferme et ses produits\"}]},{\"@type\":\"WebSite\",\"@id\":\"https:\/\/www.villacapelvenere.it\/#website\",\"url\":\"https:\/\/www.villacapelvenere.it\/\",\"name\":\"Villa Capelvenere\",\"description\":\"Ville immerse nella natura a due passi dalle pi\u00f9 belle spiagge della Sardegna\",\"publisher\":{\"@id\":\"https:\/\/www.villacapelvenere.it\/#organization\"},\"potentialAction\":[{\"@type\":\"SearchAction\",\"target\":{\"@type\":\"EntryPoint\",\"urlTemplate\":\"https:\/\/www.villacapelvenere.it\/?s={search_term_string}\"},\"query-input\":\"required name=search_term_string\"}],\"inLanguage\":\"fr-FR\"},{\"@type\":\"Organization\",\"@id\":\"https:\/\/www.villacapelvenere.it\/#organization\",\"name\":\"Villa Capelvenere\",\"url\":\"https:\/\/www.villacapelvenere.it\/\",\"logo\":{\"@type\":\"ImageObject\",\"inLanguage\":\"fr-FR\",\"@id\":\"https:\/\/www.villacapelvenere.it\/#\/schema\/logo\/image\/\",\"url\":\"https:\/\/www.villacapelvenere.it\/wp-content\/uploads\/2022\/01\/logo-villa-capelvenere.png\",\"contentUrl\":\"https:\/\/www.villacapelvenere.it\/wp-content\/uploads\/2022\/01\/logo-villa-capelvenere.png\",\"width\":2834,\"height\":746,\"caption\":\"Villa Capelvenere\"},\"image\":{\"@id\":\"https:\/\/www.villacapelvenere.it\/#\/schema\/logo\/image\/\"},\"sameAs\":[\"https:\/\/instagram.com\/villacapelvenere?igshid=YmMyMTA2M2Y\",\"https:\/\/www.facebook.com\/profile.php?id=100083372910744\"]}]}<\/script>\n<!-- \/ Yoast SEO plugin. -->","yoast_head_json":{"title":"La ferme et ses produits - Villa Capelvenere","robots":{"index":"index","follow":"follow","max-snippet":"max-snippet:-1","max-image-preview":"max-image-preview:large","max-video-preview":"max-video-preview:-1"},"canonical":"https:\/\/www.villacapelvenere.it\/fr\/la-ferme-et-ses-produits\/","og_locale":"fr_FR","og_type":"article","og_title":"La ferme et ses produits - Villa Capelvenere","og_url":"https:\/\/www.villacapelvenere.it\/fr\/la-ferme-et-ses-produits\/","og_site_name":"Villa Capelvenere","article_publisher":"https:\/\/www.facebook.com\/profile.php?id=100083372910744","article_modified_time":"2023-01-13T13:51:46+00:00","og_image":[{"url":"https:\/\/www.villacapelvenere.it\/wp-content\/uploads\/2022\/10\/l-acqua-e-la-vita-1024x597.jpg"}],"twitter_card":"summary_large_image","twitter_misc":{"Dur\u00e9e de lecture estim\u00e9e":"1 minute"},"schema":{"@context":"https:\/\/schema.org","@graph":[{"@type":"WebPage","@id":"https:\/\/www.villacapelvenere.it\/fr\/la-ferme-et-ses-produits\/","url":"https:\/\/www.villacapelvenere.it\/fr\/la-ferme-et-ses-produits\/","name":"La ferme et ses produits - Villa Capelvenere","isPartOf":{"@id":"https:\/\/www.villacapelvenere.it\/#website"},"datePublished":"2022-01-25T07:39:21+00:00","dateModified":"2023-01-13T13:51:46+00:00","breadcrumb":{"@id":"https:\/\/www.villacapelvenere.it\/fr\/la-ferme-et-ses-produits\/#breadcrumb"},"inLanguage":"fr-FR","potentialAction":[{"@type":"ReadAction","target":["https:\/\/www.villacapelvenere.it\/fr\/la-ferme-et-ses-produits\/"]}]},{"@type":"BreadcrumbList","@id":"https:\/\/www.villacapelvenere.it\/fr\/la-ferme-et-ses-produits\/#breadcrumb","itemListElement":[{"@type":"ListItem","position":1,"name":"Home","item":"https:\/\/www.villacapelvenere.it\/fr\/"},{"@type":"ListItem","position":2,"name":"La ferme et ses produits"}]},{"@type":"WebSite","@id":"https:\/\/www.villacapelvenere.it\/#website","url":"https:\/\/www.villacapelvenere.it\/","name":"Villa Capelvenere","description":"Ville immerse nella natura a due passi dalle pi\u00f9 belle spiagge della Sardegna","publisher":{"@id":"https:\/\/www.villacapelvenere.it\/#organization"},"potentialAction":[{"@type":"SearchAction","target":{"@type":"EntryPoint","urlTemplate":"https:\/\/www.villacapelvenere.it\/?s={search_term_string}"},"query-input":"required name=search_term_string"}],"inLanguage":"fr-FR"},{"@type":"Organization","@id":"https:\/\/www.villacapelvenere.it\/#organization","name":"Villa Capelvenere","url":"https:\/\/www.villacapelvenere.it\/","logo":{"@type":"ImageObject","inLanguage":"fr-FR","@id":"https:\/\/www.villacapelvenere.it\/#\/schema\/logo\/image\/","url":"https:\/\/www.villacapelvenere.it\/wp-content\/uploads\/2022\/01\/logo-villa-capelvenere.png","contentUrl":"https:\/\/www.villacapelvenere.it\/wp-content\/uploads\/2022\/01\/logo-villa-capelvenere.png","width":2834,"height":746,"caption":"Villa Capelvenere"},"image":{"@id":"https:\/\/www.villacapelvenere.it\/#\/schema\/logo\/image\/"},"sameAs":["https:\/\/instagram.com\/villacapelvenere?igshid=YmMyMTA2M2Y","https:\/\/www.facebook.com\/profile.php?id=100083372910744"]}]}},"_links":{"self":[{"href":"https:\/\/www.villacapelvenere.it\/fr\/wp-json\/wp\/v2\/pages\/2127","targetHints":{"allow":["GET"]}}],"collection":[{"href":"https:\/\/www.villacapelvenere.it\/fr\/wp-json\/wp\/v2\/pages"}],"about":[{"href":"https:\/\/www.villacapelvenere.it\/fr\/wp-json\/wp\/v2\/types\/page"}],"author":[{"embeddable":true,"href":"https:\/\/www.villacapelvenere.it\/fr\/wp-json\/wp\/v2\/users\/1"}],"replies":[{"embeddable":true,"href":"https:\/\/www.villacapelvenere.it\/fr\/wp-json\/wp\/v2\/comments?post=2127"}],"version-history":[{"count":1,"href":"https:\/\/www.villacapelvenere.it\/fr\/wp-json\/wp\/v2\/pages\/2127\/revisions"}],"predecessor-version":[{"id":2129,"href":"https:\/\/www.villacapelvenere.it\/fr\/wp-json\/wp\/v2\/pages\/2127\/revisions\/2129"}],"wp:attachment":[{"href":"https:\/\/www.villacapelvenere.it\/fr\/wp-json\/wp\/v2\/media?parent=2127"}],"curies":[{"name":"wp","href":"https:\/\/api.w.org\/{rel}","templated":true}]}}