{"id":2123,"date":"2022-01-25T07:38:59","date_gmt":"2022-01-25T07:38:59","guid":{"rendered":"https:\/\/www.villacapelvenere.it\/?page_id=2123"},"modified":"2023-01-13T13:49:04","modified_gmt":"2023-01-13T13:49:04","slug":"une-terrasse-en-bord-de-mer","status":"publish","type":"page","link":"https:\/\/www.villacapelvenere.it\/fr\/une-terrasse-en-bord-de-mer\/","title":{"rendered":"Une terrasse en bord de mer"},"content":{"rendered":"\n<div class=\"wp-block-getwid-section alignfull alignfull getwid-section-content-custom-width\"><div class=\"wp-block-getwid-section__wrapper getwid-padding-left-medium getwid-padding-right-medium\"><div class=\"wp-block-getwid-section__inner-wrapper\" style=\"max-width:1140px\"><div class=\"wp-block-getwid-section__background-holder\"><div class=\"wp-block-getwid-section__background\"><\/div><div class=\"wp-block-getwid-section__foreground\"><\/div><\/div><div class=\"wp-block-getwid-section__content\"><div class=\"wp-block-getwid-section__inner-content\">\n<div class=\"wp-block-columns has-2-columns are-vertically-aligned-center is-layout-flex wp-container-core-columns-is-layout-9d6595d7 wp-block-columns-is-layout-flex\">\n<div class=\"wp-block-column is-vertically-aligned-center is-layout-flow wp-block-column-is-layout-flow\">\n<figure class=\"wp-block-image size-large\"><img loading=\"lazy\" decoding=\"async\" width=\"1024\" height=\"683\" src=\"http:\/\/www.villacapelvenere.it\/wp-content\/uploads\/2022\/05\/cartoeIMG_3382-1024x683.jpg\" alt=\"\" class=\"wp-image-820\" srcset=\"https:\/\/www.villacapelvenere.it\/wp-content\/uploads\/2022\/05\/cartoeIMG_3382-1024x683.jpg 1024w, https:\/\/www.villacapelvenere.it\/wp-content\/uploads\/2022\/05\/cartoeIMG_3382-300x200.jpg 300w, https:\/\/www.villacapelvenere.it\/wp-content\/uploads\/2022\/05\/cartoeIMG_3382-768x512.jpg 768w, https:\/\/www.villacapelvenere.it\/wp-content\/uploads\/2022\/05\/cartoeIMG_3382-1536x1024.jpg 1536w, https:\/\/www.villacapelvenere.it\/wp-content\/uploads\/2022\/05\/cartoeIMG_3382-2048x1365.jpg 2048w, https:\/\/www.villacapelvenere.it\/wp-content\/uploads\/2022\/05\/cartoeIMG_3382-2000x1333.jpg 2000w, https:\/\/www.villacapelvenere.it\/wp-content\/uploads\/2022\/05\/cartoeIMG_3382-927x618.jpg 927w\" sizes=\"auto, (max-width: 1024px) 100vw, 1024px\" \/><\/figure>\n<\/div>\n\n\n\n<div class=\"wp-block-column is-layout-flow wp-block-column-is-layout-flow\">\n<div class=\"wp-block-getwid-section\"><div class=\"wp-block-getwid-section__wrapper getwid-padding-top-none getwid-padding-bottom-none getwid-padding-left-medium getwid-padding-right-none getwid-padding-mobile-left-none\"><div class=\"wp-block-getwid-section__inner-wrapper\"><div class=\"wp-block-getwid-section__background-holder\"><div class=\"wp-block-getwid-section__background\"><\/div><div class=\"wp-block-getwid-section__foreground\"><\/div><\/div><div class=\"wp-block-getwid-section__content\"><div class=\"wp-block-getwid-section__inner-content\">\n<div class=\"wp-block-getwid-advanced-heading\"><span class=\"wp-block-getwid-advanced-heading__content\" style=\"padding-top:0px;padding-bottom:0px\">\u00c0 5 km de la villa<\/span><\/div>\n\n\n\n<div class=\"wp-block-getwid-advanced-heading\" style=\"margin-bottom:30px;margin-top:10px\"><h2 class=\"wp-block-getwid-advanced-heading__content\">Espace priv\u00e9 avec vue sur la plage de Cala Cartoe<\/h2><\/div>\n\n\n\n<p>Les logements de la Villa Capelvenere ne sont pas \u00ab les pieds dans l\u2019eau \u00bb mais les h\u00f4tes auront le droit d\u2019acc\u00e9der \u00e0 l\u2019exclusive \u00ab Veranda su Cala Cartoe \u00bb (terrasse surplombant Cala Cartoe) \u00e0 5 km de la villa.<br>\u00c0 5 km de la villa, un espace priv\u00e9 avec vue sur la plage de Cala Cartoe. Parking gratuit, une table \u00e0 l\u2019ombre et une vue \u00e9poustouflante sur la plage. Vous pourrez r\u00e9server gratuitement votre journ\u00e9e dans la \u00ab Veranda sul mare \u00bb. Pour rejoindre la plage de Cala Cartoe depuis la terrasse, il vous suffit d\u2019emprunter un court sentier (pr\u00e9voyez des chaussures ferm\u00e9es) qui, en 5 minutes seulement, vous m\u00e8nera \u00e0 destination.<br>Sur la grande table avec vue sur la mer, vous pourrez consommer votre panier-repas ou le r\u00e9server au kiosque bar du parc-mus\u00e9e.<\/p>\n\n\n\n<div class=\"wp-block-getwid-advanced-spacer\" style=\"height:10px\" aria-hidden=\"true\"><\/div>\n<\/div><\/div><\/div><\/div><\/div>\n<\/div>\n<\/div>\n<\/div><\/div><\/div><\/div><\/div>\n\n\n\n<p><\/p>\n","protected":false},"excerpt":{"rendered":"","protected":false},"author":1,"featured_media":0,"parent":0,"menu_order":0,"comment_status":"closed","ping_status":"closed","template":"template-grid-page.php","meta":{"footnotes":""},"class_list":["post-2123","page","type-page","status-publish","hentry"],"yoast_head":"<!-- This site is optimized with the Yoast SEO plugin v19.10 - https:\/\/yoast.com\/wordpress\/plugins\/seo\/ -->\n<title>Une terrasse en bord de mer - Villa Capelvenere<\/title>\n<meta name=\"robots\" content=\"index, follow, max-snippet:-1, max-image-preview:large, max-video-preview:-1\" \/>\n<link rel=\"canonical\" href=\"https:\/\/www.villacapelvenere.it\/fr\/une-terrasse-en-bord-de-mer\/\" \/>\n<meta property=\"og:locale\" content=\"fr_FR\" \/>\n<meta property=\"og:type\" content=\"article\" \/>\n<meta property=\"og:title\" content=\"Une terrasse en bord de mer - Villa Capelvenere\" \/>\n<meta property=\"og:url\" content=\"https:\/\/www.villacapelvenere.it\/fr\/une-terrasse-en-bord-de-mer\/\" \/>\n<meta property=\"og:site_name\" content=\"Villa Capelvenere\" \/>\n<meta property=\"article:publisher\" content=\"https:\/\/www.facebook.com\/profile.php?id=100083372910744\" \/>\n<meta property=\"article:modified_time\" content=\"2023-01-13T13:49:04+00:00\" \/>\n<meta property=\"og:image\" content=\"http:\/\/www.villacapelvenere.it\/wp-content\/uploads\/2022\/05\/cartoeIMG_3382-1024x683.jpg\" \/>\n<meta name=\"twitter:card\" content=\"summary_large_image\" \/>\n<meta name=\"twitter:label1\" content=\"Dur\u00e9e de lecture estim\u00e9e\" \/>\n\t<meta name=\"twitter:data1\" content=\"1 minute\" \/>\n<script type=\"application\/ld+json\" class=\"yoast-schema-graph\">{\"@context\":\"https:\/\/schema.org\",\"@graph\":[{\"@type\":\"WebPage\",\"@id\":\"https:\/\/www.villacapelvenere.it\/fr\/une-terrasse-en-bord-de-mer\/\",\"url\":\"https:\/\/www.villacapelvenere.it\/fr\/une-terrasse-en-bord-de-mer\/\",\"name\":\"Une terrasse en bord de mer - Villa Capelvenere\",\"isPartOf\":{\"@id\":\"https:\/\/www.villacapelvenere.it\/#website\"},\"datePublished\":\"2022-01-25T07:38:59+00:00\",\"dateModified\":\"2023-01-13T13:49:04+00:00\",\"breadcrumb\":{\"@id\":\"https:\/\/www.villacapelvenere.it\/fr\/une-terrasse-en-bord-de-mer\/#breadcrumb\"},\"inLanguage\":\"fr-FR\",\"potentialAction\":[{\"@type\":\"ReadAction\",\"target\":[\"https:\/\/www.villacapelvenere.it\/fr\/une-terrasse-en-bord-de-mer\/\"]}]},{\"@type\":\"BreadcrumbList\",\"@id\":\"https:\/\/www.villacapelvenere.it\/fr\/une-terrasse-en-bord-de-mer\/#breadcrumb\",\"itemListElement\":[{\"@type\":\"ListItem\",\"position\":1,\"name\":\"Home\",\"item\":\"https:\/\/www.villacapelvenere.it\/fr\/\"},{\"@type\":\"ListItem\",\"position\":2,\"name\":\"Une terrasse en bord de mer\"}]},{\"@type\":\"WebSite\",\"@id\":\"https:\/\/www.villacapelvenere.it\/#website\",\"url\":\"https:\/\/www.villacapelvenere.it\/\",\"name\":\"Villa Capelvenere\",\"description\":\"Ville immerse nella natura a due passi dalle pi\u00f9 belle spiagge della Sardegna\",\"publisher\":{\"@id\":\"https:\/\/www.villacapelvenere.it\/#organization\"},\"potentialAction\":[{\"@type\":\"SearchAction\",\"target\":{\"@type\":\"EntryPoint\",\"urlTemplate\":\"https:\/\/www.villacapelvenere.it\/?s={search_term_string}\"},\"query-input\":\"required name=search_term_string\"}],\"inLanguage\":\"fr-FR\"},{\"@type\":\"Organization\",\"@id\":\"https:\/\/www.villacapelvenere.it\/#organization\",\"name\":\"Villa Capelvenere\",\"url\":\"https:\/\/www.villacapelvenere.it\/\",\"logo\":{\"@type\":\"ImageObject\",\"inLanguage\":\"fr-FR\",\"@id\":\"https:\/\/www.villacapelvenere.it\/#\/schema\/logo\/image\/\",\"url\":\"https:\/\/www.villacapelvenere.it\/wp-content\/uploads\/2022\/01\/logo-villa-capelvenere.png\",\"contentUrl\":\"https:\/\/www.villacapelvenere.it\/wp-content\/uploads\/2022\/01\/logo-villa-capelvenere.png\",\"width\":2834,\"height\":746,\"caption\":\"Villa Capelvenere\"},\"image\":{\"@id\":\"https:\/\/www.villacapelvenere.it\/#\/schema\/logo\/image\/\"},\"sameAs\":[\"https:\/\/instagram.com\/villacapelvenere?igshid=YmMyMTA2M2Y\",\"https:\/\/www.facebook.com\/profile.php?id=100083372910744\"]}]}<\/script>\n<!-- \/ Yoast SEO plugin. -->","yoast_head_json":{"title":"Une terrasse en bord de mer - Villa Capelvenere","robots":{"index":"index","follow":"follow","max-snippet":"max-snippet:-1","max-image-preview":"max-image-preview:large","max-video-preview":"max-video-preview:-1"},"canonical":"https:\/\/www.villacapelvenere.it\/fr\/une-terrasse-en-bord-de-mer\/","og_locale":"fr_FR","og_type":"article","og_title":"Une terrasse en bord de mer - Villa Capelvenere","og_url":"https:\/\/www.villacapelvenere.it\/fr\/une-terrasse-en-bord-de-mer\/","og_site_name":"Villa Capelvenere","article_publisher":"https:\/\/www.facebook.com\/profile.php?id=100083372910744","article_modified_time":"2023-01-13T13:49:04+00:00","og_image":[{"url":"http:\/\/www.villacapelvenere.it\/wp-content\/uploads\/2022\/05\/cartoeIMG_3382-1024x683.jpg"}],"twitter_card":"summary_large_image","twitter_misc":{"Dur\u00e9e de lecture estim\u00e9e":"1 minute"},"schema":{"@context":"https:\/\/schema.org","@graph":[{"@type":"WebPage","@id":"https:\/\/www.villacapelvenere.it\/fr\/une-terrasse-en-bord-de-mer\/","url":"https:\/\/www.villacapelvenere.it\/fr\/une-terrasse-en-bord-de-mer\/","name":"Une terrasse en bord de mer - Villa Capelvenere","isPartOf":{"@id":"https:\/\/www.villacapelvenere.it\/#website"},"datePublished":"2022-01-25T07:38:59+00:00","dateModified":"2023-01-13T13:49:04+00:00","breadcrumb":{"@id":"https:\/\/www.villacapelvenere.it\/fr\/une-terrasse-en-bord-de-mer\/#breadcrumb"},"inLanguage":"fr-FR","potentialAction":[{"@type":"ReadAction","target":["https:\/\/www.villacapelvenere.it\/fr\/une-terrasse-en-bord-de-mer\/"]}]},{"@type":"BreadcrumbList","@id":"https:\/\/www.villacapelvenere.it\/fr\/une-terrasse-en-bord-de-mer\/#breadcrumb","itemListElement":[{"@type":"ListItem","position":1,"name":"Home","item":"https:\/\/www.villacapelvenere.it\/fr\/"},{"@type":"ListItem","position":2,"name":"Une terrasse en bord de mer"}]},{"@type":"WebSite","@id":"https:\/\/www.villacapelvenere.it\/#website","url":"https:\/\/www.villacapelvenere.it\/","name":"Villa Capelvenere","description":"Ville immerse nella natura a due passi dalle pi\u00f9 belle spiagge della Sardegna","publisher":{"@id":"https:\/\/www.villacapelvenere.it\/#organization"},"potentialAction":[{"@type":"SearchAction","target":{"@type":"EntryPoint","urlTemplate":"https:\/\/www.villacapelvenere.it\/?s={search_term_string}"},"query-input":"required name=search_term_string"}],"inLanguage":"fr-FR"},{"@type":"Organization","@id":"https:\/\/www.villacapelvenere.it\/#organization","name":"Villa Capelvenere","url":"https:\/\/www.villacapelvenere.it\/","logo":{"@type":"ImageObject","inLanguage":"fr-FR","@id":"https:\/\/www.villacapelvenere.it\/#\/schema\/logo\/image\/","url":"https:\/\/www.villacapelvenere.it\/wp-content\/uploads\/2022\/01\/logo-villa-capelvenere.png","contentUrl":"https:\/\/www.villacapelvenere.it\/wp-content\/uploads\/2022\/01\/logo-villa-capelvenere.png","width":2834,"height":746,"caption":"Villa Capelvenere"},"image":{"@id":"https:\/\/www.villacapelvenere.it\/#\/schema\/logo\/image\/"},"sameAs":["https:\/\/instagram.com\/villacapelvenere?igshid=YmMyMTA2M2Y","https:\/\/www.facebook.com\/profile.php?id=100083372910744"]}]}},"_links":{"self":[{"href":"https:\/\/www.villacapelvenere.it\/fr\/wp-json\/wp\/v2\/pages\/2123","targetHints":{"allow":["GET"]}}],"collection":[{"href":"https:\/\/www.villacapelvenere.it\/fr\/wp-json\/wp\/v2\/pages"}],"about":[{"href":"https:\/\/www.villacapelvenere.it\/fr\/wp-json\/wp\/v2\/types\/page"}],"author":[{"embeddable":true,"href":"https:\/\/www.villacapelvenere.it\/fr\/wp-json\/wp\/v2\/users\/1"}],"replies":[{"embeddable":true,"href":"https:\/\/www.villacapelvenere.it\/fr\/wp-json\/wp\/v2\/comments?post=2123"}],"version-history":[{"count":1,"href":"https:\/\/www.villacapelvenere.it\/fr\/wp-json\/wp\/v2\/pages\/2123\/revisions"}],"predecessor-version":[{"id":2125,"href":"https:\/\/www.villacapelvenere.it\/fr\/wp-json\/wp\/v2\/pages\/2123\/revisions\/2125"}],"wp:attachment":[{"href":"https:\/\/www.villacapelvenere.it\/fr\/wp-json\/wp\/v2\/media?parent=2123"}],"curies":[{"name":"wp","href":"https:\/\/api.w.org\/{rel}","templated":true}]}}