{"id":1991,"date":"2022-01-24T20:44:02","date_gmt":"2022-01-24T20:44:02","guid":{"rendered":"https:\/\/www.villacapelvenere.it\/?page_id=1991"},"modified":"2023-01-18T19:20:02","modified_gmt":"2023-01-18T19:20:02","slug":"dormir-a-dorgali","status":"publish","type":"page","link":"https:\/\/www.villacapelvenere.it\/fr\/dormir-a-dorgali\/","title":{"rendered":"O\u00f9 dormir \u00e0 Dorgali et o\u00f9 dormir \u00e0 Cala Gonone"},"content":{"rendered":"\n<pre class=\"wp-block-verse\">Dorgali est un village de 8 000 habitants, connu pour son territoire, l\u2019artisanat, les\nvins et les fromages.<\/pre>\n\n\n\n<h2 class=\"wp-block-heading\">Dormir \u00e0 Dorgali <\/h2>\n\n\n\n<p>S\u00e9journer et <strong>Dormir \u00e0 Dorgali<\/strong> rendra vos vacances parfaites. En effet, son territoire<br>regorge d\u2019attractions : des plages de Cala Gonone, aux grottes du Bue Marino, le<br><a href=\"https:\/\/www.sabbafrisca.com\/fr\/\">parc-mus\u00e9e S\u2019Abba Frisca<\/a>, l\u2019aquarium de Cala Gonone, jusqu\u2019aux multiples<br>parcours de randonn\u00e9es pour les amateurs de trekking.<\/p>\n\n\n\n<div class=\"wp-block-media-text alignwide is-stacked-on-mobile\"><figure class=\"wp-block-media-text__media\"><img loading=\"lazy\" decoding=\"async\" width=\"683\" height=\"1024\" src=\"https:\/\/www.villacapelvenere.it\/wp-content\/uploads\/2022\/12\/tiscali-2015-_MG_9650-2-683x1024.jpg\" alt=\"Excursion a Dorgali\" class=\"wp-image-1977 size-full\" srcset=\"https:\/\/www.villacapelvenere.it\/wp-content\/uploads\/2022\/12\/tiscali-2015-_MG_9650-2-683x1024.jpg 683w, https:\/\/www.villacapelvenere.it\/wp-content\/uploads\/2022\/12\/tiscali-2015-_MG_9650-2-200x300.jpg 200w, https:\/\/www.villacapelvenere.it\/wp-content\/uploads\/2022\/12\/tiscali-2015-_MG_9650-2-768x1152.jpg 768w, https:\/\/www.villacapelvenere.it\/wp-content\/uploads\/2022\/12\/tiscali-2015-_MG_9650-2-1024x1536.jpg 1024w, https:\/\/www.villacapelvenere.it\/wp-content\/uploads\/2022\/12\/tiscali-2015-_MG_9650-2-1365x2048.jpg 1365w, https:\/\/www.villacapelvenere.it\/wp-content\/uploads\/2022\/12\/tiscali-2015-_MG_9650-2-2000x3000.jpg 2000w, https:\/\/www.villacapelvenere.it\/wp-content\/uploads\/2022\/12\/tiscali-2015-_MG_9650-2-412x618.jpg 412w, https:\/\/www.villacapelvenere.it\/wp-content\/uploads\/2022\/12\/tiscali-2015-_MG_9650-2-scaled.jpg 1707w\" sizes=\"auto, (max-width: 683px) 100vw, 683px\" \/><\/figure><div class=\"wp-block-media-text__content\">\n<h2 class=\"wp-block-heading\">Choses \u00e0 faire \u00e0 vous voulez dormir \u00e0 Dorgali<\/h2>\n\n\n\n<p>\u00c0 pr\u00e9sent, voyons voir les principales attractions que propose le village de Dorgali et<br>o\u00f9 dormir \u00e0 <strong>Dorgali<\/strong>.<\/p>\n\n\n\n<ul class=\"wp-block-list\">\n<li><strong>Le parc-mus\u00e9e S\u2019Abba Frisca<\/strong> : directement dans l\u2019espace situ\u00e9 juste devant la villa.<\/li>\n\n\n\n<li><strong>La grotte d\u2019Ispinigoli <\/strong>(5 km de la villa) : une profonde cavit\u00e9 avec, au centre, une colonne calcaire d\u2019environ 40 m ;<\/li>\n\n\n\n<li><strong>Le mus\u00e9e arch\u00e9ologique de Dorgali<\/strong> (6 km de la villa) : conseill\u00e9 pour ceux qui souhaitent d\u00e9couvrir la civilisation nuragique (entr\u00e9e gratuite avec le billet de la grotte d\u2019Ispinigoli);<\/li>\n\n\n\n<li><strong>Le village nuragique de Serra \u2018e Orrios <\/strong>(14 km de la villa) : un vaste et fascinant village nuragique ;<\/li>\n\n\n\n<li><strong>La tombe des g\u00e9ants de S\u2019ena \u2018e Thomes <\/strong>(20 km de la villa) : une tombe commune remontant \u00e0 1 800-1 600 av. J.-C. ;<\/li>\n\n\n\n<li><strong>Le village de Tiscali <\/strong>: un petit village nich\u00e9 au c\u0153ur d\u2019une doline calcaire, accessible gr\u00e2ce \u00e0 un trekking (consultez la section sur les excursions pour en savoir plus) ;<\/li>\n\n\n\n<li><strong>Une promenade parmi les boutiques d\u2019artisanat de Dorgali<\/strong> : le village de Dorgali est r\u00e9put\u00e9 pour ses produits artisanaux. Dans les boutiques des rues du centre historique, vous pourrez trouver des maroquiniers, orf\u00e8vres et c\u00e9ramistes.<\/li>\n\n\n\n<li><strong>Une excursion en kayak sur le lac Cedrino<\/strong> : le lac Cedrino est un lac artificiel au pied du Supramonte de Dorgali et Oliena. Il constitue l\u2019une des principales attractions de Dorgali pour le tourisme actif. Vous pouvez l\u2019explorer en louant un kayak avec ou sans guide pour d\u00e9couvrir des lieux d\u2019int\u00e9r\u00eat tels que : la grotte du Guano, les orgues basaltiques, la source de Su Gologone et la digue de Pedra \u2018e Othoni. Tout le long du parcours, vous pourrez croiser des animaux, parmi lesquels les superbes mouflons.<\/li>\n<\/ul>\n<\/div><\/div>\n\n\n\n<h2 class=\"wp-block-heading\">Cala Gonone<\/h2>\n\n\n\n<p>Cala Gonone, hameau de Dorgali, est un bourg touristique sur la c\u00f4te. Depuis le<br>petit port de Cala Gonone, vous pouvez rejoindre les c\u00e9l\u00e8bres plages du Golfe<br>d\u2019Orosei \u00e0 bord de petits ferries ou en louant un canot (avec ou sans conducteur).<\/p>\n\n\n\n<h2 class=\"wp-block-heading\">Dormir \u00e0 Cala Gonone<\/h2>\n\n\n\n<p>Le meilleur endroit pour <strong>dormir \u00e0 Cala Gonone<\/strong> est sans aucun doute la Villa<br>Capelvenere ; situ\u00e9e \u00e0 seulement 4 km du village, elle permet de profiter pleinement<br>de ses services et de visiter facilement les attractions, en restant loin de l\u2019agitation.<\/p>\n\n\n\n<div class=\"wp-block-media-text alignwide is-stacked-on-mobile\"><figure class=\"wp-block-media-text__media\"><img loading=\"lazy\" decoding=\"async\" width=\"768\" height=\"1024\" src=\"https:\/\/www.villacapelvenere.it\/wp-content\/uploads\/2022\/11\/Cala-Fuili-768x1024.jpg\" alt=\"La plage Cala Fuili  en Cala Gonone\" class=\"wp-image-1865 size-full\" srcset=\"https:\/\/www.villacapelvenere.it\/wp-content\/uploads\/2022\/11\/Cala-Fuili-768x1024.jpg 768w, https:\/\/www.villacapelvenere.it\/wp-content\/uploads\/2022\/11\/Cala-Fuili-225x300.jpg 225w, https:\/\/www.villacapelvenere.it\/wp-content\/uploads\/2022\/11\/Cala-Fuili-1152x1536.jpg 1152w, https:\/\/www.villacapelvenere.it\/wp-content\/uploads\/2022\/11\/Cala-Fuili-464x618.jpg 464w, https:\/\/www.villacapelvenere.it\/wp-content\/uploads\/2022\/11\/Cala-Fuili.jpg 1500w\" sizes=\"auto, (max-width: 768px) 100vw, 768px\" \/><\/figure><div class=\"wp-block-media-text__content\">\n<h3 class=\"wp-block-heading\">Un voyage \u00e0 Cala Gonone ?<\/h3>\n\n\n\n<p>Voici quelques-unes des principales attractions de Cala Gonone qui vous attendent :<\/p>\n\n\n\n<ul class=\"wp-block-list\">\n<li><strong>La plage Centrale<\/strong> et celle de Palmasera, facilement rejoignables en voiture depuis les rues du village (5 km de la villa) ;<\/li>\n\n\n\n<li><strong><strong>La plage <\/strong>Palmasera<\/strong> : plage de minuscules galets rose \u00e0 proximit\u00e9 imm\u00e9diate du village de Cala Gonone ;<\/li>\n\n\n\n<li><strong><strong>La plage <\/strong>Cala Fuili<\/strong> : plage de gros galets, \u00e0 quelques kilom\u00e8tres seulement du village de Cala Gonone ;<\/li>\n\n\n\n<li><strong>La plage  Sos Dorroles <\/strong>: plage de petits galets et de sable \u00e0 quelques kilom\u00e8tres seulement du village de Cala Gonone ;<\/li>\n\n\n\n<li><strong><strong>La plage<\/strong><\/strong> <strong>S\u2019Abba Meica<\/strong> : plage de petits galets et de sable \u00e0 quelques kilom\u00e8tres seulement du village de Cala Gonone ;<\/li>\n\n\n\n<li><strong>La plage<\/strong> <strong>Cala Luna<\/strong> : plage de sable entour\u00e9e de parois calcaires sur lesquelles s\u2019ouvrent de larges grottes. Accessible par la mer ou par trekking (consultez la section sur les excursions pour en savoir plus) ;<\/li>\n\n\n\n<li><strong>La plage<\/strong> <strong>Ziu Santoru<\/strong> : petite plage de sable peu connue, accessible par la mer ou par trekking (consultez la section sur les excursions pour en savoir plus) ;<\/li>\n\n\n\n<li><strong>La plage<\/strong> <strong>Oddoana <\/strong>: petite plage de sable peu connue, accessible par la mer ou par trekking (consultez la section sur les excursions pour en savoir plus) ;<\/li>\n\n\n\n<li><strong>Parc-mus\u00e9e S\u2019Abba Frisca<\/strong> : (\u00e0 proximit\u00e9 imm\u00e9diate de la villa), les h\u00f4tes pourront visiter le parc-mus\u00e9e en b\u00e9n\u00e9ficiant d\u2019une remise (en savoir plus) ;<\/li>\n\n\n\n<li><strong>L\u2019aquarium de Cala Gonone<\/strong> : petit aquarium qui reproduit les fonds de la M\u00e9diterran\u00e9e. Vous pourrez y admirer certaines esp\u00e8ces tropicales ;<\/li>\n\n\n\n<li><strong>Le complexe nuragique de Nuraghe Mannu <\/strong>: situ\u00e9 \u00e0 Cala Gonone, il vous fera d\u00e9couvrir la mani\u00e8re dont vivaient les peuples nuragiques ;<\/li>\n\n\n\n<li><strong>Une promenade le long de la route panoramique <\/strong>: promenade remarquable avec vue sur le Golfe d\u2019Orosei ;<\/li>\n\n\n\n<li><strong>Une promenade sur le front de mer<\/strong> : promenade parmi les bars et restaurants et la plage de Cala Gonone, id\u00e9ale si vous cherchez des id\u00e9es de sortie le soir \u00e0 Cala Gonone ;<\/li>\n<\/ul>\n<\/div><\/div>\n\n\n\n<h2 class=\"wp-block-heading\">O\u00f9 dormir \u00e0 Dorgali et o\u00f9 dormir \u00e0 Cala Gonone<\/h2>\n\n\n\n<p>Si vous recherchez un logement entre Dorgali et <a href=\"http:\/\/www.sabbafrisca.com\/fr\">Cala Gonone,<\/a> proche de la mer mais dans un endroit paisible, vous \u00eates au bon endroit :<a href=\"https:\/\/www.villacapelvenere.it\/fr\/\"> ViIla Capelvenere <\/a>blottie dans la vall\u00e9e de Littu.<\/p>\n","protected":false},"excerpt":{"rendered":"<p>Dorgali est un village de 8 000 habitants, connu pour son territoire, l\u2019artisanat, les vins et les fromages. Dormir \u00e0 Dorgali S\u00e9journer et Dormir \u00e0 Dorgali rendra vos vacances parfaites. En effet, son territoireregorge d\u2019attractions : des plages de Cala Gonone, aux grottes du Bue Marino, leparc-mus\u00e9e S\u2019Abba Frisca, l\u2019aquarium de Cala Gonone, jusqu\u2019aux multiplesparcours &hellip; <a href=\"https:\/\/www.villacapelvenere.it\/fr\/dormir-a-dorgali\/\" class=\"more-link\">Continue reading<span class=\"screen-reader-text\"> \u00ab\u00a0O\u00f9 dormir \u00e0 Dorgali et o\u00f9 dormir \u00e0 Cala Gonone\u00a0\u00bb<\/span><\/a><\/p>\n","protected":false},"author":1,"featured_media":2220,"parent":0,"menu_order":0,"comment_status":"closed","ping_status":"closed","template":"","meta":{"footnotes":""},"class_list":["post-1991","page","type-page","status-publish","has-post-thumbnail","hentry"],"yoast_head":"<!-- This site is optimized with the Yoast SEO plugin v19.10 - https:\/\/yoast.com\/wordpress\/plugins\/seo\/ -->\n<title>Dormir \u00e0 Dorgali - Villa Capelvenere<\/title>\n<meta name=\"description\" content=\"Dormir \u00e0 Dorgali et Cala Gonone, proche de la mer mais dans un endroit paisible: ViIla Capelvenere blottie dans la vall\u00e9e de Littu.\" \/>\n<meta name=\"robots\" content=\"index, follow, max-snippet:-1, max-image-preview:large, max-video-preview:-1\" \/>\n<link rel=\"canonical\" href=\"https:\/\/www.villacapelvenere.it\/fr\/dormir-a-dorgali\/\" \/>\n<meta property=\"og:locale\" content=\"fr_FR\" \/>\n<meta property=\"og:type\" content=\"article\" \/>\n<meta property=\"og:title\" content=\"Dormir \u00e0 Dorgali - Villa Capelvenere\" \/>\n<meta property=\"og:description\" content=\"Dormir \u00e0 Dorgali et Cala Gonone, proche de la mer mais dans un endroit paisible: ViIla Capelvenere blottie dans la vall\u00e9e de Littu.\" \/>\n<meta property=\"og:url\" content=\"https:\/\/www.villacapelvenere.it\/fr\/dormir-a-dorgali\/\" \/>\n<meta property=\"og:site_name\" content=\"Villa Capelvenere\" \/>\n<meta property=\"article:publisher\" content=\"https:\/\/www.facebook.com\/profile.php?id=100083372910744\" \/>\n<meta property=\"article:modified_time\" content=\"2023-01-18T19:20:02+00:00\" \/>\n<meta property=\"og:image\" content=\"https:\/\/www.villacapelvenere.it\/wp-content\/uploads\/2023\/01\/panoramica-villa-capelvenere-scaled.jpg\" \/>\n\t<meta property=\"og:image:width\" content=\"2560\" \/>\n\t<meta property=\"og:image:height\" content=\"1440\" \/>\n\t<meta property=\"og:image:type\" content=\"image\/jpeg\" \/>\n<meta name=\"twitter:card\" content=\"summary_large_image\" \/>\n<meta name=\"twitter:label1\" content=\"Dur\u00e9e de lecture estim\u00e9e\" \/>\n\t<meta name=\"twitter:data1\" content=\"5 minutes\" \/>\n<script type=\"application\/ld+json\" class=\"yoast-schema-graph\">{\"@context\":\"https:\/\/schema.org\",\"@graph\":[{\"@type\":\"WebPage\",\"@id\":\"https:\/\/www.villacapelvenere.it\/fr\/dormir-a-dorgali\/\",\"url\":\"https:\/\/www.villacapelvenere.it\/fr\/dormir-a-dorgali\/\",\"name\":\"Dormir \u00e0 Dorgali - Villa Capelvenere\",\"isPartOf\":{\"@id\":\"https:\/\/www.villacapelvenere.it\/#website\"},\"datePublished\":\"2022-01-24T20:44:02+00:00\",\"dateModified\":\"2023-01-18T19:20:02+00:00\",\"description\":\"Dormir \u00e0 Dorgali et Cala Gonone, proche de la mer mais dans un endroit paisible: ViIla Capelvenere blottie dans la vall\u00e9e de Littu.\",\"breadcrumb\":{\"@id\":\"https:\/\/www.villacapelvenere.it\/fr\/dormir-a-dorgali\/#breadcrumb\"},\"inLanguage\":\"fr-FR\",\"potentialAction\":[{\"@type\":\"ReadAction\",\"target\":[\"https:\/\/www.villacapelvenere.it\/fr\/dormir-a-dorgali\/\"]}]},{\"@type\":\"BreadcrumbList\",\"@id\":\"https:\/\/www.villacapelvenere.it\/fr\/dormir-a-dorgali\/#breadcrumb\",\"itemListElement\":[{\"@type\":\"ListItem\",\"position\":1,\"name\":\"Home\",\"item\":\"https:\/\/www.villacapelvenere.it\/fr\/\"},{\"@type\":\"ListItem\",\"position\":2,\"name\":\"O\u00f9 dormir \u00e0 Dorgali et o\u00f9 dormir \u00e0 Cala Gonone\"}]},{\"@type\":\"WebSite\",\"@id\":\"https:\/\/www.villacapelvenere.it\/#website\",\"url\":\"https:\/\/www.villacapelvenere.it\/\",\"name\":\"Villa Capelvenere\",\"description\":\"Ville immerse nella natura a due passi dalle pi\u00f9 belle spiagge della Sardegna\",\"publisher\":{\"@id\":\"https:\/\/www.villacapelvenere.it\/#organization\"},\"potentialAction\":[{\"@type\":\"SearchAction\",\"target\":{\"@type\":\"EntryPoint\",\"urlTemplate\":\"https:\/\/www.villacapelvenere.it\/?s={search_term_string}\"},\"query-input\":\"required name=search_term_string\"}],\"inLanguage\":\"fr-FR\"},{\"@type\":\"Organization\",\"@id\":\"https:\/\/www.villacapelvenere.it\/#organization\",\"name\":\"Villa Capelvenere\",\"url\":\"https:\/\/www.villacapelvenere.it\/\",\"logo\":{\"@type\":\"ImageObject\",\"inLanguage\":\"fr-FR\",\"@id\":\"https:\/\/www.villacapelvenere.it\/#\/schema\/logo\/image\/\",\"url\":\"https:\/\/www.villacapelvenere.it\/wp-content\/uploads\/2022\/01\/logo-villa-capelvenere.png\",\"contentUrl\":\"https:\/\/www.villacapelvenere.it\/wp-content\/uploads\/2022\/01\/logo-villa-capelvenere.png\",\"width\":2834,\"height\":746,\"caption\":\"Villa Capelvenere\"},\"image\":{\"@id\":\"https:\/\/www.villacapelvenere.it\/#\/schema\/logo\/image\/\"},\"sameAs\":[\"https:\/\/instagram.com\/villacapelvenere?igshid=YmMyMTA2M2Y\",\"https:\/\/www.facebook.com\/profile.php?id=100083372910744\"]}]}<\/script>\n<!-- \/ Yoast SEO plugin. -->","yoast_head_json":{"title":"Dormir \u00e0 Dorgali - Villa Capelvenere","description":"Dormir \u00e0 Dorgali et Cala Gonone, proche de la mer mais dans un endroit paisible: ViIla Capelvenere blottie dans la vall\u00e9e de Littu.","robots":{"index":"index","follow":"follow","max-snippet":"max-snippet:-1","max-image-preview":"max-image-preview:large","max-video-preview":"max-video-preview:-1"},"canonical":"https:\/\/www.villacapelvenere.it\/fr\/dormir-a-dorgali\/","og_locale":"fr_FR","og_type":"article","og_title":"Dormir \u00e0 Dorgali - Villa Capelvenere","og_description":"Dormir \u00e0 Dorgali et Cala Gonone, proche de la mer mais dans un endroit paisible: ViIla Capelvenere blottie dans la vall\u00e9e de Littu.","og_url":"https:\/\/www.villacapelvenere.it\/fr\/dormir-a-dorgali\/","og_site_name":"Villa Capelvenere","article_publisher":"https:\/\/www.facebook.com\/profile.php?id=100083372910744","article_modified_time":"2023-01-18T19:20:02+00:00","og_image":[{"width":2560,"height":1440,"url":"https:\/\/www.villacapelvenere.it\/wp-content\/uploads\/2023\/01\/panoramica-villa-capelvenere-scaled.jpg","type":"image\/jpeg"}],"twitter_card":"summary_large_image","twitter_misc":{"Dur\u00e9e de lecture estim\u00e9e":"5 minutes"},"schema":{"@context":"https:\/\/schema.org","@graph":[{"@type":"WebPage","@id":"https:\/\/www.villacapelvenere.it\/fr\/dormir-a-dorgali\/","url":"https:\/\/www.villacapelvenere.it\/fr\/dormir-a-dorgali\/","name":"Dormir \u00e0 Dorgali - Villa Capelvenere","isPartOf":{"@id":"https:\/\/www.villacapelvenere.it\/#website"},"datePublished":"2022-01-24T20:44:02+00:00","dateModified":"2023-01-18T19:20:02+00:00","description":"Dormir \u00e0 Dorgali et Cala Gonone, proche de la mer mais dans un endroit paisible: ViIla Capelvenere blottie dans la vall\u00e9e de Littu.","breadcrumb":{"@id":"https:\/\/www.villacapelvenere.it\/fr\/dormir-a-dorgali\/#breadcrumb"},"inLanguage":"fr-FR","potentialAction":[{"@type":"ReadAction","target":["https:\/\/www.villacapelvenere.it\/fr\/dormir-a-dorgali\/"]}]},{"@type":"BreadcrumbList","@id":"https:\/\/www.villacapelvenere.it\/fr\/dormir-a-dorgali\/#breadcrumb","itemListElement":[{"@type":"ListItem","position":1,"name":"Home","item":"https:\/\/www.villacapelvenere.it\/fr\/"},{"@type":"ListItem","position":2,"name":"O\u00f9 dormir \u00e0 Dorgali et o\u00f9 dormir \u00e0 Cala Gonone"}]},{"@type":"WebSite","@id":"https:\/\/www.villacapelvenere.it\/#website","url":"https:\/\/www.villacapelvenere.it\/","name":"Villa Capelvenere","description":"Ville immerse nella natura a due passi dalle pi\u00f9 belle spiagge della Sardegna","publisher":{"@id":"https:\/\/www.villacapelvenere.it\/#organization"},"potentialAction":[{"@type":"SearchAction","target":{"@type":"EntryPoint","urlTemplate":"https:\/\/www.villacapelvenere.it\/?s={search_term_string}"},"query-input":"required name=search_term_string"}],"inLanguage":"fr-FR"},{"@type":"Organization","@id":"https:\/\/www.villacapelvenere.it\/#organization","name":"Villa Capelvenere","url":"https:\/\/www.villacapelvenere.it\/","logo":{"@type":"ImageObject","inLanguage":"fr-FR","@id":"https:\/\/www.villacapelvenere.it\/#\/schema\/logo\/image\/","url":"https:\/\/www.villacapelvenere.it\/wp-content\/uploads\/2022\/01\/logo-villa-capelvenere.png","contentUrl":"https:\/\/www.villacapelvenere.it\/wp-content\/uploads\/2022\/01\/logo-villa-capelvenere.png","width":2834,"height":746,"caption":"Villa Capelvenere"},"image":{"@id":"https:\/\/www.villacapelvenere.it\/#\/schema\/logo\/image\/"},"sameAs":["https:\/\/instagram.com\/villacapelvenere?igshid=YmMyMTA2M2Y","https:\/\/www.facebook.com\/profile.php?id=100083372910744"]}]}},"_links":{"self":[{"href":"https:\/\/www.villacapelvenere.it\/fr\/wp-json\/wp\/v2\/pages\/1991","targetHints":{"allow":["GET"]}}],"collection":[{"href":"https:\/\/www.villacapelvenere.it\/fr\/wp-json\/wp\/v2\/pages"}],"about":[{"href":"https:\/\/www.villacapelvenere.it\/fr\/wp-json\/wp\/v2\/types\/page"}],"author":[{"embeddable":true,"href":"https:\/\/www.villacapelvenere.it\/fr\/wp-json\/wp\/v2\/users\/1"}],"replies":[{"embeddable":true,"href":"https:\/\/www.villacapelvenere.it\/fr\/wp-json\/wp\/v2\/comments?post=1991"}],"version-history":[{"count":6,"href":"https:\/\/www.villacapelvenere.it\/fr\/wp-json\/wp\/v2\/pages\/1991\/revisions"}],"predecessor-version":[{"id":2224,"href":"https:\/\/www.villacapelvenere.it\/fr\/wp-json\/wp\/v2\/pages\/1991\/revisions\/2224"}],"wp:featuredmedia":[{"embeddable":true,"href":"https:\/\/www.villacapelvenere.it\/fr\/wp-json\/wp\/v2\/media\/2220"}],"wp:attachment":[{"href":"https:\/\/www.villacapelvenere.it\/fr\/wp-json\/wp\/v2\/media?parent=1991"}],"curies":[{"name":"wp","href":"https:\/\/api.w.org\/{rel}","templated":true}]}}