{"id":2086,"date":"2022-01-25T07:39:21","date_gmt":"2022-01-25T07:39:21","guid":{"rendered":"https:\/\/www.villacapelvenere.it\/?page_id=2086"},"modified":"2023-01-13T11:33:36","modified_gmt":"2023-01-13T11:33:36","slug":"sardinien-urlaub-auf-dem-bauernhof","status":"publish","type":"page","link":"https:\/\/www.villacapelvenere.it\/de\/sardinien-urlaub-auf-dem-bauernhof\/","title":{"rendered":"Sardinien Urlaub auf dem Bauernhof"},"content":{"rendered":"\n<div class=\"wp-block-columns is-layout-flex wp-container-core-columns-is-layout-9d6595d7 wp-block-columns-is-layout-flex\">\n<div class=\"wp-block-column is-layout-flow wp-block-column-is-layout-flow\" style=\"flex-basis:100%\">\n<div class=\"wp-block-group\"><div class=\"wp-block-group__inner-container is-layout-flow wp-block-group-is-layout-flow\">\n<div class=\"wp-block-columns has-2-columns are-vertically-aligned-center is-layout-flex wp-container-core-columns-is-layout-9d6595d7 wp-block-columns-is-layout-flex\">\n<div class=\"wp-block-column is-vertically-aligned-center is-layout-flow wp-block-column-is-layout-flow\">\n<figure class=\"wp-block-image size-large\"><img loading=\"lazy\" decoding=\"async\" width=\"1024\" height=\"597\" src=\"https:\/\/www.villacapelvenere.it\/wp-content\/uploads\/2022\/10\/l-acqua-e-la-vita-1024x597.jpg\" alt=\"Sardinien Urlaub auf dem Bauernhof\" class=\"wp-image-1579\" srcset=\"https:\/\/www.villacapelvenere.it\/wp-content\/uploads\/2022\/10\/l-acqua-e-la-vita-1024x597.jpg 1024w, https:\/\/www.villacapelvenere.it\/wp-content\/uploads\/2022\/10\/l-acqua-e-la-vita-300x175.jpg 300w, https:\/\/www.villacapelvenere.it\/wp-content\/uploads\/2022\/10\/l-acqua-e-la-vita-768x448.jpg 768w, https:\/\/www.villacapelvenere.it\/wp-content\/uploads\/2022\/10\/l-acqua-e-la-vita-1536x896.jpg 1536w, https:\/\/www.villacapelvenere.it\/wp-content\/uploads\/2022\/10\/l-acqua-e-la-vita-2048x1195.jpg 2048w, https:\/\/www.villacapelvenere.it\/wp-content\/uploads\/2022\/10\/l-acqua-e-la-vita-2000x1167.jpg 2000w, https:\/\/www.villacapelvenere.it\/wp-content\/uploads\/2022\/10\/l-acqua-e-la-vita-1059x618.jpg 1059w\" sizes=\"auto, (max-width: 1024px) 100vw, 1024px\" \/><figcaption class=\"wp-element-caption\">sardischen Bauernhofs<\/figcaption><\/figure>\n<\/div>\n\n\n\n<div class=\"wp-block-column is-layout-flow wp-block-column-is-layout-flow\">\n<div class=\"wp-block-getwid-section\"><div class=\"wp-block-getwid-section__wrapper getwid-padding-top-none getwid-padding-bottom-none getwid-padding-left-medium getwid-padding-right-none getwid-padding-mobile-left-none\"><div class=\"wp-block-getwid-section__inner-wrapper\"><div class=\"wp-block-getwid-section__background-holder\"><div class=\"wp-block-getwid-section__background\"><\/div><div class=\"wp-block-getwid-section__foreground\"><\/div><\/div><div class=\"wp-block-getwid-section__content\"><div class=\"wp-block-getwid-section__inner-content\">\n<div class=\"wp-block-getwid-advanced-heading\"><span class=\"wp-block-getwid-advanced-heading__content\" style=\"padding-top:0px;padding-bottom:0px\">Wenige Meter von der Villa<\/span><\/div>\n\n\n\n<div class=\"wp-block-getwid-advanced-heading\" style=\"margin-bottom:30px;margin-top:10px\"><h2 class=\"wp-block-getwid-advanced-heading__content\">Das Flair eines sardischen Bauernhofs erleben<\/h2><\/div>\n\n\n\n<p>Welche Vorz\u00fcge hat der Urlaub auf dem Bauernhof?<\/p>\n\n\n\n<p>Am Vor- und Nachmittag k\u00f6nnen die G\u00e4ste der Villa Capelvenere zu vereinbarten Uhrzeiten den Bauernhof aufsuchen, um Gem\u00fcse zu ernten, Eier aus dem H\u00fchnerstall zu entnehmen oder einfach die Tiere zu streicheln.<br>F\u00fcr eine noch intensivere Erfahrung k\u00f6nnen sie auch aktiv am Betrieb des Bauernhofs teilhaben und folgende T\u00e4tigkeiten ausf\u00fchren: Pflege und Pflanzung des Gem\u00fcsegartens, Ernte der Oliven im November, die Beschneidung der Olivenb\u00e4ume in den Monaten Dezember, Januar und Februar oder die Pflege der Tiere.<\/p>\n\n\n\n<div class=\"wp-block-getwid-advanced-spacer\" style=\"height:10px\" aria-hidden=\"true\"><\/div>\n<\/div><\/div><\/div><\/div><\/div>\n<\/div>\n<\/div>\n<\/div><\/div>\n<\/div>\n<\/div>\n\n\n\n<div class=\"wp-block-columns has-2-columns are-vertically-aligned-center is-layout-flex wp-container-core-columns-is-layout-9d6595d7 wp-block-columns-is-layout-flex\">\n<div class=\"wp-block-column is-vertically-aligned-center is-layout-flow wp-block-column-is-layout-flow\"><\/div>\n<\/div>\n","protected":false},"excerpt":{"rendered":"","protected":false},"author":1,"featured_media":0,"parent":0,"menu_order":0,"comment_status":"closed","ping_status":"closed","template":"template-grid-page.php","meta":{"footnotes":""},"class_list":["post-2086","page","type-page","status-publish","hentry"],"yoast_head":"<!-- This site is optimized with the Yoast SEO plugin v19.10 - https:\/\/yoast.com\/wordpress\/plugins\/seo\/ -->\n<title>Sardinien Urlaub auf dem Bauernhof - Villa Capelvenere<\/title>\n<meta name=\"description\" content=\"Die G\u00e4ste den Bauernhof aufsuchen um Gem\u00fcse zu ernten eier aus dem H\u00fchnerstall zu entnehmen oder einfach die Tiere zu streicheln\" \/>\n<meta name=\"robots\" content=\"index, follow, max-snippet:-1, max-image-preview:large, max-video-preview:-1\" \/>\n<link rel=\"canonical\" href=\"https:\/\/www.villacapelvenere.it\/de\/sardinien-urlaub-auf-dem-bauernhof\/\" \/>\n<meta property=\"og:locale\" content=\"de_DE\" \/>\n<meta property=\"og:type\" content=\"article\" \/>\n<meta property=\"og:title\" content=\"Sardinien Urlaub auf dem Bauernhof - Villa Capelvenere\" \/>\n<meta property=\"og:description\" content=\"Die G\u00e4ste den Bauernhof aufsuchen um Gem\u00fcse zu ernten eier aus dem H\u00fchnerstall zu entnehmen oder einfach die Tiere zu streicheln\" \/>\n<meta property=\"og:url\" content=\"https:\/\/www.villacapelvenere.it\/de\/sardinien-urlaub-auf-dem-bauernhof\/\" \/>\n<meta property=\"og:site_name\" content=\"Villa Capelvenere\" \/>\n<meta property=\"article:publisher\" content=\"https:\/\/www.facebook.com\/profile.php?id=100083372910744\" \/>\n<meta property=\"article:modified_time\" content=\"2023-01-13T11:33:36+00:00\" \/>\n<meta property=\"og:image\" content=\"https:\/\/www.villacapelvenere.it\/wp-content\/uploads\/2022\/10\/l-acqua-e-la-vita-1024x597.jpg\" \/>\n<meta name=\"twitter:card\" content=\"summary_large_image\" \/>\n<meta name=\"twitter:label1\" content=\"Gesch\u00e4tzte Lesezeit\" \/>\n\t<meta name=\"twitter:data1\" content=\"1\u00a0Minute\" \/>\n<script type=\"application\/ld+json\" class=\"yoast-schema-graph\">{\"@context\":\"https:\/\/schema.org\",\"@graph\":[{\"@type\":\"WebPage\",\"@id\":\"https:\/\/www.villacapelvenere.it\/de\/sardinien-urlaub-auf-dem-bauernhof\/\",\"url\":\"https:\/\/www.villacapelvenere.it\/de\/sardinien-urlaub-auf-dem-bauernhof\/\",\"name\":\"Sardinien Urlaub auf dem Bauernhof - Villa Capelvenere\",\"isPartOf\":{\"@id\":\"https:\/\/www.villacapelvenere.it\/#website\"},\"datePublished\":\"2022-01-25T07:39:21+00:00\",\"dateModified\":\"2023-01-13T11:33:36+00:00\",\"description\":\"Die G\u00e4ste den Bauernhof aufsuchen um Gem\u00fcse zu ernten eier aus dem H\u00fchnerstall zu entnehmen oder einfach die Tiere zu streicheln\",\"breadcrumb\":{\"@id\":\"https:\/\/www.villacapelvenere.it\/de\/sardinien-urlaub-auf-dem-bauernhof\/#breadcrumb\"},\"inLanguage\":\"de\",\"potentialAction\":[{\"@type\":\"ReadAction\",\"target\":[\"https:\/\/www.villacapelvenere.it\/de\/sardinien-urlaub-auf-dem-bauernhof\/\"]}]},{\"@type\":\"BreadcrumbList\",\"@id\":\"https:\/\/www.villacapelvenere.it\/de\/sardinien-urlaub-auf-dem-bauernhof\/#breadcrumb\",\"itemListElement\":[{\"@type\":\"ListItem\",\"position\":1,\"name\":\"Home\",\"item\":\"https:\/\/www.villacapelvenere.it\/de\/\"},{\"@type\":\"ListItem\",\"position\":2,\"name\":\"Sardinien Urlaub auf dem Bauernhof\"}]},{\"@type\":\"WebSite\",\"@id\":\"https:\/\/www.villacapelvenere.it\/#website\",\"url\":\"https:\/\/www.villacapelvenere.it\/\",\"name\":\"Villa Capelvenere\",\"description\":\"Ville immerse nella natura a due passi dalle pi\u00f9 belle spiagge della Sardegna\",\"publisher\":{\"@id\":\"https:\/\/www.villacapelvenere.it\/#organization\"},\"potentialAction\":[{\"@type\":\"SearchAction\",\"target\":{\"@type\":\"EntryPoint\",\"urlTemplate\":\"https:\/\/www.villacapelvenere.it\/?s={search_term_string}\"},\"query-input\":\"required name=search_term_string\"}],\"inLanguage\":\"de\"},{\"@type\":\"Organization\",\"@id\":\"https:\/\/www.villacapelvenere.it\/#organization\",\"name\":\"Villa Capelvenere\",\"url\":\"https:\/\/www.villacapelvenere.it\/\",\"logo\":{\"@type\":\"ImageObject\",\"inLanguage\":\"de\",\"@id\":\"https:\/\/www.villacapelvenere.it\/#\/schema\/logo\/image\/\",\"url\":\"https:\/\/www.villacapelvenere.it\/wp-content\/uploads\/2022\/01\/logo-villa-capelvenere.png\",\"contentUrl\":\"https:\/\/www.villacapelvenere.it\/wp-content\/uploads\/2022\/01\/logo-villa-capelvenere.png\",\"width\":2834,\"height\":746,\"caption\":\"Villa Capelvenere\"},\"image\":{\"@id\":\"https:\/\/www.villacapelvenere.it\/#\/schema\/logo\/image\/\"},\"sameAs\":[\"https:\/\/instagram.com\/villacapelvenere?igshid=YmMyMTA2M2Y\",\"https:\/\/www.facebook.com\/profile.php?id=100083372910744\"]}]}<\/script>\n<!-- \/ Yoast SEO plugin. -->","yoast_head_json":{"title":"Sardinien Urlaub auf dem Bauernhof - Villa Capelvenere","description":"Die G\u00e4ste den Bauernhof aufsuchen um Gem\u00fcse zu ernten eier aus dem H\u00fchnerstall zu entnehmen oder einfach die Tiere zu streicheln","robots":{"index":"index","follow":"follow","max-snippet":"max-snippet:-1","max-image-preview":"max-image-preview:large","max-video-preview":"max-video-preview:-1"},"canonical":"https:\/\/www.villacapelvenere.it\/de\/sardinien-urlaub-auf-dem-bauernhof\/","og_locale":"de_DE","og_type":"article","og_title":"Sardinien Urlaub auf dem Bauernhof - Villa Capelvenere","og_description":"Die G\u00e4ste den Bauernhof aufsuchen um Gem\u00fcse zu ernten eier aus dem H\u00fchnerstall zu entnehmen oder einfach die Tiere zu streicheln","og_url":"https:\/\/www.villacapelvenere.it\/de\/sardinien-urlaub-auf-dem-bauernhof\/","og_site_name":"Villa Capelvenere","article_publisher":"https:\/\/www.facebook.com\/profile.php?id=100083372910744","article_modified_time":"2023-01-13T11:33:36+00:00","og_image":[{"url":"https:\/\/www.villacapelvenere.it\/wp-content\/uploads\/2022\/10\/l-acqua-e-la-vita-1024x597.jpg"}],"twitter_card":"summary_large_image","twitter_misc":{"Gesch\u00e4tzte Lesezeit":"1\u00a0Minute"},"schema":{"@context":"https:\/\/schema.org","@graph":[{"@type":"WebPage","@id":"https:\/\/www.villacapelvenere.it\/de\/sardinien-urlaub-auf-dem-bauernhof\/","url":"https:\/\/www.villacapelvenere.it\/de\/sardinien-urlaub-auf-dem-bauernhof\/","name":"Sardinien Urlaub auf dem Bauernhof - Villa Capelvenere","isPartOf":{"@id":"https:\/\/www.villacapelvenere.it\/#website"},"datePublished":"2022-01-25T07:39:21+00:00","dateModified":"2023-01-13T11:33:36+00:00","description":"Die G\u00e4ste den Bauernhof aufsuchen um Gem\u00fcse zu ernten eier aus dem H\u00fchnerstall zu entnehmen oder einfach die Tiere zu streicheln","breadcrumb":{"@id":"https:\/\/www.villacapelvenere.it\/de\/sardinien-urlaub-auf-dem-bauernhof\/#breadcrumb"},"inLanguage":"de","potentialAction":[{"@type":"ReadAction","target":["https:\/\/www.villacapelvenere.it\/de\/sardinien-urlaub-auf-dem-bauernhof\/"]}]},{"@type":"BreadcrumbList","@id":"https:\/\/www.villacapelvenere.it\/de\/sardinien-urlaub-auf-dem-bauernhof\/#breadcrumb","itemListElement":[{"@type":"ListItem","position":1,"name":"Home","item":"https:\/\/www.villacapelvenere.it\/de\/"},{"@type":"ListItem","position":2,"name":"Sardinien Urlaub auf dem Bauernhof"}]},{"@type":"WebSite","@id":"https:\/\/www.villacapelvenere.it\/#website","url":"https:\/\/www.villacapelvenere.it\/","name":"Villa Capelvenere","description":"Ville immerse nella natura a due passi dalle pi\u00f9 belle spiagge della Sardegna","publisher":{"@id":"https:\/\/www.villacapelvenere.it\/#organization"},"potentialAction":[{"@type":"SearchAction","target":{"@type":"EntryPoint","urlTemplate":"https:\/\/www.villacapelvenere.it\/?s={search_term_string}"},"query-input":"required name=search_term_string"}],"inLanguage":"de"},{"@type":"Organization","@id":"https:\/\/www.villacapelvenere.it\/#organization","name":"Villa Capelvenere","url":"https:\/\/www.villacapelvenere.it\/","logo":{"@type":"ImageObject","inLanguage":"de","@id":"https:\/\/www.villacapelvenere.it\/#\/schema\/logo\/image\/","url":"https:\/\/www.villacapelvenere.it\/wp-content\/uploads\/2022\/01\/logo-villa-capelvenere.png","contentUrl":"https:\/\/www.villacapelvenere.it\/wp-content\/uploads\/2022\/01\/logo-villa-capelvenere.png","width":2834,"height":746,"caption":"Villa Capelvenere"},"image":{"@id":"https:\/\/www.villacapelvenere.it\/#\/schema\/logo\/image\/"},"sameAs":["https:\/\/instagram.com\/villacapelvenere?igshid=YmMyMTA2M2Y","https:\/\/www.facebook.com\/profile.php?id=100083372910744"]}]}},"_links":{"self":[{"href":"https:\/\/www.villacapelvenere.it\/de\/wp-json\/wp\/v2\/pages\/2086","targetHints":{"allow":["GET"]}}],"collection":[{"href":"https:\/\/www.villacapelvenere.it\/de\/wp-json\/wp\/v2\/pages"}],"about":[{"href":"https:\/\/www.villacapelvenere.it\/de\/wp-json\/wp\/v2\/types\/page"}],"author":[{"embeddable":true,"href":"https:\/\/www.villacapelvenere.it\/de\/wp-json\/wp\/v2\/users\/1"}],"replies":[{"embeddable":true,"href":"https:\/\/www.villacapelvenere.it\/de\/wp-json\/wp\/v2\/comments?post=2086"}],"version-history":[{"count":3,"href":"https:\/\/www.villacapelvenere.it\/de\/wp-json\/wp\/v2\/pages\/2086\/revisions"}],"predecessor-version":[{"id":2091,"href":"https:\/\/www.villacapelvenere.it\/de\/wp-json\/wp\/v2\/pages\/2086\/revisions\/2091"}],"wp:attachment":[{"href":"https:\/\/www.villacapelvenere.it\/de\/wp-json\/wp\/v2\/media?parent=2086"}],"curies":[{"name":"wp","href":"https:\/\/api.w.org\/{rel}","templated":true}]}}