{"id":2076,"date":"2022-01-31T21:59:46","date_gmt":"2022-01-31T21:59:46","guid":{"rendered":"https:\/\/www.villacapelvenere.it\/?page_id=2076"},"modified":"2023-01-13T13:31:45","modified_gmt":"2023-01-13T13:31:45","slug":"unterkunft-in-der-parco-museo-sabba-frisca","status":"publish","type":"page","link":"https:\/\/www.villacapelvenere.it\/de\/unterkunft-in-der-parco-museo-sabba-frisca\/","title":{"rendered":"\u00a0Unterkunft in der Parco Museo S&#8217;Abba Frisca"},"content":{"rendered":"<div class=\"wp-block-image\">\n<figure class=\"aligncenter size-large is-resized\"><img loading=\"lazy\" decoding=\"async\" src=\"https:\/\/www.villacapelvenere.it\/wp-content\/uploads\/2022\/02\/Marchio-a-colori-977x1024.png\" alt=\"\" class=\"wp-image-539\" width=\"161\" height=\"169\" srcset=\"https:\/\/www.villacapelvenere.it\/wp-content\/uploads\/2022\/02\/Marchio-a-colori-977x1024.png 977w, https:\/\/www.villacapelvenere.it\/wp-content\/uploads\/2022\/02\/Marchio-a-colori-286x300.png 286w, https:\/\/www.villacapelvenere.it\/wp-content\/uploads\/2022\/02\/Marchio-a-colori-768x805.png 768w, https:\/\/www.villacapelvenere.it\/wp-content\/uploads\/2022\/02\/Marchio-a-colori-1466x1536.png 1466w, https:\/\/www.villacapelvenere.it\/wp-content\/uploads\/2022\/02\/Marchio-a-colori-590x618.png 590w, https:\/\/www.villacapelvenere.it\/wp-content\/uploads\/2022\/02\/Marchio-a-colori.png 1500w\" sizes=\"auto, (max-width: 161px) 100vw, 161px\" \/><\/figure>\n<\/div>\n\n\n<p class=\"has-text-align-center\">Traditionen, Brauchtum, Kulinarik, Kl\u00e4nge und D\u00fcfte der Kultur der Barbagia (Hochebene im Osten Sardiniens) mitten in einer prachtvollen Landschaft: Eine Kombination aus Natur und V\u00f6lkerkunde.<\/p>\n\n\n\n<div class=\"wp-block-getwid-section alignfull alignfull getwid-section-content-custom-width\"><div class=\"wp-block-getwid-section__wrapper getwid-padding-left-medium getwid-padding-right-medium\"><div class=\"wp-block-getwid-section__inner-wrapper\" style=\"max-width:1140px\"><div class=\"wp-block-getwid-section__background-holder\"><div class=\"wp-block-getwid-section__background\"><\/div><div class=\"wp-block-getwid-section__foreground\"><\/div><\/div><div class=\"wp-block-getwid-section__content\"><div class=\"wp-block-getwid-section__inner-content\">\n<div class=\"wp-block-columns has-2-columns are-vertically-aligned-center is-layout-flex wp-container-core-columns-is-layout-9d6595d7 wp-block-columns-is-layout-flex\">\n<div class=\"wp-block-column is-vertically-aligned-center is-layout-flow wp-block-column-is-layout-flow\">\n<figure class=\"wp-block-image size-large\"><img loading=\"lazy\" decoding=\"async\" width=\"684\" height=\"1024\" src=\"https:\/\/www.villacapelvenere.it\/wp-content\/uploads\/2022\/01\/48-DSC07337-684x1024.jpg\" alt=\"\" class=\"wp-image-530\" srcset=\"https:\/\/www.villacapelvenere.it\/wp-content\/uploads\/2022\/01\/48-DSC07337-684x1024.jpg 684w, https:\/\/www.villacapelvenere.it\/wp-content\/uploads\/2022\/01\/48-DSC07337-200x300.jpg 200w, https:\/\/www.villacapelvenere.it\/wp-content\/uploads\/2022\/01\/48-DSC07337-768x1151.jpg 768w, https:\/\/www.villacapelvenere.it\/wp-content\/uploads\/2022\/01\/48-DSC07337-1025x1536.jpg 1025w, https:\/\/www.villacapelvenere.it\/wp-content\/uploads\/2022\/01\/48-DSC07337-413x618.jpg 413w, https:\/\/www.villacapelvenere.it\/wp-content\/uploads\/2022\/01\/48-DSC07337.jpg 1367w\" sizes=\"auto, (max-width: 684px) 100vw, 684px\" \/><\/figure>\n<\/div>\n\n\n\n<div class=\"wp-block-column is-vertically-aligned-center is-layout-flow wp-block-column-is-layout-flow\">\n<div class=\"wp-block-getwid-section\"><div class=\"wp-block-getwid-section__wrapper getwid-padding-top-none getwid-padding-bottom-none getwid-padding-left-medium getwid-padding-right-none getwid-padding-mobile-left-none\"><div class=\"wp-block-getwid-section__inner-wrapper\"><div class=\"wp-block-getwid-section__background-holder\"><div class=\"wp-block-getwid-section__background\"><\/div><div class=\"wp-block-getwid-section__foreground\"><\/div><\/div><div class=\"wp-block-getwid-section__content\"><div class=\"wp-block-getwid-section__inner-content\">\n<p>Der Rundgang durch das Park-Museum beginnt bei einem alten Geh\u00f6ft, das instandgesetzt und neu erschlossen wurde, und f\u00fchrt 400 Meter weit durch megalithische Verbindungsgr\u00e4ben, jahrhundertealte B\u00e4ume und immergr\u00fcne Strauchheidenhecken. Der dominierende Bestandteil ist das Wasser: Die Quelle S\u2019Abba Frisca gibt dem Park nicht nur seinen Namen, sondern speist Brunnen, Wasserf\u00e4lle, Font\u00e4nen und einen kleinen See. Das alte Geh\u00f6ft mitten im Park ist heute das gr\u00f6\u00dfte v\u00f6lkerkundliche Museum Sardiniens, das einen interessanten Einblick in das Bauernleben vom 17.<\/p>\n\n\n\n<div class=\"wp-block-buttons is-layout-flex wp-block-buttons-is-layout-flex\">\n<div class=\"wp-block-button\"><a class=\"wp-block-button__link wp-element-button\">Museum in Sardinien<\/a><\/div>\n<\/div>\n<\/div><\/div><\/div><\/div><\/div>\n<\/div>\n<\/div>\n<\/div><\/div><\/div><\/div><\/div>\n\n\n\n<div class=\"wp-block-getwid-section alignfull alignfull getwid-section-content-custom-width\"><div class=\"wp-block-getwid-section__wrapper getwid-padding-left-medium getwid-padding-right-medium\"><div class=\"wp-block-getwid-section__inner-wrapper\" style=\"max-width:1140px\"><div class=\"wp-block-getwid-section__background-holder\"><div class=\"wp-block-getwid-section__background\"><\/div><div class=\"wp-block-getwid-section__foreground\"><\/div><\/div><div class=\"wp-block-getwid-section__content\"><div class=\"wp-block-getwid-section__inner-content\">\n<div class=\"wp-block-columns has-2-columns are-vertically-aligned-center is-layout-flex wp-container-core-columns-is-layout-9d6595d7 wp-block-columns-is-layout-flex\">\n<div class=\"wp-block-column is-vertically-aligned-center is-layout-flow wp-block-column-is-layout-flow\">\n<figure class=\"wp-block-image size-large\"><img loading=\"lazy\" decoding=\"async\" width=\"683\" height=\"1024\" src=\"https:\/\/www.villacapelvenere.it\/wp-content\/uploads\/2022\/01\/MG_8760-CopiaFotoaAlessandroSpanu-683x1024.jpg\" alt=\"\" class=\"wp-image-529\" srcset=\"https:\/\/www.villacapelvenere.it\/wp-content\/uploads\/2022\/01\/MG_8760-CopiaFotoaAlessandroSpanu-683x1024.jpg 683w, https:\/\/www.villacapelvenere.it\/wp-content\/uploads\/2022\/01\/MG_8760-CopiaFotoaAlessandroSpanu-200x300.jpg 200w, https:\/\/www.villacapelvenere.it\/wp-content\/uploads\/2022\/01\/MG_8760-CopiaFotoaAlessandroSpanu-768x1152.jpg 768w, https:\/\/www.villacapelvenere.it\/wp-content\/uploads\/2022\/01\/MG_8760-CopiaFotoaAlessandroSpanu-1024x1536.jpg 1024w, https:\/\/www.villacapelvenere.it\/wp-content\/uploads\/2022\/01\/MG_8760-CopiaFotoaAlessandroSpanu-1365x2048.jpg 1365w, https:\/\/www.villacapelvenere.it\/wp-content\/uploads\/2022\/01\/MG_8760-CopiaFotoaAlessandroSpanu-2000x3000.jpg 2000w, https:\/\/www.villacapelvenere.it\/wp-content\/uploads\/2022\/01\/MG_8760-CopiaFotoaAlessandroSpanu-412x618.jpg 412w, https:\/\/www.villacapelvenere.it\/wp-content\/uploads\/2022\/01\/MG_8760-CopiaFotoaAlessandroSpanu-scaled.jpg 1707w\" sizes=\"auto, (max-width: 683px) 100vw, 683px\" \/><\/figure>\n<\/div>\n\n\n\n<div class=\"wp-block-column is-vertically-aligned-center is-layout-flow wp-block-column-is-layout-flow\">\n<div class=\"wp-block-getwid-section\"><div class=\"wp-block-getwid-section__wrapper getwid-padding-top-none getwid-padding-bottom-none getwid-padding-left-medium getwid-padding-right-none getwid-padding-mobile-left-none\"><div class=\"wp-block-getwid-section__inner-wrapper\"><div class=\"wp-block-getwid-section__background-holder\"><div class=\"wp-block-getwid-section__background\"><\/div><div class=\"wp-block-getwid-section__foreground\"><\/div><\/div><div class=\"wp-block-getwid-section__content\"><div class=\"wp-block-getwid-section__inner-content\">\n<p>Nella sezione dedicata al lavoro degli artigiani ed alla tecnologia \u00e8 presente il laboratorio del calzolaio, quello del falegname e alcune macchine risalenti agli anni trenta\/quaranta del \u2019900 che venivano utilizzate nel territorio di Dorgali. <\/p>\n\n\n\n<p>bis in die Anf\u00e4nge des 20. Jahrhunderts gew\u00e4hrt. Im Park befindet sich auch ein kleiner Bauernhof mit Haus- und Wildtieren. Im Sommer kann man an bestimmten Tagen oder auf Anmeldung im \u201elebendigen Museum\u201c Vorf\u00fchrungen von Kunst und Handwerk beiwohnen. Man kann unter anderem zusehen, wie das Carasau-Brot gebacken wird, wie man Weizen mahlt oder wie Filigranschmuck entsteht.<\/p>\n\n\n\n<p>Das Park-Museum Museo S\u2019Abba Frisca ist eine der Hauptsehensw\u00fcrdigkeiten von Cala Gonone und Dorgali; es liegt in etwa 5 km Entfernung von den jeweiligen Ortskernen. Auf einem besonders f\u00fcr Familien geeigneten Rundgang erh\u00e4lt man dort unz\u00e4hlige Informationen \u00fcber die Geschichte Sardiniens.<\/p>\n\n\n\n<div class=\"wp-block-getwid-advanced-spacer\" style=\"height:10px\" aria-hidden=\"true\"><\/div>\n<\/div><\/div><\/div><\/div><\/div>\n<\/div>\n<\/div>\n<\/div><\/div><\/div><\/div><\/div>\n\n\n\n<div class=\"wp-block-getwid-section alignfull alignfull getwid-section-content-custom-width\"><div class=\"wp-block-getwid-section__wrapper getwid-padding-left-medium getwid-padding-right-medium\"><div class=\"wp-block-getwid-section__inner-wrapper\" style=\"max-width:1140px\"><div class=\"wp-block-getwid-section__background-holder\"><div class=\"wp-block-getwid-section__background\"><\/div><div class=\"wp-block-getwid-section__foreground\"><\/div><\/div><div class=\"wp-block-getwid-section__content\"><div class=\"wp-block-getwid-section__inner-content\">\n<div class=\"wp-block-columns has-2-columns are-vertically-aligned-center is-layout-flex wp-container-core-columns-is-layout-9d6595d7 wp-block-columns-is-layout-flex\">\n<div class=\"wp-block-column is-vertically-aligned-center is-layout-flow wp-block-column-is-layout-flow\">\n<figure class=\"wp-block-image size-large\"><img loading=\"lazy\" decoding=\"async\" width=\"683\" height=\"1024\" src=\"https:\/\/www.villacapelvenere.it\/wp-content\/uploads\/2022\/02\/area-nuova-cinghiali-e-pavoniIMG_1172-683x1024.jpg\" alt=\"\" class=\"wp-image-544\" srcset=\"https:\/\/www.villacapelvenere.it\/wp-content\/uploads\/2022\/02\/area-nuova-cinghiali-e-pavoniIMG_1172-683x1024.jpg 683w, https:\/\/www.villacapelvenere.it\/wp-content\/uploads\/2022\/02\/area-nuova-cinghiali-e-pavoniIMG_1172-200x300.jpg 200w, https:\/\/www.villacapelvenere.it\/wp-content\/uploads\/2022\/02\/area-nuova-cinghiali-e-pavoniIMG_1172-768x1152.jpg 768w, https:\/\/www.villacapelvenere.it\/wp-content\/uploads\/2022\/02\/area-nuova-cinghiali-e-pavoniIMG_1172-1024x1536.jpg 1024w, https:\/\/www.villacapelvenere.it\/wp-content\/uploads\/2022\/02\/area-nuova-cinghiali-e-pavoniIMG_1172-1365x2048.jpg 1365w, https:\/\/www.villacapelvenere.it\/wp-content\/uploads\/2022\/02\/area-nuova-cinghiali-e-pavoniIMG_1172-2000x3000.jpg 2000w, https:\/\/www.villacapelvenere.it\/wp-content\/uploads\/2022\/02\/area-nuova-cinghiali-e-pavoniIMG_1172-412x618.jpg 412w, https:\/\/www.villacapelvenere.it\/wp-content\/uploads\/2022\/02\/area-nuova-cinghiali-e-pavoniIMG_1172-scaled.jpg 1707w\" sizes=\"auto, (max-width: 683px) 100vw, 683px\" \/><\/figure>\n<\/div>\n\n\n\n<div class=\"wp-block-column is-vertically-aligned-center is-layout-flow wp-block-column-is-layout-flow\">\n<div class=\"wp-block-getwid-section\"><div class=\"wp-block-getwid-section__wrapper getwid-padding-top-none getwid-padding-bottom-none getwid-padding-left-medium getwid-padding-right-none getwid-padding-mobile-left-none\"><div class=\"wp-block-getwid-section__inner-wrapper\"><div class=\"wp-block-getwid-section__background-holder\"><div class=\"wp-block-getwid-section__background\"><\/div><div class=\"wp-block-getwid-section__foreground\"><\/div><\/div><div class=\"wp-block-getwid-section__content\"><div class=\"wp-block-getwid-section__inner-content\">\n<h3 class=\"wp-block-heading\" id=\"i-vantaggi-per-chi-soggiorna-a-villa-capelvenere\">Was f\u00fcr einen Aufenthalt in der Villa Capelvenere spricht<\/h3>\n\n\n\n<p>W\u00e4hrend der Schlie\u00dfzeiten des Museumsparks k\u00f6nnen die G\u00e4ste der Villa Capelvenere zu festen Uhrzeiten kostenlos das vorgesehene Areal des <\/p>\n\n\n\n<p>Bauernhofs betreten, Eier im H\u00fchnerhof sammeln und die Erzeugnisse des Gem\u00fcsegartens ernten.<br>F\u00fcr die G\u00e4ste der Villa Capelvenere gibt es einen Rabatt von 10 % auf das Eintrittsticket f\u00fcr eine gef\u00fchrte Besichtigung im gesamten Museum.<br>Entdecken Sie alle Vorteile f\u00fcr einen Aufenthalt in der Villa Capelvenere<\/p>\n\n\n\n<div class=\"wp-block-getwid-advanced-spacer\" style=\"height:10px\" aria-hidden=\"true\"><\/div>\n\n\n\n<div class=\"wp-block-button\"><a class=\"wp-block-button__link wp-element-button\" href=\"#\">Was f\u00fcr einen Aufenthalt in der Villa Capelvenere spricht<\/a><\/div>\n<\/div><\/div><\/div><\/div><\/div>\n<\/div>\n<\/div>\n<\/div><\/div><\/div><\/div><\/div>\n","protected":false},"excerpt":{"rendered":"<p>Traditionen, Brauchtum, Kulinarik, Kl\u00e4nge und D\u00fcfte der Kultur der Barbagia (Hochebene im Osten Sardiniens) mitten in einer prachtvollen Landschaft: Eine Kombination aus Natur und V\u00f6lkerkunde.<\/p>\n","protected":false},"author":1,"featured_media":752,"parent":0,"menu_order":0,"comment_status":"closed","ping_status":"closed","template":"","meta":{"footnotes":""},"class_list":["post-2076","page","type-page","status-publish","has-post-thumbnail","hentry"],"yoast_head":"<!-- This site is optimized with the Yoast SEO plugin v19.10 - https:\/\/yoast.com\/wordpress\/plugins\/seo\/ -->\n<title>\u00a0Unterkunft in der Parco Museo S&#039;Abba Frisca - Villa Capelvenere<\/title>\n<meta name=\"description\" content=\"F\u00fcr die G\u00e4ste der Villa Capelvenere gibt es einen Rabatt von 10 % auf das Eintrittsticket f\u00fcr eine gef\u00fchrte Besichtigung im gesamten Museum.\" \/>\n<meta name=\"robots\" content=\"index, follow, max-snippet:-1, max-image-preview:large, max-video-preview:-1\" \/>\n<link rel=\"canonical\" href=\"https:\/\/www.villacapelvenere.it\/de\/unterkunft-in-der-parco-museo-sabba-frisca\/\" \/>\n<meta property=\"og:locale\" content=\"de_DE\" \/>\n<meta property=\"og:type\" content=\"article\" \/>\n<meta property=\"og:title\" content=\"\u00a0Unterkunft in der Parco Museo S&#039;Abba Frisca - Villa Capelvenere\" \/>\n<meta property=\"og:description\" content=\"F\u00fcr die G\u00e4ste der Villa Capelvenere gibt es einen Rabatt von 10 % auf das Eintrittsticket f\u00fcr eine gef\u00fchrte Besichtigung im gesamten Museum.\" \/>\n<meta property=\"og:url\" content=\"https:\/\/www.villacapelvenere.it\/de\/unterkunft-in-der-parco-museo-sabba-frisca\/\" \/>\n<meta property=\"og:site_name\" content=\"Villa Capelvenere\" \/>\n<meta property=\"article:publisher\" content=\"https:\/\/www.facebook.com\/profile.php?id=100083372910744\" \/>\n<meta property=\"article:modified_time\" content=\"2023-01-13T13:31:45+00:00\" \/>\n<meta property=\"og:image\" content=\"https:\/\/www.villacapelvenere.it\/wp-content\/uploads\/2022\/01\/MG_8208-1-scaled.jpg\" \/>\n\t<meta property=\"og:image:width\" content=\"2560\" \/>\n\t<meta property=\"og:image:height\" content=\"1707\" \/>\n\t<meta property=\"og:image:type\" content=\"image\/jpeg\" \/>\n<meta name=\"twitter:card\" content=\"summary_large_image\" \/>\n<meta name=\"twitter:label1\" content=\"Gesch\u00e4tzte Lesezeit\" \/>\n\t<meta name=\"twitter:data1\" content=\"3\u00a0Minuten\" \/>\n<script type=\"application\/ld+json\" class=\"yoast-schema-graph\">{\"@context\":\"https:\/\/schema.org\",\"@graph\":[{\"@type\":\"WebPage\",\"@id\":\"https:\/\/www.villacapelvenere.it\/de\/unterkunft-in-der-parco-museo-sabba-frisca\/\",\"url\":\"https:\/\/www.villacapelvenere.it\/de\/unterkunft-in-der-parco-museo-sabba-frisca\/\",\"name\":\"\u00a0Unterkunft in der Parco Museo S'Abba Frisca - Villa Capelvenere\",\"isPartOf\":{\"@id\":\"https:\/\/www.villacapelvenere.it\/#website\"},\"datePublished\":\"2022-01-31T21:59:46+00:00\",\"dateModified\":\"2023-01-13T13:31:45+00:00\",\"description\":\"F\u00fcr die G\u00e4ste der Villa Capelvenere gibt es einen Rabatt von 10 % auf das Eintrittsticket f\u00fcr eine gef\u00fchrte Besichtigung im gesamten Museum.\",\"breadcrumb\":{\"@id\":\"https:\/\/www.villacapelvenere.it\/de\/unterkunft-in-der-parco-museo-sabba-frisca\/#breadcrumb\"},\"inLanguage\":\"de\",\"potentialAction\":[{\"@type\":\"ReadAction\",\"target\":[\"https:\/\/www.villacapelvenere.it\/de\/unterkunft-in-der-parco-museo-sabba-frisca\/\"]}]},{\"@type\":\"BreadcrumbList\",\"@id\":\"https:\/\/www.villacapelvenere.it\/de\/unterkunft-in-der-parco-museo-sabba-frisca\/#breadcrumb\",\"itemListElement\":[{\"@type\":\"ListItem\",\"position\":1,\"name\":\"Home\",\"item\":\"https:\/\/www.villacapelvenere.it\/de\/\"},{\"@type\":\"ListItem\",\"position\":2,\"name\":\"\u00a0Unterkunft in der Parco Museo S&#8217;Abba Frisca\"}]},{\"@type\":\"WebSite\",\"@id\":\"https:\/\/www.villacapelvenere.it\/#website\",\"url\":\"https:\/\/www.villacapelvenere.it\/\",\"name\":\"Villa Capelvenere\",\"description\":\"Ville immerse nella natura a due passi dalle pi\u00f9 belle spiagge della Sardegna\",\"publisher\":{\"@id\":\"https:\/\/www.villacapelvenere.it\/#organization\"},\"potentialAction\":[{\"@type\":\"SearchAction\",\"target\":{\"@type\":\"EntryPoint\",\"urlTemplate\":\"https:\/\/www.villacapelvenere.it\/?s={search_term_string}\"},\"query-input\":\"required name=search_term_string\"}],\"inLanguage\":\"de\"},{\"@type\":\"Organization\",\"@id\":\"https:\/\/www.villacapelvenere.it\/#organization\",\"name\":\"Villa Capelvenere\",\"url\":\"https:\/\/www.villacapelvenere.it\/\",\"logo\":{\"@type\":\"ImageObject\",\"inLanguage\":\"de\",\"@id\":\"https:\/\/www.villacapelvenere.it\/#\/schema\/logo\/image\/\",\"url\":\"https:\/\/www.villacapelvenere.it\/wp-content\/uploads\/2022\/01\/logo-villa-capelvenere.png\",\"contentUrl\":\"https:\/\/www.villacapelvenere.it\/wp-content\/uploads\/2022\/01\/logo-villa-capelvenere.png\",\"width\":2834,\"height\":746,\"caption\":\"Villa Capelvenere\"},\"image\":{\"@id\":\"https:\/\/www.villacapelvenere.it\/#\/schema\/logo\/image\/\"},\"sameAs\":[\"https:\/\/instagram.com\/villacapelvenere?igshid=YmMyMTA2M2Y\",\"https:\/\/www.facebook.com\/profile.php?id=100083372910744\"]}]}<\/script>\n<!-- \/ Yoast SEO plugin. -->","yoast_head_json":{"title":"\u00a0Unterkunft in der Parco Museo S'Abba Frisca - Villa Capelvenere","description":"F\u00fcr die G\u00e4ste der Villa Capelvenere gibt es einen Rabatt von 10 % auf das Eintrittsticket f\u00fcr eine gef\u00fchrte Besichtigung im gesamten Museum.","robots":{"index":"index","follow":"follow","max-snippet":"max-snippet:-1","max-image-preview":"max-image-preview:large","max-video-preview":"max-video-preview:-1"},"canonical":"https:\/\/www.villacapelvenere.it\/de\/unterkunft-in-der-parco-museo-sabba-frisca\/","og_locale":"de_DE","og_type":"article","og_title":"\u00a0Unterkunft in der Parco Museo S'Abba Frisca - Villa Capelvenere","og_description":"F\u00fcr die G\u00e4ste der Villa Capelvenere gibt es einen Rabatt von 10 % auf das Eintrittsticket f\u00fcr eine gef\u00fchrte Besichtigung im gesamten Museum.","og_url":"https:\/\/www.villacapelvenere.it\/de\/unterkunft-in-der-parco-museo-sabba-frisca\/","og_site_name":"Villa Capelvenere","article_publisher":"https:\/\/www.facebook.com\/profile.php?id=100083372910744","article_modified_time":"2023-01-13T13:31:45+00:00","og_image":[{"width":2560,"height":1707,"url":"https:\/\/www.villacapelvenere.it\/wp-content\/uploads\/2022\/01\/MG_8208-1-scaled.jpg","type":"image\/jpeg"}],"twitter_card":"summary_large_image","twitter_misc":{"Gesch\u00e4tzte Lesezeit":"3\u00a0Minuten"},"schema":{"@context":"https:\/\/schema.org","@graph":[{"@type":"WebPage","@id":"https:\/\/www.villacapelvenere.it\/de\/unterkunft-in-der-parco-museo-sabba-frisca\/","url":"https:\/\/www.villacapelvenere.it\/de\/unterkunft-in-der-parco-museo-sabba-frisca\/","name":"\u00a0Unterkunft in der Parco Museo S'Abba Frisca - Villa Capelvenere","isPartOf":{"@id":"https:\/\/www.villacapelvenere.it\/#website"},"datePublished":"2022-01-31T21:59:46+00:00","dateModified":"2023-01-13T13:31:45+00:00","description":"F\u00fcr die G\u00e4ste der Villa Capelvenere gibt es einen Rabatt von 10 % auf das Eintrittsticket f\u00fcr eine gef\u00fchrte Besichtigung im gesamten Museum.","breadcrumb":{"@id":"https:\/\/www.villacapelvenere.it\/de\/unterkunft-in-der-parco-museo-sabba-frisca\/#breadcrumb"},"inLanguage":"de","potentialAction":[{"@type":"ReadAction","target":["https:\/\/www.villacapelvenere.it\/de\/unterkunft-in-der-parco-museo-sabba-frisca\/"]}]},{"@type":"BreadcrumbList","@id":"https:\/\/www.villacapelvenere.it\/de\/unterkunft-in-der-parco-museo-sabba-frisca\/#breadcrumb","itemListElement":[{"@type":"ListItem","position":1,"name":"Home","item":"https:\/\/www.villacapelvenere.it\/de\/"},{"@type":"ListItem","position":2,"name":"\u00a0Unterkunft in der Parco Museo S&#8217;Abba Frisca"}]},{"@type":"WebSite","@id":"https:\/\/www.villacapelvenere.it\/#website","url":"https:\/\/www.villacapelvenere.it\/","name":"Villa Capelvenere","description":"Ville immerse nella natura a due passi dalle pi\u00f9 belle spiagge della Sardegna","publisher":{"@id":"https:\/\/www.villacapelvenere.it\/#organization"},"potentialAction":[{"@type":"SearchAction","target":{"@type":"EntryPoint","urlTemplate":"https:\/\/www.villacapelvenere.it\/?s={search_term_string}"},"query-input":"required name=search_term_string"}],"inLanguage":"de"},{"@type":"Organization","@id":"https:\/\/www.villacapelvenere.it\/#organization","name":"Villa Capelvenere","url":"https:\/\/www.villacapelvenere.it\/","logo":{"@type":"ImageObject","inLanguage":"de","@id":"https:\/\/www.villacapelvenere.it\/#\/schema\/logo\/image\/","url":"https:\/\/www.villacapelvenere.it\/wp-content\/uploads\/2022\/01\/logo-villa-capelvenere.png","contentUrl":"https:\/\/www.villacapelvenere.it\/wp-content\/uploads\/2022\/01\/logo-villa-capelvenere.png","width":2834,"height":746,"caption":"Villa Capelvenere"},"image":{"@id":"https:\/\/www.villacapelvenere.it\/#\/schema\/logo\/image\/"},"sameAs":["https:\/\/instagram.com\/villacapelvenere?igshid=YmMyMTA2M2Y","https:\/\/www.facebook.com\/profile.php?id=100083372910744"]}]}},"_links":{"self":[{"href":"https:\/\/www.villacapelvenere.it\/de\/wp-json\/wp\/v2\/pages\/2076","targetHints":{"allow":["GET"]}}],"collection":[{"href":"https:\/\/www.villacapelvenere.it\/de\/wp-json\/wp\/v2\/pages"}],"about":[{"href":"https:\/\/www.villacapelvenere.it\/de\/wp-json\/wp\/v2\/types\/page"}],"author":[{"embeddable":true,"href":"https:\/\/www.villacapelvenere.it\/de\/wp-json\/wp\/v2\/users\/1"}],"replies":[{"embeddable":true,"href":"https:\/\/www.villacapelvenere.it\/de\/wp-json\/wp\/v2\/comments?post=2076"}],"version-history":[{"count":2,"href":"https:\/\/www.villacapelvenere.it\/de\/wp-json\/wp\/v2\/pages\/2076\/revisions"}],"predecessor-version":[{"id":2114,"href":"https:\/\/www.villacapelvenere.it\/de\/wp-json\/wp\/v2\/pages\/2076\/revisions\/2114"}],"wp:featuredmedia":[{"embeddable":true,"href":"https:\/\/www.villacapelvenere.it\/de\/wp-json\/wp\/v2\/media\/752"}],"wp:attachment":[{"href":"https:\/\/www.villacapelvenere.it\/de\/wp-json\/wp\/v2\/media?parent=2076"}],"curies":[{"name":"wp","href":"https:\/\/api.w.org\/{rel}","templated":true}]}}