{"id":2061,"date":"2022-01-24T20:44:02","date_gmt":"2022-01-24T20:44:02","guid":{"rendered":"https:\/\/www.villacapelvenere.it\/?page_id=2061"},"modified":"2023-01-12T00:34:40","modified_gmt":"2023-01-12T00:34:40","slug":"dorgali-und-cala-gonone","status":"publish","type":"page","link":"https:\/\/www.villacapelvenere.it\/de\/dorgali-und-cala-gonone\/","title":{"rendered":"Dorgali und Cala Gonone"},"content":{"rendered":"\n<pre class=\"wp-block-verse\">Dorgali ist ein Ort von 8000 Einwohnern, das f\u00fcr seine Umgebung, das Kunsthandwerk, seine Weine und K\u00e4se wohlbekannt ist.<\/pre>\n\n\n\n<h1 class=\"wp-block-heading\">Dorgali<\/h1>\n\n\n\n<h2 class=\"wp-block-heading\">Warum lohnt es sich, in Dorgali zu \u00fcbernachten?<\/h2>\n\n\n\n<p>Ein Aufenthalt in Dorgali ist eine Garantie f\u00fcr einen perfekten Urlaub auf Sardinien. Seine Umgebung ist reich an Attraktionen, ob es die Str\u00e4nde von Cala Gonone, die Grotten des Bue Marino, der Museumspark S\u2019Abba Frisca, das Aquarium von Cala Gonone oder die vielen Wanderwege f\u00fcr die Freunde des Trekkings sind.<\/p>\n\n\n\n<div class=\"wp-block-media-text alignwide is-stacked-on-mobile\"><figure class=\"wp-block-media-text__media\"><img loading=\"lazy\" decoding=\"async\" width=\"683\" height=\"1024\" src=\"https:\/\/www.villacapelvenere.it\/wp-content\/uploads\/2022\/12\/tiscali-2015-_MG_9650-2-683x1024.jpg\" alt=\"Escursione a Dorgali\" class=\"wp-image-1977 size-full\" srcset=\"https:\/\/www.villacapelvenere.it\/wp-content\/uploads\/2022\/12\/tiscali-2015-_MG_9650-2-683x1024.jpg 683w, https:\/\/www.villacapelvenere.it\/wp-content\/uploads\/2022\/12\/tiscali-2015-_MG_9650-2-200x300.jpg 200w, https:\/\/www.villacapelvenere.it\/wp-content\/uploads\/2022\/12\/tiscali-2015-_MG_9650-2-768x1152.jpg 768w, https:\/\/www.villacapelvenere.it\/wp-content\/uploads\/2022\/12\/tiscali-2015-_MG_9650-2-1024x1536.jpg 1024w, https:\/\/www.villacapelvenere.it\/wp-content\/uploads\/2022\/12\/tiscali-2015-_MG_9650-2-1365x2048.jpg 1365w, https:\/\/www.villacapelvenere.it\/wp-content\/uploads\/2022\/12\/tiscali-2015-_MG_9650-2-2000x3000.jpg 2000w, https:\/\/www.villacapelvenere.it\/wp-content\/uploads\/2022\/12\/tiscali-2015-_MG_9650-2-412x618.jpg 412w, https:\/\/www.villacapelvenere.it\/wp-content\/uploads\/2022\/12\/tiscali-2015-_MG_9650-2-scaled.jpg 1707w\" sizes=\"auto, (max-width: 683px) 100vw, 683px\" \/><\/figure><div class=\"wp-block-media-text__content\">\n<h2 class=\"wp-block-heading\">Aktivit\u00e4ten in Dorgali<\/h2>\n\n\n\n<p>Zu den lohnendsten Sehensw\u00fcrdigkeiten von Dorgali z\u00e4hlen:<\/p>\n\n\n\n<ul class=\"wp-block-list\">\n<li>Der Museumspark S\u2019Abba Frisca: Direkt neben der Villa gelegen. Die G\u00e4ste k\u00f6nnen den Museumspark mit einem Rabatt besuchen.<\/li>\n\n\n\n<li>H\u00f6hle von Ispinigoli (5 km von der Villa): Eine tiefe H\u00f6hle, in deren Mitte sich eine etwa 40m hohe Kalks\u00e4ule erhebt;<\/li>\n\n\n\n<li>Arch\u00e4ologisches Museum von Dorgali (6km von der Villa): Empfohlen f\u00fcr alle Fans der Nuraghe-Kultur (Eintritt kostenlos mit Ticket der H\u00f6hle von Ispinigoli);<\/li>\n\n\n\n<li>Nuraghe-Dorf Serra \u2018e Orrios (14km von der Villa): Ein weitl\u00e4ufiges und interessantes Nuraghe-Dorf;<\/li>\n\n\n\n<li>Gigantengrab von S\u2019ena \u2018e Thomes (20 km von der Villa): Eine Massengrabst\u00e4tte aus 1800 &#8211; 1600 v. C.;<\/li>\n\n\n\n<li>Dorf Tiscali: Ein kleines Dorf inmitten einer Kalkstein-Doline, das man \u00fcber Wanderwege erreicht (mehr dazu im Abschnitt Ausfl\u00fcge);<\/li>\n\n\n\n<li>Spaziergang durch die Handwerksateliers von Dorgali: Der Ort Dorgali ist bekannt f\u00fcr seine Kunsthandwerkstraditionen. In den Ateliers der sch\u00f6nsten Altstadtg\u00e4sschen treffen Sie auf Lederbearbeiter, Goldschmiede und Keramikhandwerker.<\/li>\n\n\n\n<li>Tour im Kajak \u00fcber den Cedrino-See: Der Lago Cedrino ist ein Stausee an den H\u00e4ngen des Supramonte von Dorgali und Oliena. Es ist einer der Hauptattraktionen des St\u00e4dtchens f\u00fcr den Sporttourismus. Die Kajaks lassen sich mit oder ohne F\u00fchrer ausleihen, um interessante Orte zu entdecken: Die H\u00f6he von Guano, die Basalt-Kolonnaden, die Quelle von Su Gologone und der Staudamm von Pedra &#8218;e Othoni. Auf dem Weg lassen sich zahlreiche Wildtiere sichten, wie etwa Mufflons.<\/li>\n<\/ul>\n<\/div><\/div>\n\n\n\n<h1 class=\"wp-block-heading\">Cala Gonone<\/h1>\n\n\n\n<p>Cala Gonone, ein Ortsteil von Dorgali, ist ein Touristenzentrum am Meer. Vom kleinen Hafen von Cala Gonone aus lassen sich die ber\u00fchmten Str\u00e4nde des Golfes von Orosei mit kleinen F\u00e4hren oder einem Miet-Schlauchboot (mit oder ohne Fahrer) erkunden.<\/p>\n\n\n\n<h2 class=\"wp-block-heading\">Der beste Ort, um in Cala Gonone<\/h2>\n\n\n\n<p>Der beste Ort, um in Cala Gonone zu \u00fcbernachten, ist zweifellos die Villa Capelvenere, in nur 4km Entfernung vom Ort, die eine komfortable Behausung verspricht und abseits vom Chaos eine ausgezeichnete Basis zur Erkundung der Gegend darstellt.<\/p>\n\n\n\n<div class=\"wp-block-media-text alignwide is-stacked-on-mobile\"><figure class=\"wp-block-media-text__media\"><img loading=\"lazy\" decoding=\"async\" width=\"768\" height=\"1024\" src=\"https:\/\/www.villacapelvenere.it\/wp-content\/uploads\/2022\/11\/Cala-Fuili-768x1024.jpg\" alt=\"Spiaggi di Cala Fuili vista dall'alto, a Cala Gonone\" class=\"wp-image-1865 size-full\" srcset=\"https:\/\/www.villacapelvenere.it\/wp-content\/uploads\/2022\/11\/Cala-Fuili-768x1024.jpg 768w, https:\/\/www.villacapelvenere.it\/wp-content\/uploads\/2022\/11\/Cala-Fuili-225x300.jpg 225w, https:\/\/www.villacapelvenere.it\/wp-content\/uploads\/2022\/11\/Cala-Fuili-1152x1536.jpg 1152w, https:\/\/www.villacapelvenere.it\/wp-content\/uploads\/2022\/11\/Cala-Fuili-464x618.jpg 464w, https:\/\/www.villacapelvenere.it\/wp-content\/uploads\/2022\/11\/Cala-Fuili.jpg 1500w\" sizes=\"auto, (max-width: 768px) 100vw, 768px\" \/><\/figure><div class=\"wp-block-media-text__content\">\n<h2 class=\"wp-block-heading\">Warum in Cala Gonone \u00fcbernachten?<\/h2>\n\n\n\n<p>Zu den lohnendsten Sehensw\u00fcrdigkeiten von Cala Gonone z\u00e4hlen:<\/p>\n\n\n\n<ul class=\"wp-block-list\">\n<li>Der zentrale Strand ist der von Palmasera, den man bequem \u00fcber die Stra\u00dfen des Ortes mit dem Auto erreicht (5km von der Villa)<\/li>\n\n\n\n<li>Der Strand von Palmasera ist ein Strand mit winzigen rosa Kieselsteinchen direkt neben dem Ort Cala Gonone;<\/li>\n\n\n\n<li>Strand von Cala Fuili: Ein Strand mit groben Kieselsteinen, wenige Kilometer von Cala Gonone;<\/li>\n\n\n\n<li>Strand von Sos Dorroles: ein Strand mit feinen Kieseln und Sand in wenigen km von Cala Gonone;<\/li>\n\n\n\n<li>Strand von S\u2018Abba Meica: ein Strand mit feinen Kieseln und Sand in wenigen km von Cala Gonone;<\/li>\n\n\n\n<li>Strand von Cala Luna: Ein Sandstrand umgeben von Kalksteinw\u00e4nden, die von gro\u00dfen Grotten durchzogen sind. Erreichbar \u00fcber das Meer oder per Trekking (mehr dazu im Abschnitt zu Ausfl\u00fcgen);<\/li>\n\n\n\n<li>Strand von Ziu Santoru: Kleiner und wenig bekannter Sandstrand, erreichbar per Trekking (mehr dazu im Abschnitt zu Ausfl\u00fcgen);<\/li>\n\n\n\n<li>Strand von Oddoana: Kleiner und wenig bekannter Sandstrand, erreichbar per Trekking (mehr dazu im Abschnitt zu Ausfl\u00fcgen);<\/li>\n\n\n\n<li>Museumspark S\u2019Abba Frisca: (direkt neben der Villa), die G\u00e4ste k\u00f6nnen den Museumspark mit einem Rabatt besichtigen (mehr dazu);<\/li>\n\n\n\n<li>Das Aquarium von Cala Gonone: Ein kleines Aquarium, das die Meeresb\u00f6den des Mittelmeeres nachbildet und auch einige tropische Fischarten zeigt;<\/li>\n\n\n\n<li>Die Nuraghen-Anlage von Nuraghe Mannu: In diesem in Cala Gonone gelegenen Komplex l\u00e4sst sich die Lebensweise der Nuraghen-V\u00f6lker eindrucksvoll nachempfinden;<\/li>\n\n\n\n<li>Spazierweg entlang der Panoramastra\u00dfe: Ein herrlicher Spaziergang mit Blick auf den Golf von Orosei;<\/li>\n\n\n\n<li>Spaziergang an der Strandpromenade: Spaziergang vorbei an den Lokalen und dem Strand von Cala Gonone, ideal, wenn Sie sich auf abendlicher Erkundungstour durch Cala Gonone befinden;<\/li>\n<\/ul>\n<\/div><\/div>\n\n\n\n<h2 class=\"wp-block-heading\">\u00dcbernachten in Dorgali und Cala Gonone<\/h2>\n\n\n\n<p>Suchen Sie nach einer Unterkunft zwischen Dorgali und Cala Gonone, in Strandn\u00e4he, aber an einem ruhigen Ort, dann sind Sie bei uns richtig: Die im Tal von Littu eingebettete Villa Capelvenere.<br>M\u00f6chten Sie lieber in einem Apartment nahe der Strandpromenade von Cala Gonone \u00fcbernachten? Kontaktieren Sie uns f\u00fcr andere L\u00f6sungen zu g\u00fcnstigen Preisen.<\/p>\n\n\n\n<h2 class=\"wp-block-heading\"><\/h2>\n","protected":false},"excerpt":{"rendered":"<p>Dorgali ist ein Ort von 8000 Einwohnern, das f\u00fcr seine Umgebung, das Kunsthandwerk, seine Weine und K\u00e4se wohlbekannt ist. Dorgali Warum lohnt es sich, in Dorgali zu \u00fcbernachten? Ein Aufenthalt in Dorgali ist eine Garantie f\u00fcr einen perfekten Urlaub auf Sardinien. Seine Umgebung ist reich an Attraktionen, ob es die Str\u00e4nde von Cala Gonone, die &hellip; <a href=\"https:\/\/www.villacapelvenere.it\/de\/dorgali-und-cala-gonone\/\" class=\"more-link\">Weiterlesen <span class=\"screen-reader-text\"> &#8222;Dorgali und Cala Gonone&#8220;<\/span><\/a><\/p>\n","protected":false},"author":1,"featured_media":2221,"parent":0,"menu_order":0,"comment_status":"closed","ping_status":"closed","template":"","meta":{"footnotes":""},"class_list":["post-2061","page","type-page","status-publish","has-post-thumbnail","hentry"],"yoast_head":"<!-- This site is optimized with the Yoast SEO plugin v19.10 - https:\/\/yoast.com\/wordpress\/plugins\/seo\/ -->\n<title>Dorgali und Cala Gonone - Villa Capelvenere<\/title>\n<meta name=\"description\" content=\"Ein Aufenthalt in Dorgali ist eine Garantie f\u00fcr einen perfekten Urlaub auf Sardinien. Seine Umgebung ist reich an Attraktionen\" \/>\n<meta name=\"robots\" content=\"index, follow, max-snippet:-1, max-image-preview:large, max-video-preview:-1\" \/>\n<link rel=\"canonical\" href=\"https:\/\/www.villacapelvenere.it\/de\/dorgali-und-cala-gonone\/\" \/>\n<meta property=\"og:locale\" content=\"de_DE\" \/>\n<meta property=\"og:type\" content=\"article\" \/>\n<meta property=\"og:title\" content=\"Dorgali und Cala Gonone - Villa Capelvenere\" \/>\n<meta property=\"og:description\" content=\"Ein Aufenthalt in Dorgali ist eine Garantie f\u00fcr einen perfekten Urlaub auf Sardinien. Seine Umgebung ist reich an Attraktionen\" \/>\n<meta property=\"og:url\" content=\"https:\/\/www.villacapelvenere.it\/de\/dorgali-und-cala-gonone\/\" \/>\n<meta property=\"og:site_name\" content=\"Villa Capelvenere\" \/>\n<meta property=\"article:publisher\" content=\"https:\/\/www.facebook.com\/profile.php?id=100083372910744\" \/>\n<meta property=\"article:modified_time\" content=\"2023-01-12T00:34:40+00:00\" \/>\n<meta property=\"og:image\" content=\"https:\/\/www.villacapelvenere.it\/wp-content\/uploads\/2022\/12\/panoramica-dorgali-tag-scaled.jpg\" \/>\n\t<meta property=\"og:image:width\" content=\"2560\" \/>\n\t<meta property=\"og:image:height\" content=\"1505\" \/>\n\t<meta property=\"og:image:type\" content=\"image\/jpeg\" \/>\n<meta name=\"twitter:card\" content=\"summary_large_image\" \/>\n<meta name=\"twitter:label1\" content=\"Gesch\u00e4tzte Lesezeit\" \/>\n\t<meta name=\"twitter:data1\" content=\"5\u00a0Minuten\" \/>\n<script type=\"application\/ld+json\" class=\"yoast-schema-graph\">{\"@context\":\"https:\/\/schema.org\",\"@graph\":[{\"@type\":\"WebPage\",\"@id\":\"https:\/\/www.villacapelvenere.it\/de\/dorgali-und-cala-gonone\/\",\"url\":\"https:\/\/www.villacapelvenere.it\/de\/dorgali-und-cala-gonone\/\",\"name\":\"Dorgali und Cala Gonone - Villa Capelvenere\",\"isPartOf\":{\"@id\":\"https:\/\/www.villacapelvenere.it\/#website\"},\"datePublished\":\"2022-01-24T20:44:02+00:00\",\"dateModified\":\"2023-01-12T00:34:40+00:00\",\"description\":\"Ein Aufenthalt in Dorgali ist eine Garantie f\u00fcr einen perfekten Urlaub auf Sardinien. Seine Umgebung ist reich an Attraktionen\",\"breadcrumb\":{\"@id\":\"https:\/\/www.villacapelvenere.it\/de\/dorgali-und-cala-gonone\/#breadcrumb\"},\"inLanguage\":\"de\",\"potentialAction\":[{\"@type\":\"ReadAction\",\"target\":[\"https:\/\/www.villacapelvenere.it\/de\/dorgali-und-cala-gonone\/\"]}]},{\"@type\":\"BreadcrumbList\",\"@id\":\"https:\/\/www.villacapelvenere.it\/de\/dorgali-und-cala-gonone\/#breadcrumb\",\"itemListElement\":[{\"@type\":\"ListItem\",\"position\":1,\"name\":\"Home\",\"item\":\"https:\/\/www.villacapelvenere.it\/de\/\"},{\"@type\":\"ListItem\",\"position\":2,\"name\":\"Dorgali und Cala Gonone\"}]},{\"@type\":\"WebSite\",\"@id\":\"https:\/\/www.villacapelvenere.it\/#website\",\"url\":\"https:\/\/www.villacapelvenere.it\/\",\"name\":\"Villa Capelvenere\",\"description\":\"Ville immerse nella natura a due passi dalle pi\u00f9 belle spiagge della Sardegna\",\"publisher\":{\"@id\":\"https:\/\/www.villacapelvenere.it\/#organization\"},\"potentialAction\":[{\"@type\":\"SearchAction\",\"target\":{\"@type\":\"EntryPoint\",\"urlTemplate\":\"https:\/\/www.villacapelvenere.it\/?s={search_term_string}\"},\"query-input\":\"required name=search_term_string\"}],\"inLanguage\":\"de\"},{\"@type\":\"Organization\",\"@id\":\"https:\/\/www.villacapelvenere.it\/#organization\",\"name\":\"Villa Capelvenere\",\"url\":\"https:\/\/www.villacapelvenere.it\/\",\"logo\":{\"@type\":\"ImageObject\",\"inLanguage\":\"de\",\"@id\":\"https:\/\/www.villacapelvenere.it\/#\/schema\/logo\/image\/\",\"url\":\"https:\/\/www.villacapelvenere.it\/wp-content\/uploads\/2022\/01\/logo-villa-capelvenere.png\",\"contentUrl\":\"https:\/\/www.villacapelvenere.it\/wp-content\/uploads\/2022\/01\/logo-villa-capelvenere.png\",\"width\":2834,\"height\":746,\"caption\":\"Villa Capelvenere\"},\"image\":{\"@id\":\"https:\/\/www.villacapelvenere.it\/#\/schema\/logo\/image\/\"},\"sameAs\":[\"https:\/\/instagram.com\/villacapelvenere?igshid=YmMyMTA2M2Y\",\"https:\/\/www.facebook.com\/profile.php?id=100083372910744\"]}]}<\/script>\n<!-- \/ Yoast SEO plugin. -->","yoast_head_json":{"title":"Dorgali und Cala Gonone - Villa Capelvenere","description":"Ein Aufenthalt in Dorgali ist eine Garantie f\u00fcr einen perfekten Urlaub auf Sardinien. Seine Umgebung ist reich an Attraktionen","robots":{"index":"index","follow":"follow","max-snippet":"max-snippet:-1","max-image-preview":"max-image-preview:large","max-video-preview":"max-video-preview:-1"},"canonical":"https:\/\/www.villacapelvenere.it\/de\/dorgali-und-cala-gonone\/","og_locale":"de_DE","og_type":"article","og_title":"Dorgali und Cala Gonone - Villa Capelvenere","og_description":"Ein Aufenthalt in Dorgali ist eine Garantie f\u00fcr einen perfekten Urlaub auf Sardinien. Seine Umgebung ist reich an Attraktionen","og_url":"https:\/\/www.villacapelvenere.it\/de\/dorgali-und-cala-gonone\/","og_site_name":"Villa Capelvenere","article_publisher":"https:\/\/www.facebook.com\/profile.php?id=100083372910744","article_modified_time":"2023-01-12T00:34:40+00:00","og_image":[{"width":2560,"height":1505,"url":"https:\/\/www.villacapelvenere.it\/wp-content\/uploads\/2022\/12\/panoramica-dorgali-tag-scaled.jpg","type":"image\/jpeg"}],"twitter_card":"summary_large_image","twitter_misc":{"Gesch\u00e4tzte Lesezeit":"5\u00a0Minuten"},"schema":{"@context":"https:\/\/schema.org","@graph":[{"@type":"WebPage","@id":"https:\/\/www.villacapelvenere.it\/de\/dorgali-und-cala-gonone\/","url":"https:\/\/www.villacapelvenere.it\/de\/dorgali-und-cala-gonone\/","name":"Dorgali und Cala Gonone - Villa Capelvenere","isPartOf":{"@id":"https:\/\/www.villacapelvenere.it\/#website"},"datePublished":"2022-01-24T20:44:02+00:00","dateModified":"2023-01-12T00:34:40+00:00","description":"Ein Aufenthalt in Dorgali ist eine Garantie f\u00fcr einen perfekten Urlaub auf Sardinien. Seine Umgebung ist reich an Attraktionen","breadcrumb":{"@id":"https:\/\/www.villacapelvenere.it\/de\/dorgali-und-cala-gonone\/#breadcrumb"},"inLanguage":"de","potentialAction":[{"@type":"ReadAction","target":["https:\/\/www.villacapelvenere.it\/de\/dorgali-und-cala-gonone\/"]}]},{"@type":"BreadcrumbList","@id":"https:\/\/www.villacapelvenere.it\/de\/dorgali-und-cala-gonone\/#breadcrumb","itemListElement":[{"@type":"ListItem","position":1,"name":"Home","item":"https:\/\/www.villacapelvenere.it\/de\/"},{"@type":"ListItem","position":2,"name":"Dorgali und Cala Gonone"}]},{"@type":"WebSite","@id":"https:\/\/www.villacapelvenere.it\/#website","url":"https:\/\/www.villacapelvenere.it\/","name":"Villa Capelvenere","description":"Ville immerse nella natura a due passi dalle pi\u00f9 belle spiagge della Sardegna","publisher":{"@id":"https:\/\/www.villacapelvenere.it\/#organization"},"potentialAction":[{"@type":"SearchAction","target":{"@type":"EntryPoint","urlTemplate":"https:\/\/www.villacapelvenere.it\/?s={search_term_string}"},"query-input":"required name=search_term_string"}],"inLanguage":"de"},{"@type":"Organization","@id":"https:\/\/www.villacapelvenere.it\/#organization","name":"Villa Capelvenere","url":"https:\/\/www.villacapelvenere.it\/","logo":{"@type":"ImageObject","inLanguage":"de","@id":"https:\/\/www.villacapelvenere.it\/#\/schema\/logo\/image\/","url":"https:\/\/www.villacapelvenere.it\/wp-content\/uploads\/2022\/01\/logo-villa-capelvenere.png","contentUrl":"https:\/\/www.villacapelvenere.it\/wp-content\/uploads\/2022\/01\/logo-villa-capelvenere.png","width":2834,"height":746,"caption":"Villa Capelvenere"},"image":{"@id":"https:\/\/www.villacapelvenere.it\/#\/schema\/logo\/image\/"},"sameAs":["https:\/\/instagram.com\/villacapelvenere?igshid=YmMyMTA2M2Y","https:\/\/www.facebook.com\/profile.php?id=100083372910744"]}]}},"_links":{"self":[{"href":"https:\/\/www.villacapelvenere.it\/de\/wp-json\/wp\/v2\/pages\/2061","targetHints":{"allow":["GET"]}}],"collection":[{"href":"https:\/\/www.villacapelvenere.it\/de\/wp-json\/wp\/v2\/pages"}],"about":[{"href":"https:\/\/www.villacapelvenere.it\/de\/wp-json\/wp\/v2\/types\/page"}],"author":[{"embeddable":true,"href":"https:\/\/www.villacapelvenere.it\/de\/wp-json\/wp\/v2\/users\/1"}],"replies":[{"embeddable":true,"href":"https:\/\/www.villacapelvenere.it\/de\/wp-json\/wp\/v2\/comments?post=2061"}],"version-history":[{"count":1,"href":"https:\/\/www.villacapelvenere.it\/de\/wp-json\/wp\/v2\/pages\/2061\/revisions"}],"predecessor-version":[{"id":2063,"href":"https:\/\/www.villacapelvenere.it\/de\/wp-json\/wp\/v2\/pages\/2061\/revisions\/2063"}],"wp:featuredmedia":[{"embeddable":true,"href":"https:\/\/www.villacapelvenere.it\/de\/wp-json\/wp\/v2\/media\/2221"}],"wp:attachment":[{"href":"https:\/\/www.villacapelvenere.it\/de\/wp-json\/wp\/v2\/media?parent=2061"}],"curies":[{"name":"wp","href":"https:\/\/api.w.org\/{rel}","templated":true}]}}