{"id":2058,"date":"2022-01-25T07:38:59","date_gmt":"2022-01-25T07:38:59","guid":{"rendered":"https:\/\/www.villacapelvenere.it\/?page_id=2058"},"modified":"2023-01-11T23:40:22","modified_gmt":"2023-01-11T23:40:22","slug":"cala-cartoe","status":"publish","type":"page","link":"https:\/\/www.villacapelvenere.it\/de\/cala-cartoe\/","title":{"rendered":"Cala Cartoe &#8211; Eine Veranda \u00fcber dem Meer"},"content":{"rendered":"\n<div class=\"wp-block-getwid-section alignfull alignfull getwid-section-content-custom-width\"><div class=\"wp-block-getwid-section__wrapper getwid-padding-left-medium getwid-padding-right-medium\"><div class=\"wp-block-getwid-section__inner-wrapper\" style=\"max-width:1140px\"><div class=\"wp-block-getwid-section__background-holder\"><div class=\"wp-block-getwid-section__background\"><\/div><div class=\"wp-block-getwid-section__foreground\"><\/div><\/div><div class=\"wp-block-getwid-section__content\"><div class=\"wp-block-getwid-section__inner-content\">\n<div class=\"wp-block-columns has-2-columns are-vertically-aligned-center is-layout-flex wp-container-core-columns-is-layout-9d6595d7 wp-block-columns-is-layout-flex\">\n<div class=\"wp-block-column is-vertically-aligned-center is-layout-flow wp-block-column-is-layout-flow\">\n<figure class=\"wp-block-image size-large\"><img loading=\"lazy\" decoding=\"async\" width=\"1024\" height=\"683\" src=\"http:\/\/www.villacapelvenere.it\/wp-content\/uploads\/2022\/05\/cartoeIMG_3382-1024x683.jpg\" alt=\"\" class=\"wp-image-820\" srcset=\"https:\/\/www.villacapelvenere.it\/wp-content\/uploads\/2022\/05\/cartoeIMG_3382-1024x683.jpg 1024w, https:\/\/www.villacapelvenere.it\/wp-content\/uploads\/2022\/05\/cartoeIMG_3382-300x200.jpg 300w, https:\/\/www.villacapelvenere.it\/wp-content\/uploads\/2022\/05\/cartoeIMG_3382-768x512.jpg 768w, https:\/\/www.villacapelvenere.it\/wp-content\/uploads\/2022\/05\/cartoeIMG_3382-1536x1024.jpg 1536w, https:\/\/www.villacapelvenere.it\/wp-content\/uploads\/2022\/05\/cartoeIMG_3382-2048x1365.jpg 2048w, https:\/\/www.villacapelvenere.it\/wp-content\/uploads\/2022\/05\/cartoeIMG_3382-2000x1333.jpg 2000w, https:\/\/www.villacapelvenere.it\/wp-content\/uploads\/2022\/05\/cartoeIMG_3382-927x618.jpg 927w\" sizes=\"auto, (max-width: 1024px) 100vw, 1024px\" \/><\/figure>\n<\/div>\n\n\n\n<div class=\"wp-block-column is-layout-flow wp-block-column-is-layout-flow\">\n<div class=\"wp-block-getwid-section\"><div class=\"wp-block-getwid-section__wrapper getwid-padding-top-none getwid-padding-bottom-none getwid-padding-left-medium getwid-padding-right-none getwid-padding-mobile-left-none\"><div class=\"wp-block-getwid-section__inner-wrapper\"><div class=\"wp-block-getwid-section__background-holder\"><div class=\"wp-block-getwid-section__background\"><\/div><div class=\"wp-block-getwid-section__foreground\"><\/div><\/div><div class=\"wp-block-getwid-section__content\"><div class=\"wp-block-getwid-section__inner-content\">\n<div class=\"wp-block-getwid-advanced-heading\"><span class=\"wp-block-getwid-advanced-heading__content\" style=\"padding-top:0px;padding-bottom:0px\">5 km von der Villa<\/span><\/div>\n\n\n\n<h2 class=\"wp-block-heading\">Ein privates Areal f\u00fcr G\u00e4ste der Villa mit Blick auf den Strand von Cala Cartoe<\/h2>\n\n\n\n<p>Die Unterk\u00fcnfte der Villa Capelvenere liegen nicht direkt am Meer, aber die G\u00e4ste genie\u00dfen einen exklusiven Zugang zur Veranda \u00fcber dem Strand Cala Cartoe in 5km Entfernung von der Villa.<\/p>\n\n\n\n<p>In 5 km Entfernung von der Villa erreichen Sie diesen privaten Bereich mit Blick auf den Strand von Cala Cartoe. Kostenloser Parkplatz, ein Tisch im Schatten und ein atemberaubender Ausblick auf den Strand. Sie k\u00f6nnen Ihren Tag in der Veranda \u00fcber dem Meer kostenlos reservieren. Den Strand von Cala Cartoe erreichen Sie von der Veranda aus \u00fcber einen kurzen Wanderweg in nur 5 Minuten (festes Schuhwerk ist notwendig).<br>Auf dem gro\u00dfen Tisch mit Meerblick k\u00f6nnen Sie Ihr Picknick einnehmen oder an der Bar des freilich museum ein Mittagessen reservieren.<\/p>\n\n\n\n<div class=\"wp-block-getwid-advanced-spacer\" style=\"height:10px\" aria-hidden=\"true\"><\/div>\n<\/div><\/div><\/div><\/div><\/div>\n<\/div>\n<\/div>\n<\/div><\/div><\/div><\/div><\/div>\n\n\n\n<p><\/p>\n","protected":false},"excerpt":{"rendered":"","protected":false},"author":1,"featured_media":0,"parent":0,"menu_order":0,"comment_status":"closed","ping_status":"closed","template":"template-grid-page.php","meta":{"footnotes":""},"class_list":["post-2058","page","type-page","status-publish","hentry"],"yoast_head":"<!-- This site is optimized with the Yoast SEO plugin v19.10 - https:\/\/yoast.com\/wordpress\/plugins\/seo\/ -->\n<title>Cala Cartoe - Eine Veranda \u00fcber dem Meer - Villa Capelvenere<\/title>\n<meta name=\"description\" content=\"Die Unterk\u00fcnfte der Villa Capelvenere liegen nicht direkt am Meer, aber die G\u00e4ste genie\u00dfen einen exklusiven Zugang zur Veranda \u00fcber dem Strand Cala Cartoe\" \/>\n<meta name=\"robots\" content=\"index, follow, max-snippet:-1, max-image-preview:large, max-video-preview:-1\" \/>\n<link rel=\"canonical\" href=\"https:\/\/www.villacapelvenere.it\/de\/cala-cartoe\/\" \/>\n<meta property=\"og:locale\" content=\"de_DE\" \/>\n<meta property=\"og:type\" content=\"article\" \/>\n<meta property=\"og:title\" content=\"Cala Cartoe - Eine Veranda \u00fcber dem Meer - Villa Capelvenere\" \/>\n<meta property=\"og:description\" content=\"Die Unterk\u00fcnfte der Villa Capelvenere liegen nicht direkt am Meer, aber die G\u00e4ste genie\u00dfen einen exklusiven Zugang zur Veranda \u00fcber dem Strand Cala Cartoe\" \/>\n<meta property=\"og:url\" content=\"https:\/\/www.villacapelvenere.it\/de\/cala-cartoe\/\" \/>\n<meta property=\"og:site_name\" content=\"Villa Capelvenere\" \/>\n<meta property=\"article:publisher\" content=\"https:\/\/www.facebook.com\/profile.php?id=100083372910744\" \/>\n<meta property=\"article:modified_time\" content=\"2023-01-11T23:40:22+00:00\" \/>\n<meta property=\"og:image\" content=\"http:\/\/www.villacapelvenere.it\/wp-content\/uploads\/2022\/05\/cartoeIMG_3382-1024x683.jpg\" \/>\n<meta name=\"twitter:card\" content=\"summary_large_image\" \/>\n<meta name=\"twitter:label1\" content=\"Gesch\u00e4tzte Lesezeit\" \/>\n\t<meta name=\"twitter:data1\" content=\"1\u00a0Minute\" \/>\n<script type=\"application\/ld+json\" class=\"yoast-schema-graph\">{\"@context\":\"https:\/\/schema.org\",\"@graph\":[{\"@type\":\"WebPage\",\"@id\":\"https:\/\/www.villacapelvenere.it\/de\/cala-cartoe\/\",\"url\":\"https:\/\/www.villacapelvenere.it\/de\/cala-cartoe\/\",\"name\":\"Cala Cartoe - Eine Veranda \u00fcber dem Meer - Villa Capelvenere\",\"isPartOf\":{\"@id\":\"https:\/\/www.villacapelvenere.it\/#website\"},\"datePublished\":\"2022-01-25T07:38:59+00:00\",\"dateModified\":\"2023-01-11T23:40:22+00:00\",\"description\":\"Die Unterk\u00fcnfte der Villa Capelvenere liegen nicht direkt am Meer, aber die G\u00e4ste genie\u00dfen einen exklusiven Zugang zur Veranda \u00fcber dem Strand Cala Cartoe\",\"breadcrumb\":{\"@id\":\"https:\/\/www.villacapelvenere.it\/de\/cala-cartoe\/#breadcrumb\"},\"inLanguage\":\"de\",\"potentialAction\":[{\"@type\":\"ReadAction\",\"target\":[\"https:\/\/www.villacapelvenere.it\/de\/cala-cartoe\/\"]}]},{\"@type\":\"BreadcrumbList\",\"@id\":\"https:\/\/www.villacapelvenere.it\/de\/cala-cartoe\/#breadcrumb\",\"itemListElement\":[{\"@type\":\"ListItem\",\"position\":1,\"name\":\"Home\",\"item\":\"https:\/\/www.villacapelvenere.it\/de\/\"},{\"@type\":\"ListItem\",\"position\":2,\"name\":\"Cala Cartoe &#8211; Eine Veranda \u00fcber dem Meer\"}]},{\"@type\":\"WebSite\",\"@id\":\"https:\/\/www.villacapelvenere.it\/#website\",\"url\":\"https:\/\/www.villacapelvenere.it\/\",\"name\":\"Villa Capelvenere\",\"description\":\"Ville immerse nella natura a due passi dalle pi\u00f9 belle spiagge della Sardegna\",\"publisher\":{\"@id\":\"https:\/\/www.villacapelvenere.it\/#organization\"},\"potentialAction\":[{\"@type\":\"SearchAction\",\"target\":{\"@type\":\"EntryPoint\",\"urlTemplate\":\"https:\/\/www.villacapelvenere.it\/?s={search_term_string}\"},\"query-input\":\"required name=search_term_string\"}],\"inLanguage\":\"de\"},{\"@type\":\"Organization\",\"@id\":\"https:\/\/www.villacapelvenere.it\/#organization\",\"name\":\"Villa Capelvenere\",\"url\":\"https:\/\/www.villacapelvenere.it\/\",\"logo\":{\"@type\":\"ImageObject\",\"inLanguage\":\"de\",\"@id\":\"https:\/\/www.villacapelvenere.it\/#\/schema\/logo\/image\/\",\"url\":\"https:\/\/www.villacapelvenere.it\/wp-content\/uploads\/2022\/01\/logo-villa-capelvenere.png\",\"contentUrl\":\"https:\/\/www.villacapelvenere.it\/wp-content\/uploads\/2022\/01\/logo-villa-capelvenere.png\",\"width\":2834,\"height\":746,\"caption\":\"Villa Capelvenere\"},\"image\":{\"@id\":\"https:\/\/www.villacapelvenere.it\/#\/schema\/logo\/image\/\"},\"sameAs\":[\"https:\/\/instagram.com\/villacapelvenere?igshid=YmMyMTA2M2Y\",\"https:\/\/www.facebook.com\/profile.php?id=100083372910744\"]}]}<\/script>\n<!-- \/ Yoast SEO plugin. -->","yoast_head_json":{"title":"Cala Cartoe - Eine Veranda \u00fcber dem Meer - Villa Capelvenere","description":"Die Unterk\u00fcnfte der Villa Capelvenere liegen nicht direkt am Meer, aber die G\u00e4ste genie\u00dfen einen exklusiven Zugang zur Veranda \u00fcber dem Strand Cala Cartoe","robots":{"index":"index","follow":"follow","max-snippet":"max-snippet:-1","max-image-preview":"max-image-preview:large","max-video-preview":"max-video-preview:-1"},"canonical":"https:\/\/www.villacapelvenere.it\/de\/cala-cartoe\/","og_locale":"de_DE","og_type":"article","og_title":"Cala Cartoe - Eine Veranda \u00fcber dem Meer - Villa Capelvenere","og_description":"Die Unterk\u00fcnfte der Villa Capelvenere liegen nicht direkt am Meer, aber die G\u00e4ste genie\u00dfen einen exklusiven Zugang zur Veranda \u00fcber dem Strand Cala Cartoe","og_url":"https:\/\/www.villacapelvenere.it\/de\/cala-cartoe\/","og_site_name":"Villa Capelvenere","article_publisher":"https:\/\/www.facebook.com\/profile.php?id=100083372910744","article_modified_time":"2023-01-11T23:40:22+00:00","og_image":[{"url":"http:\/\/www.villacapelvenere.it\/wp-content\/uploads\/2022\/05\/cartoeIMG_3382-1024x683.jpg"}],"twitter_card":"summary_large_image","twitter_misc":{"Gesch\u00e4tzte Lesezeit":"1\u00a0Minute"},"schema":{"@context":"https:\/\/schema.org","@graph":[{"@type":"WebPage","@id":"https:\/\/www.villacapelvenere.it\/de\/cala-cartoe\/","url":"https:\/\/www.villacapelvenere.it\/de\/cala-cartoe\/","name":"Cala Cartoe - Eine Veranda \u00fcber dem Meer - Villa Capelvenere","isPartOf":{"@id":"https:\/\/www.villacapelvenere.it\/#website"},"datePublished":"2022-01-25T07:38:59+00:00","dateModified":"2023-01-11T23:40:22+00:00","description":"Die Unterk\u00fcnfte der Villa Capelvenere liegen nicht direkt am Meer, aber die G\u00e4ste genie\u00dfen einen exklusiven Zugang zur Veranda \u00fcber dem Strand Cala Cartoe","breadcrumb":{"@id":"https:\/\/www.villacapelvenere.it\/de\/cala-cartoe\/#breadcrumb"},"inLanguage":"de","potentialAction":[{"@type":"ReadAction","target":["https:\/\/www.villacapelvenere.it\/de\/cala-cartoe\/"]}]},{"@type":"BreadcrumbList","@id":"https:\/\/www.villacapelvenere.it\/de\/cala-cartoe\/#breadcrumb","itemListElement":[{"@type":"ListItem","position":1,"name":"Home","item":"https:\/\/www.villacapelvenere.it\/de\/"},{"@type":"ListItem","position":2,"name":"Cala Cartoe &#8211; Eine Veranda \u00fcber dem Meer"}]},{"@type":"WebSite","@id":"https:\/\/www.villacapelvenere.it\/#website","url":"https:\/\/www.villacapelvenere.it\/","name":"Villa Capelvenere","description":"Ville immerse nella natura a due passi dalle pi\u00f9 belle spiagge della Sardegna","publisher":{"@id":"https:\/\/www.villacapelvenere.it\/#organization"},"potentialAction":[{"@type":"SearchAction","target":{"@type":"EntryPoint","urlTemplate":"https:\/\/www.villacapelvenere.it\/?s={search_term_string}"},"query-input":"required name=search_term_string"}],"inLanguage":"de"},{"@type":"Organization","@id":"https:\/\/www.villacapelvenere.it\/#organization","name":"Villa Capelvenere","url":"https:\/\/www.villacapelvenere.it\/","logo":{"@type":"ImageObject","inLanguage":"de","@id":"https:\/\/www.villacapelvenere.it\/#\/schema\/logo\/image\/","url":"https:\/\/www.villacapelvenere.it\/wp-content\/uploads\/2022\/01\/logo-villa-capelvenere.png","contentUrl":"https:\/\/www.villacapelvenere.it\/wp-content\/uploads\/2022\/01\/logo-villa-capelvenere.png","width":2834,"height":746,"caption":"Villa Capelvenere"},"image":{"@id":"https:\/\/www.villacapelvenere.it\/#\/schema\/logo\/image\/"},"sameAs":["https:\/\/instagram.com\/villacapelvenere?igshid=YmMyMTA2M2Y","https:\/\/www.facebook.com\/profile.php?id=100083372910744"]}]}},"_links":{"self":[{"href":"https:\/\/www.villacapelvenere.it\/de\/wp-json\/wp\/v2\/pages\/2058","targetHints":{"allow":["GET"]}}],"collection":[{"href":"https:\/\/www.villacapelvenere.it\/de\/wp-json\/wp\/v2\/pages"}],"about":[{"href":"https:\/\/www.villacapelvenere.it\/de\/wp-json\/wp\/v2\/types\/page"}],"author":[{"embeddable":true,"href":"https:\/\/www.villacapelvenere.it\/de\/wp-json\/wp\/v2\/users\/1"}],"replies":[{"embeddable":true,"href":"https:\/\/www.villacapelvenere.it\/de\/wp-json\/wp\/v2\/comments?post=2058"}],"version-history":[{"count":1,"href":"https:\/\/www.villacapelvenere.it\/de\/wp-json\/wp\/v2\/pages\/2058\/revisions"}],"predecessor-version":[{"id":2060,"href":"https:\/\/www.villacapelvenere.it\/de\/wp-json\/wp\/v2\/pages\/2058\/revisions\/2060"}],"wp:attachment":[{"href":"https:\/\/www.villacapelvenere.it\/de\/wp-json\/wp\/v2\/media?parent=2058"}],"curies":[{"name":"wp","href":"https:\/\/api.w.org\/{rel}","templated":true}]}}